{"id":1484,"date":"2019-07-29T16:21:29","date_gmt":"2019-07-29T14:21:29","guid":{"rendered":"https:\/\/www.eve-rotary.com\/?page_id=1484"},"modified":"2024-11-11T00:26:06","modified_gmt":"2024-11-10T23:26:06","slug":"individuelle-loesungen","status":"publish","type":"page","link":"https:\/\/www.eve-rotary.com\/de\/produkte\/individuelle-loesungen\/","title":{"rendered":"Individuelle L\u00f6sungen"},"content":{"rendered":"\n<div id=\"slider\" class=\"slider-large\" data-timeout=\"5000\">\n  \n\n<div class=\"wp-block-cover is-light is-style-slide\"><span aria-hidden=\"true\" class=\"wp-block-cover__background has-background-dim-0 has-background-dim\"><\/span><img decoding=\"async\" width=\"2560\" height=\"684\" class=\"wp-block-cover__image-background wp-image-11640\" alt=\"\" src=\"https:\/\/www.eve-rotary.com\/wp-content\/uploads\/2020\/05\/Individuelle_Loesungen5-scaled.jpg\" data-object-fit=\"cover\"\/><div class=\"wp-block-cover__inner-container is-layout-constrained wp-block-cover-is-layout-constrained\">\n<h3 class=\"wp-block-heading\">Ma\u00dfgeschneidert.<\/h3>\n\n\n\n<p>Individuelle Schleif- und Polierl\u00f6sungen<\/p>\n<\/div><\/div>\n\n\n<\/div>\n\n\n<div class=\"wp-block-media-text alignfull has-media-on-the-right is-stacked-on-mobile\"><div class=\"wp-block-media-text__content\">\n<h3 class=\"wp-block-heading has-blue-color has-text-color\">Die L\u00f6sung f\u00fcr Ihr Material<\/h3>\n\n\n\n<p>Sie sind ein Materialhersteller und ben\u00f6tigen ein Schleif- und Poliersystem, das perfekt auf die Eigenschaften Ihres Materials abgestimmt ist? Wir entwickeln und produzieren individuelle Instrumente nach Ihrem Bedarf. Dabei deckt unser umfassender Service die gesamte Wertsch\u00f6pfungskette ab, von der Forschung \u00fcber die Entwicklung bis hin zum fertig verpackten und gelabelten Produkt.<\/p>\n<\/div><figure class=\"wp-block-media-text__media\"><img decoding=\"async\" width=\"1024\" height=\"633\" src=\"https:\/\/www.eve-rotary.com\/wp-content\/uploads\/2020\/03\/Individuelle_Loesungen-1024x633.jpg\" alt=\"\" class=\"wp-image-9670 size-full\"\/><\/figure><\/div>\n\n\n\n<div class=\"wp-block-media-text alignfull is-stacked-on-mobile\"><figure class=\"wp-block-media-text__media\"><img decoding=\"async\" width=\"1024\" height=\"682\" src=\"https:\/\/www.eve-rotary.com\/wp-content\/uploads\/2019\/11\/20191107_EVE_production_08-1024x682.jpg\" alt=\"\" class=\"wp-image-8642 size-full\"\/><\/figure><div class=\"wp-block-media-text__content\">\n<h3 class=\"wp-block-heading has-blue-color has-text-color\">Private Labelling<\/h3>\n\n\n\n<p>Sie suchen einen Fertigungsdienstleister? Neben unserer Eigenmarke EVE, stellen wir auf Sie angepasste oder gar neu entwickelte Schleif- und Polierl\u00f6sungen her. Sie erweitern Ihr Sortiment und entscheiden \u00fcber die Eigenschaften, die Optik und das Labelling der Poliersysteme und schonen dabei Ihre eigenen Produktionskapazit\u00e4ten.<\/p>\n<\/div><\/div>\n\n\n\n<p><\/p>\n","protected":false},"excerpt":{"rendered":"<p>Die L\u00f6sung f\u00fcr Ihr Material Sie sind ein Materialhersteller und ben\u00f6tigen ein Schleif- und Poliersystem, das perfekt auf die Eigenschaften Ihres Materials abgestimmt ist? Wir entwickeln und produzieren individuelle Instrumente nach Ihrem Bedarf. Dabei deckt unser umfassender Service die gesamte Wertsch\u00f6pfungskette ab, von der Forschung \u00fcber die Entwicklung bis hin zum fertig verpackten und gelabelten [&hellip;]<\/p>\n","protected":false},"author":1,"featured_media":0,"parent":6,"menu_order":53,"comment_status":"closed","ping_status":"closed","template":"","meta":{"footnotes":""},"class_list":["post-1484","page","type-page","status-publish","hentry"],"yoast_head":"<!-- This site is optimized with the Yoast SEO Premium plugin v24.7 (Yoast SEO v27.2) - https:\/\/yoast.com\/product\/yoast-seo-premium-wordpress\/ -->\n<title>Individuelle L\u00f6sungen - EVE<\/title>\n<meta name=\"description\" content=\"F\u00fcr Materialhersteller und Fertigungsdienstleister entwickeln und produzieren wir Schleif- und Poliersysteme, perfekt auf Ihren Bedarf zugeschnitten.\" \/>\n<meta name=\"robots\" content=\"index, follow, max-snippet:-1, max-image-preview:large, max-video-preview:-1\" \/>\n<link rel=\"canonical\" href=\"https:\/\/www.eve-rotary.com\/de\/produkte\/individuelle-loesungen\/\" \/>\n<meta property=\"og:locale\" content=\"de_DE\" \/>\n<meta property=\"og:type\" content=\"article\" \/>\n<meta property=\"og:title\" content=\"Individuelle L\u00f6sungen\" \/>\n<meta property=\"og:description\" content=\"F\u00fcr Materialhersteller und Fertigungsdienstleister entwickeln und produzieren wir Schleif- und Poliersysteme, perfekt auf Ihren Bedarf zugeschnitten.\" \/>\n<meta property=\"og:url\" content=\"https:\/\/www.eve-rotary.com\/de\/produkte\/individuelle-loesungen\/\" \/>\n<meta property=\"og:site_name\" content=\"EVE\" \/>\n<meta property=\"article:publisher\" content=\"https:\/\/de-de.facebook.com\/EVErotary\/\" \/>\n<meta property=\"article:modified_time\" content=\"2024-11-10T23:26:06+00:00\" \/>\n<meta property=\"og:image\" content=\"https:\/\/www.eve-rotary.com\/wp-content\/uploads\/2020\/05\/Individuelle_Loesungen5-scaled.jpg\" \/>\n\t<meta property=\"og:image:width\" content=\"2560\" \/>\n\t<meta property=\"og:image:height\" content=\"684\" \/>\n\t<meta property=\"og:image:type\" content=\"image\/jpeg\" \/>\n<meta name=\"twitter:card\" content=\"summary_large_image\" \/>\n<meta name=\"twitter:label1\" content=\"Gesch\u00e4tzte Lesezeit\" \/>\n\t<meta name=\"twitter:data1\" content=\"2\u00a0Minuten\" \/>\n<script type=\"application\/ld+json\" class=\"yoast-schema-graph\">{\"@context\":\"https:\/\/schema.org\",\"@graph\":[{\"@type\":\"WebPage\",\"@id\":\"https:\/\/www.eve-rotary.com\/de\/produkte\/individuelle-loesungen\/\",\"url\":\"https:\/\/www.eve-rotary.com\/de\/produkte\/individuelle-loesungen\/\",\"name\":\"Individuelle L\u00f6sungen - EVE\",\"isPartOf\":{\"@id\":\"https:\/\/www.eve-rotary.com\/de\/#website\"},\"primaryImageOfPage\":{\"@id\":\"https:\/\/www.eve-rotary.com\/de\/produkte\/individuelle-loesungen\/#primaryimage\"},\"image\":{\"@id\":\"https:\/\/www.eve-rotary.com\/de\/produkte\/individuelle-loesungen\/#primaryimage\"},\"thumbnailUrl\":\"https:\/\/www.eve-rotary.com\/wp-content\/uploads\/2020\/05\/Individuelle_Loesungen5-scaled.jpg\",\"datePublished\":\"2019-07-29T14:21:29+00:00\",\"dateModified\":\"2024-11-10T23:26:06+00:00\",\"description\":\"F\u00fcr Materialhersteller und Fertigungsdienstleister entwickeln und produzieren wir Schleif- und Poliersysteme, perfekt auf Ihren Bedarf zugeschnitten.\",\"breadcrumb\":{\"@id\":\"https:\/\/www.eve-rotary.com\/de\/produkte\/individuelle-loesungen\/#breadcrumb\"},\"inLanguage\":\"de\",\"potentialAction\":[{\"@type\":\"ReadAction\",\"target\":[\"https:\/\/www.eve-rotary.com\/de\/produkte\/individuelle-loesungen\/\"]}]},{\"@type\":\"ImageObject\",\"inLanguage\":\"de\",\"@id\":\"https:\/\/www.eve-rotary.com\/de\/produkte\/individuelle-loesungen\/#primaryimage\",\"url\":\"https:\/\/www.eve-rotary.com\/wp-content\/uploads\/2020\/05\/Individuelle_Loesungen5-scaled.jpg\",\"contentUrl\":\"https:\/\/www.eve-rotary.com\/wp-content\/uploads\/2020\/05\/Individuelle_Loesungen5-scaled.jpg\"},{\"@type\":\"BreadcrumbList\",\"@id\":\"https:\/\/www.eve-rotary.com\/de\/produkte\/individuelle-loesungen\/#breadcrumb\",\"itemListElement\":[{\"@type\":\"ListItem\",\"position\":1,\"name\":\"Startseite\",\"item\":\"https:\/\/www.eve-rotary.com\/de\/\"},{\"@type\":\"ListItem\",\"position\":2,\"name\":\"Produkte\",\"item\":\"https:\/\/www.eve-rotary.com\/de\/produkte\/\"},{\"@type\":\"ListItem\",\"position\":3,\"name\":\"Individuelle L\u00f6sungen\"}]},{\"@type\":\"WebSite\",\"@id\":\"https:\/\/www.eve-rotary.com\/de\/#website\",\"url\":\"https:\/\/www.eve-rotary.com\/de\/\",\"name\":\"EVE\",\"description\":\"Spezialist f\u00fcr rotierende Schleif- und Polierinstrumente\",\"publisher\":{\"@id\":\"https:\/\/www.eve-rotary.com\/de\/#organization\"},\"potentialAction\":[{\"@type\":\"SearchAction\",\"target\":{\"@type\":\"EntryPoint\",\"urlTemplate\":\"https:\/\/www.eve-rotary.com\/de\/?s={search_term_string}\"},\"query-input\":{\"@type\":\"PropertyValueSpecification\",\"valueRequired\":true,\"valueName\":\"search_term_string\"}}],\"inLanguage\":\"de\"},{\"@type\":\"Organization\",\"@id\":\"https:\/\/www.eve-rotary.com\/de\/#organization\",\"name\":\"EVE Ernst Vetter GmbH\",\"url\":\"https:\/\/www.eve-rotary.com\/de\/\",\"logo\":{\"@type\":\"ImageObject\",\"inLanguage\":\"de\",\"@id\":\"https:\/\/www.eve-rotary.com\/de\/#\/schema\/logo\/image\/\",\"url\":\"https:\/\/www.eve-rotary.com\/wp-content\/uploads\/2019\/08\/eve-rotary-logo.png\",\"contentUrl\":\"https:\/\/www.eve-rotary.com\/wp-content\/uploads\/2019\/08\/eve-rotary-logo.png\",\"width\":285,\"height\":166,\"caption\":\"EVE Ernst Vetter GmbH\"},\"image\":{\"@id\":\"https:\/\/www.eve-rotary.com\/de\/#\/schema\/logo\/image\/\"},\"sameAs\":[\"https:\/\/de-de.facebook.com\/EVErotary\/\",\"https:\/\/www.instagram.com\/eve_rotary\/\",\"https:\/\/www.youtube.com\/channel\/UCxVbeAk5H2U6YrPME5KC_gg\"]}]}<\/script>\n<!-- \/ Yoast SEO Premium plugin. -->","yoast_head_json":{"title":"Individuelle L\u00f6sungen - EVE","description":"F\u00fcr Materialhersteller und Fertigungsdienstleister entwickeln und produzieren wir Schleif- und Poliersysteme, perfekt auf Ihren Bedarf zugeschnitten.","robots":{"index":"index","follow":"follow","max-snippet":"max-snippet:-1","max-image-preview":"max-image-preview:large","max-video-preview":"max-video-preview:-1"},"canonical":"https:\/\/www.eve-rotary.com\/de\/produkte\/individuelle-loesungen\/","og_locale":"de_DE","og_type":"article","og_title":"Individuelle L\u00f6sungen","og_description":"F\u00fcr Materialhersteller und Fertigungsdienstleister entwickeln und produzieren wir Schleif- und Poliersysteme, perfekt auf Ihren Bedarf zugeschnitten.","og_url":"https:\/\/www.eve-rotary.com\/de\/produkte\/individuelle-loesungen\/","og_site_name":"EVE","article_publisher":"https:\/\/de-de.facebook.com\/EVErotary\/","article_modified_time":"2024-11-10T23:26:06+00:00","og_image":[{"width":2560,"height":684,"url":"https:\/\/www.eve-rotary.com\/wp-content\/uploads\/2020\/05\/Individuelle_Loesungen5-scaled.jpg","type":"image\/jpeg"}],"twitter_card":"summary_large_image","twitter_misc":{"Gesch\u00e4tzte Lesezeit":"2\u00a0Minuten"},"schema":{"@context":"https:\/\/schema.org","@graph":[{"@type":"WebPage","@id":"https:\/\/www.eve-rotary.com\/de\/produkte\/individuelle-loesungen\/","url":"https:\/\/www.eve-rotary.com\/de\/produkte\/individuelle-loesungen\/","name":"Individuelle L\u00f6sungen - EVE","isPartOf":{"@id":"https:\/\/www.eve-rotary.com\/de\/#website"},"primaryImageOfPage":{"@id":"https:\/\/www.eve-rotary.com\/de\/produkte\/individuelle-loesungen\/#primaryimage"},"image":{"@id":"https:\/\/www.eve-rotary.com\/de\/produkte\/individuelle-loesungen\/#primaryimage"},"thumbnailUrl":"https:\/\/www.eve-rotary.com\/wp-content\/uploads\/2020\/05\/Individuelle_Loesungen5-scaled.jpg","datePublished":"2019-07-29T14:21:29+00:00","dateModified":"2024-11-10T23:26:06+00:00","description":"F\u00fcr Materialhersteller und Fertigungsdienstleister entwickeln und produzieren wir Schleif- und Poliersysteme, perfekt auf Ihren Bedarf zugeschnitten.","breadcrumb":{"@id":"https:\/\/www.eve-rotary.com\/de\/produkte\/individuelle-loesungen\/#breadcrumb"},"inLanguage":"de","potentialAction":[{"@type":"ReadAction","target":["https:\/\/www.eve-rotary.com\/de\/produkte\/individuelle-loesungen\/"]}]},{"@type":"ImageObject","inLanguage":"de","@id":"https:\/\/www.eve-rotary.com\/de\/produkte\/individuelle-loesungen\/#primaryimage","url":"https:\/\/www.eve-rotary.com\/wp-content\/uploads\/2020\/05\/Individuelle_Loesungen5-scaled.jpg","contentUrl":"https:\/\/www.eve-rotary.com\/wp-content\/uploads\/2020\/05\/Individuelle_Loesungen5-scaled.jpg"},{"@type":"BreadcrumbList","@id":"https:\/\/www.eve-rotary.com\/de\/produkte\/individuelle-loesungen\/#breadcrumb","itemListElement":[{"@type":"ListItem","position":1,"name":"Startseite","item":"https:\/\/www.eve-rotary.com\/de\/"},{"@type":"ListItem","position":2,"name":"Produkte","item":"https:\/\/www.eve-rotary.com\/de\/produkte\/"},{"@type":"ListItem","position":3,"name":"Individuelle L\u00f6sungen"}]},{"@type":"WebSite","@id":"https:\/\/www.eve-rotary.com\/de\/#website","url":"https:\/\/www.eve-rotary.com\/de\/","name":"EVE","description":"Spezialist f\u00fcr rotierende Schleif- und Polierinstrumente","publisher":{"@id":"https:\/\/www.eve-rotary.com\/de\/#organization"},"potentialAction":[{"@type":"SearchAction","target":{"@type":"EntryPoint","urlTemplate":"https:\/\/www.eve-rotary.com\/de\/?s={search_term_string}"},"query-input":{"@type":"PropertyValueSpecification","valueRequired":true,"valueName":"search_term_string"}}],"inLanguage":"de"},{"@type":"Organization","@id":"https:\/\/www.eve-rotary.com\/de\/#organization","name":"EVE Ernst Vetter GmbH","url":"https:\/\/www.eve-rotary.com\/de\/","logo":{"@type":"ImageObject","inLanguage":"de","@id":"https:\/\/www.eve-rotary.com\/de\/#\/schema\/logo\/image\/","url":"https:\/\/www.eve-rotary.com\/wp-content\/uploads\/2019\/08\/eve-rotary-logo.png","contentUrl":"https:\/\/www.eve-rotary.com\/wp-content\/uploads\/2019\/08\/eve-rotary-logo.png","width":285,"height":166,"caption":"EVE Ernst Vetter GmbH"},"image":{"@id":"https:\/\/www.eve-rotary.com\/de\/#\/schema\/logo\/image\/"},"sameAs":["https:\/\/de-de.facebook.com\/EVErotary\/","https:\/\/www.instagram.com\/eve_rotary\/","https:\/\/www.youtube.com\/channel\/UCxVbeAk5H2U6YrPME5KC_gg"]}]}},"_links":{"self":[{"href":"https:\/\/www.eve-rotary.com\/de\/wp-json\/wp\/v2\/pages\/1484","targetHints":{"allow":["GET"]}}],"collection":[{"href":"https:\/\/www.eve-rotary.com\/de\/wp-json\/wp\/v2\/pages"}],"about":[{"href":"https:\/\/www.eve-rotary.com\/de\/wp-json\/wp\/v2\/types\/page"}],"author":[{"embeddable":true,"href":"https:\/\/www.eve-rotary.com\/de\/wp-json\/wp\/v2\/users\/1"}],"replies":[{"embeddable":true,"href":"https:\/\/www.eve-rotary.com\/de\/wp-json\/wp\/v2\/comments?post=1484"}],"version-history":[{"count":2,"href":"https:\/\/www.eve-rotary.com\/de\/wp-json\/wp\/v2\/pages\/1484\/revisions"}],"predecessor-version":[{"id":14981,"href":"https:\/\/www.eve-rotary.com\/de\/wp-json\/wp\/v2\/pages\/1484\/revisions\/14981"}],"up":[{"embeddable":true,"href":"https:\/\/www.eve-rotary.com\/de\/wp-json\/wp\/v2\/pages\/6"}],"wp:attachment":[{"href":"https:\/\/www.eve-rotary.com\/de\/wp-json\/wp\/v2\/media?parent=1484"}],"curies":[{"name":"wp","href":"https:\/\/api.w.org\/{rel}","templated":true}]}}