{"id":19,"date":"2018-12-21T11:00:57","date_gmt":"2018-12-21T10:00:57","guid":{"rendered":"http:\/\/localhost\/eve\/?page_id=19"},"modified":"2025-08-07T09:24:38","modified_gmt":"2025-08-07T07:24:38","slug":"impressum","status":"publish","type":"page","link":"https:\/\/www.eve-rotary.com\/de\/impressum\/","title":{"rendered":"Impressum"},"content":{"rendered":"\n<div class=\"wp-block-group\"><div class=\"wp-block-group__inner-container is-layout-flow wp-block-group-is-layout-flow\">\n<h1 class=\"wp-block-heading has-blue-color has-text-color\" id=\"h-impressum\">Impressum<\/h1>\n\n\n\n<p><strong>EVE Ernst Vetter GmbH<\/strong><br>Neureutstr. 6<br>75210 Keltern<\/p>\n\n\n\n<p>Tel.: +49 7231 97 77-0<br>Fax: +49 7231 97 77-99<\/p>\n\n\n<a href=\"mailto:&#105;&#110;f&#111;&#64;&#101;v&#101;-r&#111;t&#97;&#114;&#121;&#46;&#99;&#111;&#109;\" class=\"mailto\">&#105;&#110;f&#111;&#64;&#101;v&#101;-r&#111;t&#97;&#114;&#121;&#46;&#99;&#111;&#109;<\/a>\n\n\n\n<p>Gesch\u00e4ftsf\u00fchrer: Dennis Vetter, Mathias Junesch<\/p>\n\n\n\n<p>HRB 502717 &#8211; Amtsgericht Mannheim<br>Zust\u00e4ndige Kammer: IHK Nordschwarzwald<\/p>\n\n\n\n<p>USt.-IdNr.: DE 192465622<\/p>\n\n\n\n<h2 class=\"wp-block-heading has-blue-color has-text-color\" id=\"h-disclaimer\">Disclaimer<\/h2>\n\n\n\n<h3 class=\"wp-block-heading\" id=\"h-1-haftung-fur-inhalte\">1. Haftung f\u00fcr Inhalte<\/h3>\n\n\n\n<p>Als Diensteanbieter sind wir gem\u00e4\u00df \u00a7 7 Abs.1 TMG f\u00fcr eigene Inhalte auf diesen Seiten nach den allgemeinen Gesetzen verantwortlich. Nach \u00a7\u00a7 8 bis 10 TMG sind wir als Diensteanbieter jedoch nicht verpflichtet, \u00fcbermittelte oder gespeicherte fremde Informationen zu \u00fcberwachen oder nach Umst\u00e4nden zu forschen, die auf eine rechtswidrige T\u00e4tigkeit hinweisen.<\/p>\n\n\n\n<p>Verpflichtungen zur Entfernung oder Sperrung der Nutzung von Informationen nach den allgemeinen Gesetzen bleiben hiervon unber\u00fchrt. Eine diesbez\u00fcgliche Haftung ist jedoch erst ab dem Zeitpunkt der Kenntnis einer konkreten Rechtsverletzung m\u00f6glich. Bei Bekanntwerden von entsprechenden Rechtsverletzungen werden wir diese Inhalte umgehend entfernen.<\/p>\n\n\n\n<h3 class=\"wp-block-heading\" id=\"h-2-haftung-fur-links\">2. Haftung f\u00fcr Links<\/h3>\n\n\n\n<p>Unser Angebot enth\u00e4lt Links zu externen Webseiten Dritter, auf deren Inhalte wir keinen Einfluss haben. Deshalb k\u00f6nnen wir f\u00fcr diese fremden Inhalte auch keine Gew\u00e4hr \u00fcbernehmen. F\u00fcr die Inhalte der verlinkten Seiten ist stets der jeweilige Anbieter oder Betreiber der Seiten verantwortlich. Die verlinkten Seiten wurden zum Zeitpunkt der Verlinkung auf m\u00f6gliche Rechtsverst\u00f6\u00dfe \u00fcberpr\u00fcft. Rechtwidrige Inhalte waren zum Zeitpunkt der Verlinkung nicht erkennbar.<\/p>\n\n\n\n<p>Eine permanente inhaltliche Kontrolle der verlinkten Seiten ist jedoch ohne konkrete Anhaltspunkte einer Rechtsverletzung nicht zumutbar. Bei Bekanntwerden von Rechtsverletzungen werden wir derartige Links umgehend entfernen.<\/p>\n\n\n\n<h3 class=\"wp-block-heading\" id=\"h-3-urheberrecht\">3. Urheberrecht<\/h3>\n\n\n\n<p>Die durch den Seitenbetreiber erstellten Inhalte und Werke auf diesen Seiten unterliegen dem deutschen Urheberrecht. Die Vervielf\u00e4ltigung, Bearbeitung, Verbreitung und jede Art der Verwertung au\u00dferhalb der Grenzen des Urheberrechtes bed\u00fcrfen der schriftlichen Zustimmung des jeweiligen Autors bzw. Erstellers. Downloads und Kopien dieser Seite sind nur f\u00fcr den privaten, nicht f\u00fcr den kommerziellen Gebrauch gestattet.<\/p>\n\n\n\n<p>Soweit die Inhalte auf dieser Seite nicht vom Betreiber erstellt wurden, werden die Urheberrechte Dritter beachtet. Insbesondere werden Inhalte Dritter als solche gekennzeichnet. Sollten Sie trotzdem auf eine Urheberrechtsverletzung aufmerksam werden, bitten wir um einen entsprechenden Hinweis. Bei Bekanntwerden von Rechtsverletzungen werden wir derartige Inhalte umgehend entfernen.<\/p>\n<\/div><\/div>\n","protected":false},"excerpt":{"rendered":"<p>Impressum EVE Ernst Vetter GmbHNeureutstr. 675210 Keltern Tel.: +49 7231 97 77-0Fax: +49 7231 97 77-99 Gesch\u00e4ftsf\u00fchrer: Dennis Vetter, Mathias Junesch HRB 502717 &#8211; Amtsgericht MannheimZust\u00e4ndige Kammer: IHK Nordschwarzwald USt.-IdNr.: DE 192465622 Disclaimer 1. Haftung f\u00fcr Inhalte Als Diensteanbieter sind wir gem\u00e4\u00df \u00a7 7 Abs.1 TMG f\u00fcr eigene Inhalte auf diesen Seiten nach den allgemeinen [&hellip;]<\/p>\n","protected":false},"author":1,"featured_media":0,"parent":0,"menu_order":46,"comment_status":"closed","ping_status":"closed","template":"","meta":{"footnotes":""},"class_list":["post-19","page","type-page","status-publish","hentry"],"yoast_head":"<!-- This site is optimized with the Yoast SEO Premium plugin v24.7 (Yoast SEO v27.4) - https:\/\/yoast.com\/product\/yoast-seo-premium-wordpress\/ -->\n<title>Impressum - EVE<\/title>\n<meta name=\"description\" content=\"EVE Ernst Vetter GmbH, Neureutstr. 6, 75210 Keltern, Tel.: +49 7231 97 77-0, Fax: +49 7231 97 77-99, info@eve-rotary.com, Gesch\u00e4ftsf\u00fchrer: Dennis Vetter, Mathias Junesch\" \/>\n<meta name=\"robots\" content=\"index, follow, max-snippet:-1, max-image-preview:large, max-video-preview:-1\" \/>\n<link rel=\"canonical\" href=\"https:\/\/www.eve-rotary.com\/de\/impressum\/\" \/>\n<meta property=\"og:locale\" content=\"de_DE\" \/>\n<meta property=\"og:type\" content=\"article\" \/>\n<meta property=\"og:title\" content=\"Impressum\" \/>\n<meta property=\"og:description\" content=\"EVE Ernst Vetter GmbH, Neureutstr. 6, 75210 Keltern, Tel.: +49 7231 97 77-0, Fax: +49 7231 97 77-99, info@eve-rotary.com, Gesch\u00e4ftsf\u00fchrer: Dennis Vetter, Mathias Junesch\" \/>\n<meta property=\"og:url\" content=\"https:\/\/www.eve-rotary.com\/de\/impressum\/\" \/>\n<meta property=\"og:site_name\" content=\"EVE\" \/>\n<meta property=\"article:publisher\" content=\"https:\/\/de-de.facebook.com\/EVErotary\/\" \/>\n<meta property=\"article:modified_time\" content=\"2025-08-07T07:24:38+00:00\" \/>\n<meta name=\"twitter:card\" content=\"summary_large_image\" \/>\n<meta name=\"twitter:label1\" content=\"Gesch\u00e4tzte Lesezeit\" \/>\n\t<meta name=\"twitter:data1\" content=\"2\u00a0Minuten\" \/>\n<script type=\"application\/ld+json\" class=\"yoast-schema-graph\">{\"@context\":\"https:\\\/\\\/schema.org\",\"@graph\":[{\"@type\":\"WebPage\",\"@id\":\"https:\\\/\\\/www.eve-rotary.com\\\/de\\\/impressum\\\/\",\"url\":\"https:\\\/\\\/www.eve-rotary.com\\\/de\\\/impressum\\\/\",\"name\":\"Impressum - EVE\",\"isPartOf\":{\"@id\":\"https:\\\/\\\/www.eve-rotary.com\\\/de\\\/#website\"},\"datePublished\":\"2018-12-21T10:00:57+00:00\",\"dateModified\":\"2025-08-07T07:24:38+00:00\",\"description\":\"EVE Ernst Vetter GmbH, Neureutstr. 6, 75210 Keltern, Tel.: +49 7231 97 77-0, Fax: +49 7231 97 77-99, info@eve-rotary.com, Gesch\u00e4ftsf\u00fchrer: Dennis Vetter, Mathias Junesch\",\"breadcrumb\":{\"@id\":\"https:\\\/\\\/www.eve-rotary.com\\\/de\\\/impressum\\\/#breadcrumb\"},\"inLanguage\":\"de\",\"potentialAction\":[{\"@type\":\"ReadAction\",\"target\":[\"https:\\\/\\\/www.eve-rotary.com\\\/de\\\/impressum\\\/\"]}]},{\"@type\":\"BreadcrumbList\",\"@id\":\"https:\\\/\\\/www.eve-rotary.com\\\/de\\\/impressum\\\/#breadcrumb\",\"itemListElement\":[{\"@type\":\"ListItem\",\"position\":1,\"name\":\"Startseite\",\"item\":\"https:\\\/\\\/www.eve-rotary.com\\\/de\\\/\"},{\"@type\":\"ListItem\",\"position\":2,\"name\":\"Impressum\"}]},{\"@type\":\"WebSite\",\"@id\":\"https:\\\/\\\/www.eve-rotary.com\\\/de\\\/#website\",\"url\":\"https:\\\/\\\/www.eve-rotary.com\\\/de\\\/\",\"name\":\"EVE\",\"description\":\"Spezialist f\u00fcr rotierende Schleif- und Polierinstrumente\",\"publisher\":{\"@id\":\"https:\\\/\\\/www.eve-rotary.com\\\/de\\\/#organization\"},\"potentialAction\":[{\"@type\":\"SearchAction\",\"target\":{\"@type\":\"EntryPoint\",\"urlTemplate\":\"https:\\\/\\\/www.eve-rotary.com\\\/de\\\/?s={search_term_string}\"},\"query-input\":{\"@type\":\"PropertyValueSpecification\",\"valueRequired\":true,\"valueName\":\"search_term_string\"}}],\"inLanguage\":\"de\"},{\"@type\":\"Organization\",\"@id\":\"https:\\\/\\\/www.eve-rotary.com\\\/de\\\/#organization\",\"name\":\"EVE Ernst Vetter GmbH\",\"url\":\"https:\\\/\\\/www.eve-rotary.com\\\/de\\\/\",\"logo\":{\"@type\":\"ImageObject\",\"inLanguage\":\"de\",\"@id\":\"https:\\\/\\\/www.eve-rotary.com\\\/de\\\/#\\\/schema\\\/logo\\\/image\\\/\",\"url\":\"https:\\\/\\\/www.eve-rotary.com\\\/wp-content\\\/uploads\\\/2019\\\/08\\\/eve-rotary-logo.png\",\"contentUrl\":\"https:\\\/\\\/www.eve-rotary.com\\\/wp-content\\\/uploads\\\/2019\\\/08\\\/eve-rotary-logo.png\",\"width\":285,\"height\":166,\"caption\":\"EVE Ernst Vetter GmbH\"},\"image\":{\"@id\":\"https:\\\/\\\/www.eve-rotary.com\\\/de\\\/#\\\/schema\\\/logo\\\/image\\\/\"},\"sameAs\":[\"https:\\\/\\\/de-de.facebook.com\\\/EVErotary\\\/\",\"https:\\\/\\\/www.instagram.com\\\/eve_rotary\\\/\",\"https:\\\/\\\/www.youtube.com\\\/channel\\\/UCxVbeAk5H2U6YrPME5KC_gg\"]}]}<\/script>\n<!-- \/ Yoast SEO Premium plugin. -->","yoast_head_json":{"title":"Impressum - EVE","description":"EVE Ernst Vetter GmbH, Neureutstr. 6, 75210 Keltern, Tel.: +49 7231 97 77-0, Fax: +49 7231 97 77-99, info@eve-rotary.com, Gesch\u00e4ftsf\u00fchrer: Dennis Vetter, Mathias Junesch","robots":{"index":"index","follow":"follow","max-snippet":"max-snippet:-1","max-image-preview":"max-image-preview:large","max-video-preview":"max-video-preview:-1"},"canonical":"https:\/\/www.eve-rotary.com\/de\/impressum\/","og_locale":"de_DE","og_type":"article","og_title":"Impressum","og_description":"EVE Ernst Vetter GmbH, Neureutstr. 6, 75210 Keltern, Tel.: +49 7231 97 77-0, Fax: +49 7231 97 77-99, info@eve-rotary.com, Gesch\u00e4ftsf\u00fchrer: Dennis Vetter, Mathias Junesch","og_url":"https:\/\/www.eve-rotary.com\/de\/impressum\/","og_site_name":"EVE","article_publisher":"https:\/\/de-de.facebook.com\/EVErotary\/","article_modified_time":"2025-08-07T07:24:38+00:00","twitter_card":"summary_large_image","twitter_misc":{"Gesch\u00e4tzte Lesezeit":"2\u00a0Minuten"},"schema":{"@context":"https:\/\/schema.org","@graph":[{"@type":"WebPage","@id":"https:\/\/www.eve-rotary.com\/de\/impressum\/","url":"https:\/\/www.eve-rotary.com\/de\/impressum\/","name":"Impressum - EVE","isPartOf":{"@id":"https:\/\/www.eve-rotary.com\/de\/#website"},"datePublished":"2018-12-21T10:00:57+00:00","dateModified":"2025-08-07T07:24:38+00:00","description":"EVE Ernst Vetter GmbH, Neureutstr. 6, 75210 Keltern, Tel.: +49 7231 97 77-0, Fax: +49 7231 97 77-99, info@eve-rotary.com, Gesch\u00e4ftsf\u00fchrer: Dennis Vetter, Mathias Junesch","breadcrumb":{"@id":"https:\/\/www.eve-rotary.com\/de\/impressum\/#breadcrumb"},"inLanguage":"de","potentialAction":[{"@type":"ReadAction","target":["https:\/\/www.eve-rotary.com\/de\/impressum\/"]}]},{"@type":"BreadcrumbList","@id":"https:\/\/www.eve-rotary.com\/de\/impressum\/#breadcrumb","itemListElement":[{"@type":"ListItem","position":1,"name":"Startseite","item":"https:\/\/www.eve-rotary.com\/de\/"},{"@type":"ListItem","position":2,"name":"Impressum"}]},{"@type":"WebSite","@id":"https:\/\/www.eve-rotary.com\/de\/#website","url":"https:\/\/www.eve-rotary.com\/de\/","name":"EVE","description":"Spezialist f\u00fcr rotierende Schleif- und Polierinstrumente","publisher":{"@id":"https:\/\/www.eve-rotary.com\/de\/#organization"},"potentialAction":[{"@type":"SearchAction","target":{"@type":"EntryPoint","urlTemplate":"https:\/\/www.eve-rotary.com\/de\/?s={search_term_string}"},"query-input":{"@type":"PropertyValueSpecification","valueRequired":true,"valueName":"search_term_string"}}],"inLanguage":"de"},{"@type":"Organization","@id":"https:\/\/www.eve-rotary.com\/de\/#organization","name":"EVE Ernst Vetter GmbH","url":"https:\/\/www.eve-rotary.com\/de\/","logo":{"@type":"ImageObject","inLanguage":"de","@id":"https:\/\/www.eve-rotary.com\/de\/#\/schema\/logo\/image\/","url":"https:\/\/www.eve-rotary.com\/wp-content\/uploads\/2019\/08\/eve-rotary-logo.png","contentUrl":"https:\/\/www.eve-rotary.com\/wp-content\/uploads\/2019\/08\/eve-rotary-logo.png","width":285,"height":166,"caption":"EVE Ernst Vetter GmbH"},"image":{"@id":"https:\/\/www.eve-rotary.com\/de\/#\/schema\/logo\/image\/"},"sameAs":["https:\/\/de-de.facebook.com\/EVErotary\/","https:\/\/www.instagram.com\/eve_rotary\/","https:\/\/www.youtube.com\/channel\/UCxVbeAk5H2U6YrPME5KC_gg"]}]}},"_links":{"self":[{"href":"https:\/\/www.eve-rotary.com\/de\/wp-json\/wp\/v2\/pages\/19","targetHints":{"allow":["GET"]}}],"collection":[{"href":"https:\/\/www.eve-rotary.com\/de\/wp-json\/wp\/v2\/pages"}],"about":[{"href":"https:\/\/www.eve-rotary.com\/de\/wp-json\/wp\/v2\/types\/page"}],"author":[{"embeddable":true,"href":"https:\/\/www.eve-rotary.com\/de\/wp-json\/wp\/v2\/users\/1"}],"replies":[{"embeddable":true,"href":"https:\/\/www.eve-rotary.com\/de\/wp-json\/wp\/v2\/comments?post=19"}],"version-history":[{"count":3,"href":"https:\/\/www.eve-rotary.com\/de\/wp-json\/wp\/v2\/pages\/19\/revisions"}],"predecessor-version":[{"id":15794,"href":"https:\/\/www.eve-rotary.com\/de\/wp-json\/wp\/v2\/pages\/19\/revisions\/15794"}],"wp:attachment":[{"href":"https:\/\/www.eve-rotary.com\/de\/wp-json\/wp\/v2\/media?parent=19"}],"curies":[{"name":"wp","href":"https:\/\/api.w.org\/{rel}","templated":true}]}}