{"id":190,"date":"2019-01-25T18:06:52","date_gmt":"2019-01-25T17:06:52","guid":{"rendered":"https:\/\/www.eve-rotary.com\/?page_id=190"},"modified":"2024-11-11T00:32:40","modified_gmt":"2024-11-10T23:32:40","slug":"chronik","status":"publish","type":"page","link":"https:\/\/www.eve-rotary.com\/de\/unternehmen\/chronik\/","title":{"rendered":"Chronik"},"content":{"rendered":"\n<div id=\"slider\" class=\"slider-large\" data-timeout=\"5000\">\n  \n\n<div class=\"wp-block-cover is-light is-style-slide\"><span aria-hidden=\"true\" class=\"wp-block-cover__background has-background-dim-0 has-background-dim\"><\/span><img decoding=\"async\" width=\"2560\" height=\"1676\" class=\"wp-block-cover__image-background wp-image-9360\" alt=\"\" src=\"https:\/\/www.eve-rotary.com\/wp-content\/uploads\/2020\/01\/Zahnfabrik_Ernst_Vetter5-scaled.jpg\" data-object-fit=\"cover\"\/><div class=\"wp-block-cover__inner-container is-layout-constrained wp-block-cover-is-layout-constrained\">\n<h3 class=\"wp-block-heading\">Zur\u00fcckblicken.<\/h3>\n\n\n\n<p>Die EVE Firmengeschichte<\/p>\n<\/div><\/div>\n\n\n<\/div>\n\n\n<div class=\"wp-block-group\"><div class=\"wp-block-group__inner-container is-layout-flow wp-block-group-is-layout-flow\">\n<h1 class=\"wp-block-heading has-blue-color has-text-color\">Chronik<\/h1>\n<\/div><\/div>\n\n\n\n<div class=\"wp-block-columns has-2-columns is-layout-flex wp-container-core-columns-is-layout-9d6595d7 wp-block-columns-is-layout-flex\">\n<div class=\"wp-block-column is-layout-flow wp-block-column-is-layout-flow\">\n<p>EVE blickt stolz auf eine lange Firmengeschichte mit einer Vielzahl von Innovationen und Produktentwicklungen zur\u00fcck. Kompetenzfelder wurden erkannt, Wachstumsm\u00f6glichkeiten genutzt. Zeitgem\u00e4\u00dfe Ver\u00e4nderungen haben das Unternehmen zu dem gemacht, was es heute ist: <\/p>\n<\/div>\n\n\n\n<div class=\"wp-block-column is-layout-flow wp-block-column-is-layout-flow\">\n<p>Ein erfahrener Partner f\u00fcr Produktl\u00f6sungen verschiedener Branchen in der Gegenwart und Zukunft. Trotz wechselhafter Entwicklung ist die Firma ein Familienunternehmen geblieben, das danach strebt, Traditionen nicht nur zu erhalten, sondern auch neue zu schaffen.  <\/p>\n<\/div>\n<\/div>\n\n\n\n<p><\/p>\n","protected":false},"excerpt":{"rendered":"<p>Chronik EVE blickt stolz auf eine lange Firmengeschichte mit einer Vielzahl von Innovationen und Produktentwicklungen zur\u00fcck. Kompetenzfelder wurden erkannt, Wachstumsm\u00f6glichkeiten genutzt. Zeitgem\u00e4\u00dfe Ver\u00e4nderungen haben das Unternehmen zu dem gemacht, was es heute ist: Ein erfahrener Partner f\u00fcr Produktl\u00f6sungen verschiedener Branchen in der Gegenwart und Zukunft. Trotz wechselhafter Entwicklung ist die Firma ein Familienunternehmen geblieben, das [&hellip;]<\/p>\n","protected":false},"author":1,"featured_media":0,"parent":82,"menu_order":68,"comment_status":"closed","ping_status":"closed","template":"page-history.php","meta":{"footnotes":""},"class_list":["post-190","page","type-page","status-publish","hentry"],"yoast_head":"<!-- This site is optimized with the Yoast SEO Premium plugin v24.7 (Yoast SEO v27.4) - https:\/\/yoast.com\/product\/yoast-seo-premium-wordpress\/ -->\n<title>Chronik - EVE<\/title>\n<meta name=\"description\" content=\"EVE blickt stolz auf eine lange Firmengeschichte mit einer Vielzahl von Innovationen und Produktentwicklungen zur\u00fcck. Sie beginnt 1889 mit Ernst Vetter.\" \/>\n<meta name=\"robots\" content=\"index, follow, max-snippet:-1, max-image-preview:large, max-video-preview:-1\" \/>\n<link rel=\"canonical\" href=\"https:\/\/www.eve-rotary.com\/de\/unternehmen\/chronik\/\" \/>\n<meta property=\"og:locale\" content=\"de_DE\" \/>\n<meta property=\"og:type\" content=\"article\" \/>\n<meta property=\"og:title\" content=\"Chronik\" \/>\n<meta property=\"og:description\" content=\"EVE blickt stolz auf eine lange Firmengeschichte mit einer Vielzahl von Innovationen und Produktentwicklungen zur\u00fcck. Sie beginnt 1889 mit Ernst Vetter.\" \/>\n<meta property=\"og:url\" content=\"https:\/\/www.eve-rotary.com\/de\/unternehmen\/chronik\/\" \/>\n<meta property=\"og:site_name\" content=\"EVE\" \/>\n<meta property=\"article:publisher\" content=\"https:\/\/de-de.facebook.com\/EVErotary\/\" \/>\n<meta property=\"article:modified_time\" content=\"2024-11-10T23:32:40+00:00\" \/>\n<meta property=\"og:image\" content=\"https:\/\/www.eve-rotary.com\/wp-content\/uploads\/2020\/01\/Zahnfabrik_Ernst_Vetter5-scaled.jpg\" \/>\n\t<meta property=\"og:image:width\" content=\"2560\" \/>\n\t<meta property=\"og:image:height\" content=\"1676\" \/>\n\t<meta property=\"og:image:type\" content=\"image\/jpeg\" \/>\n<meta name=\"twitter:card\" content=\"summary_large_image\" \/>\n<meta name=\"twitter:label1\" content=\"Gesch\u00e4tzte Lesezeit\" \/>\n\t<meta name=\"twitter:data1\" content=\"1\u00a0Minute\" \/>\n<script type=\"application\/ld+json\" class=\"yoast-schema-graph\">{\"@context\":\"https:\\\/\\\/schema.org\",\"@graph\":[{\"@type\":\"WebPage\",\"@id\":\"https:\\\/\\\/www.eve-rotary.com\\\/de\\\/unternehmen\\\/chronik\\\/\",\"url\":\"https:\\\/\\\/www.eve-rotary.com\\\/de\\\/unternehmen\\\/chronik\\\/\",\"name\":\"Chronik - EVE\",\"isPartOf\":{\"@id\":\"https:\\\/\\\/www.eve-rotary.com\\\/de\\\/#website\"},\"primaryImageOfPage\":{\"@id\":\"https:\\\/\\\/www.eve-rotary.com\\\/de\\\/unternehmen\\\/chronik\\\/#primaryimage\"},\"image\":{\"@id\":\"https:\\\/\\\/www.eve-rotary.com\\\/de\\\/unternehmen\\\/chronik\\\/#primaryimage\"},\"thumbnailUrl\":\"https:\\\/\\\/www.eve-rotary.com\\\/wp-content\\\/uploads\\\/2020\\\/01\\\/Zahnfabrik_Ernst_Vetter5-scaled.jpg\",\"datePublished\":\"2019-01-25T17:06:52+00:00\",\"dateModified\":\"2024-11-10T23:32:40+00:00\",\"description\":\"EVE blickt stolz auf eine lange Firmengeschichte mit einer Vielzahl von Innovationen und Produktentwicklungen zur\u00fcck. Sie beginnt 1889 mit Ernst Vetter.\",\"breadcrumb\":{\"@id\":\"https:\\\/\\\/www.eve-rotary.com\\\/de\\\/unternehmen\\\/chronik\\\/#breadcrumb\"},\"inLanguage\":\"de\",\"potentialAction\":[{\"@type\":\"ReadAction\",\"target\":[\"https:\\\/\\\/www.eve-rotary.com\\\/de\\\/unternehmen\\\/chronik\\\/\"]}]},{\"@type\":\"ImageObject\",\"inLanguage\":\"de\",\"@id\":\"https:\\\/\\\/www.eve-rotary.com\\\/de\\\/unternehmen\\\/chronik\\\/#primaryimage\",\"url\":\"https:\\\/\\\/www.eve-rotary.com\\\/wp-content\\\/uploads\\\/2020\\\/01\\\/Zahnfabrik_Ernst_Vetter5-scaled.jpg\",\"contentUrl\":\"https:\\\/\\\/www.eve-rotary.com\\\/wp-content\\\/uploads\\\/2020\\\/01\\\/Zahnfabrik_Ernst_Vetter5-scaled.jpg\"},{\"@type\":\"BreadcrumbList\",\"@id\":\"https:\\\/\\\/www.eve-rotary.com\\\/de\\\/unternehmen\\\/chronik\\\/#breadcrumb\",\"itemListElement\":[{\"@type\":\"ListItem\",\"position\":1,\"name\":\"Startseite\",\"item\":\"https:\\\/\\\/www.eve-rotary.com\\\/de\\\/\"},{\"@type\":\"ListItem\",\"position\":2,\"name\":\"Unternehmen\",\"item\":\"https:\\\/\\\/www.eve-rotary.com\\\/de\\\/unternehmen\\\/\"},{\"@type\":\"ListItem\",\"position\":3,\"name\":\"Chronik\"}]},{\"@type\":\"WebSite\",\"@id\":\"https:\\\/\\\/www.eve-rotary.com\\\/de\\\/#website\",\"url\":\"https:\\\/\\\/www.eve-rotary.com\\\/de\\\/\",\"name\":\"EVE\",\"description\":\"Spezialist f\u00fcr rotierende Schleif- und Polierinstrumente\",\"publisher\":{\"@id\":\"https:\\\/\\\/www.eve-rotary.com\\\/de\\\/#organization\"},\"potentialAction\":[{\"@type\":\"SearchAction\",\"target\":{\"@type\":\"EntryPoint\",\"urlTemplate\":\"https:\\\/\\\/www.eve-rotary.com\\\/de\\\/?s={search_term_string}\"},\"query-input\":{\"@type\":\"PropertyValueSpecification\",\"valueRequired\":true,\"valueName\":\"search_term_string\"}}],\"inLanguage\":\"de\"},{\"@type\":\"Organization\",\"@id\":\"https:\\\/\\\/www.eve-rotary.com\\\/de\\\/#organization\",\"name\":\"EVE Ernst Vetter GmbH\",\"url\":\"https:\\\/\\\/www.eve-rotary.com\\\/de\\\/\",\"logo\":{\"@type\":\"ImageObject\",\"inLanguage\":\"de\",\"@id\":\"https:\\\/\\\/www.eve-rotary.com\\\/de\\\/#\\\/schema\\\/logo\\\/image\\\/\",\"url\":\"https:\\\/\\\/www.eve-rotary.com\\\/wp-content\\\/uploads\\\/2019\\\/08\\\/eve-rotary-logo.png\",\"contentUrl\":\"https:\\\/\\\/www.eve-rotary.com\\\/wp-content\\\/uploads\\\/2019\\\/08\\\/eve-rotary-logo.png\",\"width\":285,\"height\":166,\"caption\":\"EVE Ernst Vetter GmbH\"},\"image\":{\"@id\":\"https:\\\/\\\/www.eve-rotary.com\\\/de\\\/#\\\/schema\\\/logo\\\/image\\\/\"},\"sameAs\":[\"https:\\\/\\\/de-de.facebook.com\\\/EVErotary\\\/\",\"https:\\\/\\\/www.instagram.com\\\/eve_rotary\\\/\",\"https:\\\/\\\/www.youtube.com\\\/channel\\\/UCxVbeAk5H2U6YrPME5KC_gg\"]}]}<\/script>\n<!-- \/ Yoast SEO Premium plugin. -->","yoast_head_json":{"title":"Chronik - EVE","description":"EVE blickt stolz auf eine lange Firmengeschichte mit einer Vielzahl von Innovationen und Produktentwicklungen zur\u00fcck. Sie beginnt 1889 mit Ernst Vetter.","robots":{"index":"index","follow":"follow","max-snippet":"max-snippet:-1","max-image-preview":"max-image-preview:large","max-video-preview":"max-video-preview:-1"},"canonical":"https:\/\/www.eve-rotary.com\/de\/unternehmen\/chronik\/","og_locale":"de_DE","og_type":"article","og_title":"Chronik","og_description":"EVE blickt stolz auf eine lange Firmengeschichte mit einer Vielzahl von Innovationen und Produktentwicklungen zur\u00fcck. Sie beginnt 1889 mit Ernst Vetter.","og_url":"https:\/\/www.eve-rotary.com\/de\/unternehmen\/chronik\/","og_site_name":"EVE","article_publisher":"https:\/\/de-de.facebook.com\/EVErotary\/","article_modified_time":"2024-11-10T23:32:40+00:00","og_image":[{"width":2560,"height":1676,"url":"https:\/\/www.eve-rotary.com\/wp-content\/uploads\/2020\/01\/Zahnfabrik_Ernst_Vetter5-scaled.jpg","type":"image\/jpeg"}],"twitter_card":"summary_large_image","twitter_misc":{"Gesch\u00e4tzte Lesezeit":"1\u00a0Minute"},"schema":{"@context":"https:\/\/schema.org","@graph":[{"@type":"WebPage","@id":"https:\/\/www.eve-rotary.com\/de\/unternehmen\/chronik\/","url":"https:\/\/www.eve-rotary.com\/de\/unternehmen\/chronik\/","name":"Chronik - EVE","isPartOf":{"@id":"https:\/\/www.eve-rotary.com\/de\/#website"},"primaryImageOfPage":{"@id":"https:\/\/www.eve-rotary.com\/de\/unternehmen\/chronik\/#primaryimage"},"image":{"@id":"https:\/\/www.eve-rotary.com\/de\/unternehmen\/chronik\/#primaryimage"},"thumbnailUrl":"https:\/\/www.eve-rotary.com\/wp-content\/uploads\/2020\/01\/Zahnfabrik_Ernst_Vetter5-scaled.jpg","datePublished":"2019-01-25T17:06:52+00:00","dateModified":"2024-11-10T23:32:40+00:00","description":"EVE blickt stolz auf eine lange Firmengeschichte mit einer Vielzahl von Innovationen und Produktentwicklungen zur\u00fcck. Sie beginnt 1889 mit Ernst Vetter.","breadcrumb":{"@id":"https:\/\/www.eve-rotary.com\/de\/unternehmen\/chronik\/#breadcrumb"},"inLanguage":"de","potentialAction":[{"@type":"ReadAction","target":["https:\/\/www.eve-rotary.com\/de\/unternehmen\/chronik\/"]}]},{"@type":"ImageObject","inLanguage":"de","@id":"https:\/\/www.eve-rotary.com\/de\/unternehmen\/chronik\/#primaryimage","url":"https:\/\/www.eve-rotary.com\/wp-content\/uploads\/2020\/01\/Zahnfabrik_Ernst_Vetter5-scaled.jpg","contentUrl":"https:\/\/www.eve-rotary.com\/wp-content\/uploads\/2020\/01\/Zahnfabrik_Ernst_Vetter5-scaled.jpg"},{"@type":"BreadcrumbList","@id":"https:\/\/www.eve-rotary.com\/de\/unternehmen\/chronik\/#breadcrumb","itemListElement":[{"@type":"ListItem","position":1,"name":"Startseite","item":"https:\/\/www.eve-rotary.com\/de\/"},{"@type":"ListItem","position":2,"name":"Unternehmen","item":"https:\/\/www.eve-rotary.com\/de\/unternehmen\/"},{"@type":"ListItem","position":3,"name":"Chronik"}]},{"@type":"WebSite","@id":"https:\/\/www.eve-rotary.com\/de\/#website","url":"https:\/\/www.eve-rotary.com\/de\/","name":"EVE","description":"Spezialist f\u00fcr rotierende Schleif- und Polierinstrumente","publisher":{"@id":"https:\/\/www.eve-rotary.com\/de\/#organization"},"potentialAction":[{"@type":"SearchAction","target":{"@type":"EntryPoint","urlTemplate":"https:\/\/www.eve-rotary.com\/de\/?s={search_term_string}"},"query-input":{"@type":"PropertyValueSpecification","valueRequired":true,"valueName":"search_term_string"}}],"inLanguage":"de"},{"@type":"Organization","@id":"https:\/\/www.eve-rotary.com\/de\/#organization","name":"EVE Ernst Vetter GmbH","url":"https:\/\/www.eve-rotary.com\/de\/","logo":{"@type":"ImageObject","inLanguage":"de","@id":"https:\/\/www.eve-rotary.com\/de\/#\/schema\/logo\/image\/","url":"https:\/\/www.eve-rotary.com\/wp-content\/uploads\/2019\/08\/eve-rotary-logo.png","contentUrl":"https:\/\/www.eve-rotary.com\/wp-content\/uploads\/2019\/08\/eve-rotary-logo.png","width":285,"height":166,"caption":"EVE Ernst Vetter GmbH"},"image":{"@id":"https:\/\/www.eve-rotary.com\/de\/#\/schema\/logo\/image\/"},"sameAs":["https:\/\/de-de.facebook.com\/EVErotary\/","https:\/\/www.instagram.com\/eve_rotary\/","https:\/\/www.youtube.com\/channel\/UCxVbeAk5H2U6YrPME5KC_gg"]}]}},"_links":{"self":[{"href":"https:\/\/www.eve-rotary.com\/de\/wp-json\/wp\/v2\/pages\/190","targetHints":{"allow":["GET"]}}],"collection":[{"href":"https:\/\/www.eve-rotary.com\/de\/wp-json\/wp\/v2\/pages"}],"about":[{"href":"https:\/\/www.eve-rotary.com\/de\/wp-json\/wp\/v2\/types\/page"}],"author":[{"embeddable":true,"href":"https:\/\/www.eve-rotary.com\/de\/wp-json\/wp\/v2\/users\/1"}],"replies":[{"embeddable":true,"href":"https:\/\/www.eve-rotary.com\/de\/wp-json\/wp\/v2\/comments?post=190"}],"version-history":[{"count":1,"href":"https:\/\/www.eve-rotary.com\/de\/wp-json\/wp\/v2\/pages\/190\/revisions"}],"predecessor-version":[{"id":14988,"href":"https:\/\/www.eve-rotary.com\/de\/wp-json\/wp\/v2\/pages\/190\/revisions\/14988"}],"up":[{"embeddable":true,"href":"https:\/\/www.eve-rotary.com\/de\/wp-json\/wp\/v2\/pages\/82"}],"wp:attachment":[{"href":"https:\/\/www.eve-rotary.com\/de\/wp-json\/wp\/v2\/media?parent=190"}],"curies":[{"name":"wp","href":"https:\/\/api.w.org\/{rel}","templated":true}]}}