{"id":207,"date":"2019-02-02T13:32:44","date_gmt":"2019-02-02T12:32:44","guid":{"rendered":"https:\/\/www.eve-rotary.com\/?page_id=207"},"modified":"2023-04-17T13:30:53","modified_gmt":"2023-04-17T11:30:53","slug":"stellenangebote","status":"publish","type":"page","link":"https:\/\/www.eve-rotary.com\/de\/stellenangebote\/","title":{"rendered":"Stellenangebote"},"content":{"rendered":"\n<div class=\"wp-block-group\"><div class=\"wp-block-group__inner-container is-layout-flow wp-block-group-is-layout-flow\">\n<h1 class=\"has-blue-color has-text-color wp-block-heading\">Stellenangebote<\/h1>\n<\/div><\/div>\n\n\n\n<div class=\"wp-block-columns has-2-columns is-layout-flex wp-container-core-columns-is-layout-9d6595d7 wp-block-columns-is-layout-flex\">\n<div class=\"wp-block-column is-layout-flow wp-block-column-is-layout-flow\">\n<p>Wir freuen uns, dass Sie sich f\u00fcr die EVE Ernst Vetter GmbH als Arbeitgeber interessieren. Bitte geben Sie bei Ihrer Bewerbung stets eine Gehaltsvorstellung sowie Ihren fr\u00fchestm\u00f6glichen Eintrittstermin an. Ihre Bewerbung wird zeitnah gesichtet und Sie erhalten schnellstm\u00f6glich R\u00fcckmeldung.<br>  <\/p>\n<\/div>\n\n\n\n<div class=\"wp-block-column is-layout-flow wp-block-column-is-layout-flow\">\n<p>Wir haben aktuell kein passendes Stellenangebot f\u00fcr Sie? Wir suchen immer nach motivierten Mitarbeitern mit innovativen Ideen. Schicken Sie uns jederzeit eine Initiativbewerbung, in der Sie uns mitteilen, in welcher Abteilung Sie sich sehen. <\/p>\n<\/div>\n<\/div>\n\n\n<div class=\"container\"><div id=\"join-widget\">\n      <script\n        defer type=\"text\/javascript\"\n        data-mount-in=\"#join-widget\"\n        src=\"https:\/\/join.com\/api\/widget\/bundle\/eyJhbGciOiJIUzI1NiIsInR5cCI6IkpXVCJ9.eyJzZXR0aW5ncyI6eyJzaG93Q2F0ZWdvcnlGaWx0ZXIiOnRydWUsInNob3dMb2NhdGlvbkZpbHRlciI6ZmFsc2UsInNob3dFbXBsb3ltZW50VHlwZUZpbHRlciI6dHJ1ZSwibGFuZ3VhZ2UiOiJkZSIsImpvYnNQZXJQYWdlIjoyNX0sImpvYnMiOnsiZW1wbG95bWVudFR5cGVJZHMiOls3LDYsNSwyXX0sImRlc2lnbiI6eyJzaG93TG9nbyI6dHJ1ZSwic2hvd0xvY2F0aW9uIjpmYWxzZSwic2hvd0VtcGxveW1lbnRUeXBlIjp0cnVlLCJzaG93Q2F0ZWdvcnkiOnRydWUsImNvbG9ycyI6eyJ3aWRnZXQiOnsiYmFja2dyb3VuZCI6IiNGRkZGRkYiLCJmaWx0ZXJCb3JkZXIiOiIjMDA2OGIzIiwicGFnaW5hdGlvbiI6IiMwMDY4YjMifSwiam9iQ2FyZCI6eyJzaGFkb3ciOiIjRDRENEQ4IiwiYmFja2dyb3VuZCI6IiNGRkZGRkYiLCJwcmltYXJ5VGV4dCI6IiMwMDY4YjMiLCJzZWNvbmRhcnlUZXh0IjoiIzUyNTI1QiJ9fX0sInZlcnNpb24iOjIsImNvbXBhbnlQdWJsaWNJZCI6IjdkNDc5OGZhNDgyZWUwODQ3ODkzNTIyNDNkMTBmMDQzIiwiaWF0IjoxNjgxNzMwMzQxLCJqdGkiOiI0NmFjMjViNS05OGZmLTQwNjAtODVkZS1lNDdkMjI2YWY0MjQifQ.n8W6lBbDKfZBfFXJleE-GrxKNjFBbFtczIQHfv7LrgI\"\n      ><\/script>\n    <\/div><\/div>\n","protected":false},"excerpt":{"rendered":"<p>Stellenangebote Wir freuen uns, dass Sie sich f\u00fcr die EVE Ernst Vetter GmbH als Arbeitgeber interessieren. Bitte geben Sie bei Ihrer Bewerbung stets eine Gehaltsvorstellung sowie Ihren fr\u00fchestm\u00f6glichen Eintrittstermin an. Ihre Bewerbung wird zeitnah gesichtet und Sie erhalten schnellstm\u00f6glich R\u00fcckmeldung. Wir haben aktuell kein passendes Stellenangebot f\u00fcr Sie? Wir suchen immer nach motivierten Mitarbeitern mit [&hellip;]<\/p>\n","protected":false},"author":1,"featured_media":0,"parent":0,"menu_order":62,"comment_status":"closed","ping_status":"closed","template":"","meta":{"footnotes":""},"class_list":["post-207","page","type-page","status-publish","hentry"],"yoast_head":"<!-- This site is optimized with the Yoast SEO Premium plugin v24.7 (Yoast SEO v27.2) - https:\/\/yoast.com\/product\/yoast-seo-premium-wordpress\/ -->\n<title>Stellenangebote - EVE<\/title>\n<meta name=\"description\" content=\"Sie sind sich sicher, Sie passen zu unserem Unternehmen und in unser Team? Dann bewerben Sie sich und \u00fcberzeugen Sie uns unter bewerbung@eve-rotary.com\" \/>\n<meta name=\"robots\" content=\"index, follow, max-snippet:-1, max-image-preview:large, max-video-preview:-1\" \/>\n<link rel=\"canonical\" href=\"https:\/\/www.eve-rotary.com\/de\/stellenangebote\/\" \/>\n<meta property=\"og:locale\" content=\"de_DE\" \/>\n<meta property=\"og:type\" content=\"article\" \/>\n<meta property=\"og:title\" content=\"Stellenangebote\" \/>\n<meta property=\"og:description\" content=\"Sie sind sich sicher, Sie passen zu unserem Unternehmen und in unser Team? Dann bewerben Sie sich und \u00fcberzeugen Sie uns unter bewerbung@eve-rotary.com\" \/>\n<meta property=\"og:url\" content=\"https:\/\/www.eve-rotary.com\/de\/stellenangebote\/\" \/>\n<meta property=\"og:site_name\" content=\"EVE\" \/>\n<meta property=\"article:publisher\" content=\"https:\/\/de-de.facebook.com\/EVErotary\/\" \/>\n<meta property=\"article:modified_time\" content=\"2023-04-17T11:30:53+00:00\" \/>\n<meta name=\"twitter:card\" content=\"summary_large_image\" \/>\n<meta name=\"twitter:label1\" content=\"Gesch\u00e4tzte Lesezeit\" \/>\n\t<meta name=\"twitter:data1\" content=\"1\u00a0Minute\" \/>\n<script type=\"application\/ld+json\" class=\"yoast-schema-graph\">{\"@context\":\"https:\/\/schema.org\",\"@graph\":[{\"@type\":\"WebPage\",\"@id\":\"https:\/\/www.eve-rotary.com\/de\/stellenangebote\/\",\"url\":\"https:\/\/www.eve-rotary.com\/de\/stellenangebote\/\",\"name\":\"Stellenangebote - EVE\",\"isPartOf\":{\"@id\":\"https:\/\/www.eve-rotary.com\/de\/#website\"},\"datePublished\":\"2019-02-02T12:32:44+00:00\",\"dateModified\":\"2023-04-17T11:30:53+00:00\",\"description\":\"Sie sind sich sicher, Sie passen zu unserem Unternehmen und in unser Team? Dann bewerben Sie sich und \u00fcberzeugen Sie uns unter bewerbung@eve-rotary.com\",\"breadcrumb\":{\"@id\":\"https:\/\/www.eve-rotary.com\/de\/stellenangebote\/#breadcrumb\"},\"inLanguage\":\"de\",\"potentialAction\":[{\"@type\":\"ReadAction\",\"target\":[\"https:\/\/www.eve-rotary.com\/de\/stellenangebote\/\"]}]},{\"@type\":\"BreadcrumbList\",\"@id\":\"https:\/\/www.eve-rotary.com\/de\/stellenangebote\/#breadcrumb\",\"itemListElement\":[{\"@type\":\"ListItem\",\"position\":1,\"name\":\"Startseite\",\"item\":\"https:\/\/www.eve-rotary.com\/de\/\"},{\"@type\":\"ListItem\",\"position\":2,\"name\":\"Stellenangebote\"}]},{\"@type\":\"WebSite\",\"@id\":\"https:\/\/www.eve-rotary.com\/de\/#website\",\"url\":\"https:\/\/www.eve-rotary.com\/de\/\",\"name\":\"EVE\",\"description\":\"Spezialist f\u00fcr rotierende Schleif- und Polierinstrumente\",\"publisher\":{\"@id\":\"https:\/\/www.eve-rotary.com\/de\/#organization\"},\"potentialAction\":[{\"@type\":\"SearchAction\",\"target\":{\"@type\":\"EntryPoint\",\"urlTemplate\":\"https:\/\/www.eve-rotary.com\/de\/?s={search_term_string}\"},\"query-input\":{\"@type\":\"PropertyValueSpecification\",\"valueRequired\":true,\"valueName\":\"search_term_string\"}}],\"inLanguage\":\"de\"},{\"@type\":\"Organization\",\"@id\":\"https:\/\/www.eve-rotary.com\/de\/#organization\",\"name\":\"EVE Ernst Vetter GmbH\",\"url\":\"https:\/\/www.eve-rotary.com\/de\/\",\"logo\":{\"@type\":\"ImageObject\",\"inLanguage\":\"de\",\"@id\":\"https:\/\/www.eve-rotary.com\/de\/#\/schema\/logo\/image\/\",\"url\":\"https:\/\/www.eve-rotary.com\/wp-content\/uploads\/2019\/08\/eve-rotary-logo.png\",\"contentUrl\":\"https:\/\/www.eve-rotary.com\/wp-content\/uploads\/2019\/08\/eve-rotary-logo.png\",\"width\":285,\"height\":166,\"caption\":\"EVE Ernst Vetter GmbH\"},\"image\":{\"@id\":\"https:\/\/www.eve-rotary.com\/de\/#\/schema\/logo\/image\/\"},\"sameAs\":[\"https:\/\/de-de.facebook.com\/EVErotary\/\",\"https:\/\/www.instagram.com\/eve_rotary\/\",\"https:\/\/www.youtube.com\/channel\/UCxVbeAk5H2U6YrPME5KC_gg\"]}]}<\/script>\n<!-- \/ Yoast SEO Premium plugin. -->","yoast_head_json":{"title":"Stellenangebote - EVE","description":"Sie sind sich sicher, Sie passen zu unserem Unternehmen und in unser Team? Dann bewerben Sie sich und \u00fcberzeugen Sie uns unter bewerbung@eve-rotary.com","robots":{"index":"index","follow":"follow","max-snippet":"max-snippet:-1","max-image-preview":"max-image-preview:large","max-video-preview":"max-video-preview:-1"},"canonical":"https:\/\/www.eve-rotary.com\/de\/stellenangebote\/","og_locale":"de_DE","og_type":"article","og_title":"Stellenangebote","og_description":"Sie sind sich sicher, Sie passen zu unserem Unternehmen und in unser Team? Dann bewerben Sie sich und \u00fcberzeugen Sie uns unter bewerbung@eve-rotary.com","og_url":"https:\/\/www.eve-rotary.com\/de\/stellenangebote\/","og_site_name":"EVE","article_publisher":"https:\/\/de-de.facebook.com\/EVErotary\/","article_modified_time":"2023-04-17T11:30:53+00:00","twitter_card":"summary_large_image","twitter_misc":{"Gesch\u00e4tzte Lesezeit":"1\u00a0Minute"},"schema":{"@context":"https:\/\/schema.org","@graph":[{"@type":"WebPage","@id":"https:\/\/www.eve-rotary.com\/de\/stellenangebote\/","url":"https:\/\/www.eve-rotary.com\/de\/stellenangebote\/","name":"Stellenangebote - EVE","isPartOf":{"@id":"https:\/\/www.eve-rotary.com\/de\/#website"},"datePublished":"2019-02-02T12:32:44+00:00","dateModified":"2023-04-17T11:30:53+00:00","description":"Sie sind sich sicher, Sie passen zu unserem Unternehmen und in unser Team? Dann bewerben Sie sich und \u00fcberzeugen Sie uns unter bewerbung@eve-rotary.com","breadcrumb":{"@id":"https:\/\/www.eve-rotary.com\/de\/stellenangebote\/#breadcrumb"},"inLanguage":"de","potentialAction":[{"@type":"ReadAction","target":["https:\/\/www.eve-rotary.com\/de\/stellenangebote\/"]}]},{"@type":"BreadcrumbList","@id":"https:\/\/www.eve-rotary.com\/de\/stellenangebote\/#breadcrumb","itemListElement":[{"@type":"ListItem","position":1,"name":"Startseite","item":"https:\/\/www.eve-rotary.com\/de\/"},{"@type":"ListItem","position":2,"name":"Stellenangebote"}]},{"@type":"WebSite","@id":"https:\/\/www.eve-rotary.com\/de\/#website","url":"https:\/\/www.eve-rotary.com\/de\/","name":"EVE","description":"Spezialist f\u00fcr rotierende Schleif- und Polierinstrumente","publisher":{"@id":"https:\/\/www.eve-rotary.com\/de\/#organization"},"potentialAction":[{"@type":"SearchAction","target":{"@type":"EntryPoint","urlTemplate":"https:\/\/www.eve-rotary.com\/de\/?s={search_term_string}"},"query-input":{"@type":"PropertyValueSpecification","valueRequired":true,"valueName":"search_term_string"}}],"inLanguage":"de"},{"@type":"Organization","@id":"https:\/\/www.eve-rotary.com\/de\/#organization","name":"EVE Ernst Vetter GmbH","url":"https:\/\/www.eve-rotary.com\/de\/","logo":{"@type":"ImageObject","inLanguage":"de","@id":"https:\/\/www.eve-rotary.com\/de\/#\/schema\/logo\/image\/","url":"https:\/\/www.eve-rotary.com\/wp-content\/uploads\/2019\/08\/eve-rotary-logo.png","contentUrl":"https:\/\/www.eve-rotary.com\/wp-content\/uploads\/2019\/08\/eve-rotary-logo.png","width":285,"height":166,"caption":"EVE Ernst Vetter GmbH"},"image":{"@id":"https:\/\/www.eve-rotary.com\/de\/#\/schema\/logo\/image\/"},"sameAs":["https:\/\/de-de.facebook.com\/EVErotary\/","https:\/\/www.instagram.com\/eve_rotary\/","https:\/\/www.youtube.com\/channel\/UCxVbeAk5H2U6YrPME5KC_gg"]}]}},"_links":{"self":[{"href":"https:\/\/www.eve-rotary.com\/de\/wp-json\/wp\/v2\/pages\/207","targetHints":{"allow":["GET"]}}],"collection":[{"href":"https:\/\/www.eve-rotary.com\/de\/wp-json\/wp\/v2\/pages"}],"about":[{"href":"https:\/\/www.eve-rotary.com\/de\/wp-json\/wp\/v2\/types\/page"}],"author":[{"embeddable":true,"href":"https:\/\/www.eve-rotary.com\/de\/wp-json\/wp\/v2\/users\/1"}],"replies":[{"embeddable":true,"href":"https:\/\/www.eve-rotary.com\/de\/wp-json\/wp\/v2\/comments?post=207"}],"version-history":[{"count":2,"href":"https:\/\/www.eve-rotary.com\/de\/wp-json\/wp\/v2\/pages\/207\/revisions"}],"predecessor-version":[{"id":14161,"href":"https:\/\/www.eve-rotary.com\/de\/wp-json\/wp\/v2\/pages\/207\/revisions\/14161"}],"wp:attachment":[{"href":"https:\/\/www.eve-rotary.com\/de\/wp-json\/wp\/v2\/media?parent=207"}],"curies":[{"name":"wp","href":"https:\/\/api.w.org\/{rel}","templated":true}]}}