{"id":21,"date":"2018-12-21T11:01:07","date_gmt":"2018-12-21T10:01:07","guid":{"rendered":"http:\/\/localhost\/eve\/?page_id=21"},"modified":"2020-06-29T10:37:05","modified_gmt":"2020-06-29T08:37:05","slug":"agb","status":"publish","type":"page","link":"https:\/\/www.eve-rotary.com\/de\/agb\/","title":{"rendered":"ALB"},"content":{"rendered":"\n<div class=\"wp-block-group\"><div class=\"wp-block-group__inner-container is-layout-flow wp-block-group-is-layout-flow\">\n<h1 class=\"has-blue-color has-text-color wp-block-heading\">Allgemeine Lieferbedingungen<\/h1>\n<\/div><\/div>\n\n\n\n<div class=\"wp-block-columns has-2-columns is-layout-flex wp-container-core-columns-is-layout-9d6595d7 wp-block-columns-is-layout-flex\">\n<div class=\"wp-block-column is-layout-flow wp-block-column-is-layout-flow\">\n<h3 class=\"wp-block-heading\">1. Geltung<\/h3>\n\n\n\n<p>F\u00fcr\nalle Lieferungen und Leistungen gelten ausschlie\u00dflich die\nLieferbedingungen des Liefe\u00adranten. Diese Allgemeinen\nLieferbedingungen gelten nur, wenn der Besteller Unternehmer (\u00a7 14\nBGB), eine juristische Person des \u00f6ffentlichen Rechts oder ein\n\u00f6ffentlich-rechtliches Sonderverm\u00f6gen ist. Allgemeine\nGesch\u00e4ftsbedingungen des Bestellers finden auch dann keine\nAnwendung, wenn der Lieferant nicht nochmals ausdr\u00fccklich\nwiderspricht. \n<\/p>\n\n\n\n<h3 class=\"wp-block-heading\">2. Angebot und Umfang der Lieferung<\/h3>\n\n\n\n<p>a.\nUnsere Angebote sind freibleibend und unverbindlich. Dies gilt auch,\nwenn wir dem Besteller Kataloge, technische Dokumentationen (z.B.\nZeichnungen, Pl\u00e4ne, Berechnungen, Kalkulationen, Verweisungen auf\nDINNormen), sonstige Produktbeschreibungen oder Un\u00adterlagen \u2013\nauch in elektronischer Form \u2013 \u00fcberlassen haben, an denen wir uns\nEigentums-und Urheberrechte vorbehalten. \n<\/p>\n\n\n\n<p>b.\nF\u00fcr den Umfang der Lieferung ist, sofern nichts anderes vereinbart\nist, die schriftliche Auf\u00adtragsbest\u00e4tigung des Lieferanten\nma\u00dfgebend. Nebenabreden und \u00c4nderungen bed\u00fcrfen der schriftlichen\nBest\u00e4tigung des Lieferanten. \n<\/p>\n\n\n\n<p>c.\nAn Kostenvoranschl\u00e4gen, Zeichnungen und anderen Unterlagen beh\u00e4lt\nsich der Lieferant eigentums- und urheberrechtliche Verwertungsrechte\nuneingeschr\u00e4nkt vor; sie d\u00fcrfen Dritten nicht zug\u00e4nglich gemacht\nwerden. Zu Angeboten geh\u00f6rige Zeichnungen und andere Unterlagen\nsind, wenn der Auftrag nicht erteilt wird, dem Lieferanten auf\nVerlangen unverz\u00fcglich zur\u00fcckzugeben. \n<\/p>\n\n\n\n<h3 class=\"wp-block-heading\">3. Preis und Zahlung<\/h3>\n\n\n\n<p>a.\nDie Preise verstehen sich ab Werk. Zu den Preisen kommt die\ngesetzliche Umsatzsteuer in der jeweils geltenden H\u00f6he hinzu. \n<\/p>\n\n\n\n<p>b.\nVersandkosten sind, sofern nichts Abweichendes schriftlich vereinbart\nwurde, vom Bestel\u00adler zu tragen. \n<\/p>\n\n\n\n<p>c.\nZahlungen sind, sofern nichts Abweichendes schriftlich vereinbart\nwurde, innerhalb von 30 Tagen nach Lieferung frei Zahlstelle des\nLieferanten zu leisten. \n<\/p>\n\n\n\n<p>d.\nMit Ablauf vorstehender Zahlungsfrist kommt der Besteller in Verzug.\nDer Kaufpreis ist w\u00e4hrend des Verzugs zum jeweils geltenden\ngesetzlichen Verzugszinssatz zu verzinsen. Wir behalten uns die\nGeltendmachung eines weitergehenden Verzugsschadens vor. Gegen\u00fcber\nKaufleuten bleibt unser Anspruch auf den kaufm\u00e4nnischen\nF\u00e4lligkeitszins (\u00a7 353 HGB) unber\u00fchrt. \n<\/p>\n\n\n\n<p>e.\nDer Besteller kann nur mit solchen Forderungen aufrechnen, die\nf\u00e4llig, unbestritten oder rechtskr\u00e4ftig festgestellt sind. \n<\/p>\n\n\n\n<h3 class=\"wp-block-heading\">4. Lieferfrist und Lieferverzug<\/h3>\n\n\n\n<p>a.\nDie Einhaltung einer vereinbarten Lieferfrist setzt die rechtzeitige\nBeibringung s\u00e4mtlicher vom Besteller zu liefernden Unterlagen,\nGenehmigungen und Freigaben sowie die Erf\u00fcllung sonstiger\nVerpflichtungen durch den Besteller voraus. Ist dies nicht der Fall,\nso verl\u00e4ngert sich die Frist angemessen, es sei denn, der Lieferant\nhat die Verz\u00f6gerung zu vertreten. \n<\/p>\n\n\n\n<p>b.\nDie Lieferfrist ist eingehalten, wenn der Liefergegenstand bis zu\nihrem Ablauf das Werk des Lieferanten verlassen hat oder die\nVersandbereitschaft mitgeteilt worden ist. \n<\/p>\n\n\n\n<p>c.\nDer Lieferant ist nur zu Teillieferungen berechtigt, wenn \n<\/p>\n\n\n\n<ul class=\"wp-block-list\"><li>die Teillieferung f\u00fcr den Besteller im Rahmen des vertraglichen Bestimmungszwecks verwendbar ist,  <\/li><li>die Lieferung der restlichen bestellten Ware sichergestellt ist und  <\/li><li>dem Besteller hierdurch kein erheblicher Mehraufwand oder zus\u00e4tzliche Kosten entste\u00adhen (es sei denn, der Lieferant erkl\u00e4rt sich zur \u00dcbernahme dieser Kosten bereit).  <\/li><\/ul>\n\n\n\n<p>d.\nIst die Nichteinhaltung der Lieferfrist auf h\u00f6here Gewalt, auf\nArbeitsk\u00e4mpfe oder sonstige Ereignisse, die au\u00dferhalb des\nEinflussbereichs des Lieferanten liegen, zur\u00fcckzuf\u00fchren, so\nverl\u00e4ngert sich die Lieferfrist angemessen. Der Lieferant wird dem\nBesteller den Beginn und das Ende derartiger Umst\u00e4nde baldm\u00f6glichst\nmitteilen. \n<\/p>\n\n\n\n<p>e.\nKommt der Lieferant in Verzug, so kann der Besteller vom Vertrag nur\nzur\u00fccktreten, wenn der Lieferant die Verz\u00f6gerung zu vertreten hat\nund der Lieferant eine ihm gesetzte ange\u00admessene Frist zur\nLieferung hat fruchtlos verstreichen lassen. \n<\/p>\n\n\n\n<p>f.\nDer Besteller ist verpflichtet, auf Verlangen des Lieferanten\ninnerhalb einer angemessenen Frist zu erkl\u00e4ren, ob er wegen der\nVerz\u00f6gerung der Lieferung vom Vertrag zur\u00fccktritt oder auf der\nLieferung besteht. \n<\/p>\n\n\n\n<p>g. Weitere Anspr\u00fcche wegen Verzugs richten sich ausschlie\u00dflich nach Ziffer 7.  <\/p>\n\n\n\n<h3 class=\"wp-block-heading\">5. Gefahr\u00fcbergang und Versand<\/h3>\n\n\n\n<p>a.\nDie Gefahr geht sp\u00e4testens mit der Absendung der Lieferteile auf den\nBesteller \u00fcber, und zwar auch dann, wenn Teillieferungen erfolgen\noder der Lieferant noch andere Leistungen z.B. die Versendungskosten\noder Anfuhr \u00fcbernommen hat. \n<\/p>\n\n\n\n<p>b.\nVerz\u00f6gert sich der Versand infolge von Umst\u00e4nden, die der Besteller\nzu vertreten hat, so geht die Gefahr vom Tage der Versandbereitschaft\nab auf den Besteller \u00fcber. \n<\/p>\n\n\n\n<p>c.\nAuf Wunsch des Bestellers wird auf seine Kosten die Sendung durch den\nLieferanten nach seinen Angaben versichert. \n<\/p>\n\n\n\n<p>d. Erf\u00fcllungsort f\u00fcr s\u00e4mtliche Verpflichtungen aus dem Vertragsverh\u00e4ltnis ist Keltern.  <\/p>\n\n\n\n<h3 class=\"wp-block-heading\">6. Rechte bei M\u00e4ngeln<\/h3>\n\n\n\n<p>a.\nDer Besteller hat die Lieferungen und Leistungen unverz\u00fcglich nach\nErhalt zu \u00fcberpr\u00fcfen, ob M\u00e4ngel vorliegen. Werden M\u00e4ngel\nfestgestellt, so sind diese unverz\u00fcglich, sp\u00e4testens 10 Tage nach\nEintreffen am Bestimmungsort, schriftlich zu melden. Versteckte\nM\u00e4ngel m\u00fcssen unverz\u00fcglich, sp\u00e4testens 10 Tage nach Entdeckung\nschriftlich angezeigt werden. \n<\/p>\n\n\n\n<p>b.\nMangelhafte Teile der Lieferung oder Leistung werden nach Wahl des\nLieferanten nachge\u00adbessert oder neu geliefert bzw. neu erbracht. \n<\/p>\n\n\n\n<p>c. Zur Vornahme aller dem Lieferanten notwendig erscheinenden Nachbesserungen und Ersatzlieferungen hat der Besteller dem Lieferanten die erforderliche Zeit und Gelegenheit zu geben. Andernfalls ist der Lieferant von der Haftung f\u00fcr die daraus entstehenden Folgen befreit. Nur in dringenden F\u00e4llen der Gef\u00e4hrdung der Betriebssicherheit bzw. zur Abwehr unverh\u00e4ltnism\u00e4\u00dfig gro\u00dfer Sch\u00e4den, wobei der Lieferant sofort zu verst\u00e4ndigen ist, hat der Besteller das Recht, den Mangel selbst oder durch Dritte beseitigen zu lassen und vom Lieferanten Ersatz der erforderlichen Aufwendungen zu verlangen. Das Selbstvornahme\u00adrecht besteht nicht, wenn wir berechtigt w\u00e4ren, eine entsprechende Nacherf\u00fcllung nach den gesetzlichen Vorschriften zu verweigern.  <\/p>\n\n\n\n<p>d. Wenn die Nacherf\u00fcllung fehlgeschlagen ist oder eine f\u00fcr die  Nacherf\u00fcllung vom Besteller zu setzende angemessene Frist erfolglos abgelaufen oder nach den gesetzlichen Vorschrif\u00adten entbehrlich ist,  kann der Besteller vom Kaufvertrag zur\u00fccktreten oder den Kaufpreis  mindern. Bei einem unerheblichen Mangel besteht jedoch kein  R\u00fccktrittsrecht. <\/p>\n<\/div>\n\n\n\n<div class=\"wp-block-column is-layout-flow wp-block-column-is-layout-flow\">\n<p>e.\nBei ungeeigneter oder unsachgem\u00e4\u00dfer Verwendung, fehlerhafter\nMontage bzw. Inbe\u00adtriebsetzung durch den Besteller oder Dritte,\nnat\u00fcrlicher Abnutzung, fehlerhafter oder nachl\u00e4ssiger Behandlung,\nnicht ordnungsgem\u00e4\u00dfer Wartung, ungeeigneten Betriebsmitteln,\nchemischen, elektrochemischen oder elektrischen Einfl\u00fcssen, bestehen\nkeine M\u00e4ngelanspr\u00fcche, sofern sie nicht vom Lieferanten zu\nverantworten sind. \n<\/p>\n\n\n\n<p>f.\nWerden vom Besteller oder von Dritten unsachgem\u00e4\u00df \u00c4nderungen oder\nInstandsetzungsarbeiten vorgenommen, so bestehen f\u00fcr diese und die\ndaraus entstehenden Folgen ebenfalls keine M\u00e4ngelanspr\u00fcche. \n<\/p>\n\n\n\n<p>g.\nDer Haftungsausschluss gilt auch, wenn der Mangel auf einen vom\nBesteller gelieferten Stoff zur\u00fcckzuf\u00fchren ist. Ersetzte Teile\nwerden Eigentum des Lieferanten. \n<\/p>\n\n\n\n<p>h.\nM\u00e4ngelanspr\u00fcche verj\u00e4hren in 12 Monaten. Bei der Verletzung des\nLebens, des K\u00f6rpers oder der Gesundheit, bei einer vors\u00e4tzlichen\noder grob fahrl\u00e4ssigen Pflichtverletzung des Lieferanten und bei\narglistigem Verschweigen eines Mangels gelten die gesetzlichen\nFris\u00adten. Schadensersatzanspr\u00fcche des Bestellers nach dem\nProdukthaftungsgesetz verj\u00e4hren ebenfalls ausschlie\u00dflich nach den\ngesetzlichen Verj\u00e4hrungsfristen. \n<\/p>\n\n\n\n<h3 class=\"wp-block-heading\">7. Haftung<\/h3>\n\n\n\n<p>a.\nF\u00fcr Sch\u00e4den, die nicht am Liefergegenstand selbst entstanden sind,\nist die Haftung, gleich aus welchem Rechtsgrund, ausgeschlossen. \n<\/p>\n\n\n\n<p>b.\nDer Haftungsausschluss gilt jedoch nicht bei Vorsatz oder grober\nFahrl\u00e4ssigkeit, bei schuldhafter Verletzung von Leben, K\u00f6rper oder\nGesundheit, bei M\u00e4ngeln, die arglistig verschwiegen worden sind, bei\nder \u00dcbernahme einer Garantie oder eines Beschaffungsri\u00adsikos,\nbei der Verletzung wesentlicher Vertragspflichten (eine wesentliche\nVertragspflicht ist eine Verpflichtung, deren Erf\u00fcllung die\nordnungsgem\u00e4\u00dfe Durchf\u00fchrung des Vertrags \u00fcber\u00adhaupt erst\nerm\u00f6glicht und auf deren Einhaltung der Vertragspartner regelm\u00e4\u00dfig\nvertraut und vertrauen darf) oder bei M\u00e4ngeln des Liefergegenstandes\nsoweit nach Produkthaf\u00adtungsgesetz f\u00fcr Personen oder Sachsch\u00e4den\nan privat genutzten Gegenst\u00e4nden gehaftet wird. \n<\/p>\n\n\n\n<p>c.\nBei schuldhafter Verletzung wesentlicher Vertragspflichten (eine\nwesentliche Vertragspflicht ist eine Verpflichtung, deren Erf\u00fcllung\ndie ordnungsgem\u00e4\u00dfe Durchf\u00fchrung des Vertrags \u00fcberhaupt erst\nerm\u00f6glicht und auf deren Einhaltung der Vertragspartner regelm\u00e4\u00dfig\nvertraut und vertrauen darf) ist der Schadensersatzanspruch bei\nleichter Fahrl\u00e4ssigkeit begrenzt auf den vertragstypischen,\nvern\u00fcnftigerweise vorhersehbaren Schaden. \n<\/p>\n\n\n\n<p>d.\nBei der Verletzung vertraglicher Nebenpflichten, wie z. B. Auskunfts-\nund Beratungspflich\u00adten, gelten die Ziffern 6. und 7.\nentsprechend. \n<\/p>\n\n\n\n<p>e.\nSoweit dem Besteller Anspr\u00fcche auf Schadensersatz zustehen,\nverj\u00e4hren diese gem\u00e4\u00df Ziffer 6.h. wie die M\u00e4ngelgew\u00e4hrleistung. \n<\/p>\n\n\n\n<h3 class=\"wp-block-heading\">8. Eigentumsvorbehalt<\/h3>\n\n\n\n<p>a.\nBis zur vollst\u00e4ndigen Bezahlung aller unserer gegenw\u00e4rtigen und\nk\u00fcnftigen Forderungen aus dem Kaufvertrag und einer laufenden\nGesch\u00e4ftsbeziehung (gesicherte Forderungen) behalten wir uns das\nEigentum an den verkauften Waren vor. \n<\/p>\n\n\n\n<p>b.\nDie unter Eigentumsvorbehalt stehenden Waren d\u00fcrfen vor\nvollst\u00e4ndiger Bezahlung der ge\u00adsicherten Forderungen weder an\nDritte verpf\u00e4ndet, noch zur Sicherheit \u00fcbereignet werden. Der\nBesteller hat uns unverz\u00fcglich schriftlich zu benachrichtigen, wenn\nein Antrag auf Er\u00f6ffnung eines Insolvenzverfahrens gestellt oder\nsoweit Zugriffe Dritter (zB Pf\u00e4ndungen) auf die uns geh\u00f6renden\nWaren erfolgen. \n<\/p>\n\n\n\n<p>c.\nBei vertragswidrigem Verhalten des Bestellers, insbesondere bei\nNichtzahlung des f\u00e4lligen Kaufpreises, sind wir berechtigt, nach den\ngesetzlichen Vorschriften vom Vertrag zur\u00fcck\u00adzutreten oder\/und\ndie Ware auf Grund des Eigentumsvorbehalts heraus zu verlangen. Das\nHerausgabeverlangen beinhaltet nicht zugleich die Erkl\u00e4rung des\nR\u00fccktritts; wir sind vielmehr berechtigt, lediglich die Ware heraus\nzu verlangen und uns den R\u00fccktritt vorzubehalten. Zahlt der\nBesteller den f\u00e4lligen Kaufpreis nicht, d\u00fcrfen wir diese Rechte nur\ngeltend machen, wenn wir dem Besteller zuvor erfolglos eine\nangemessene Frist zur Zahlung gesetzt haben oder eine derartige\nFristsetzung nach den gesetzlichen Vorschriften entbehrlich ist. \n<\/p>\n\n\n\n<p>d.\nDer Besteller ist bis auf Widerruf gem\u00e4\u00df unten (g) befugt, die\nunter Eigentumsvorbehalt stehenden Waren im ordnungsgem\u00e4\u00dfen\nGesch\u00e4ftsgang weiter zu ver\u00e4u\u00dfern und\/oder zu verarbeiten. In\ndiesem Fall gelten erg\u00e4nzend die nachfolgenden Bestimmungen. \n<\/p>\n\n\n\n<p>e.\nDer Eigentumsvorbehalt erstreckt sich auf die durch Verarbeitung,\nVermischung oder Verbindung unserer Waren entstehenden Erzeugnisse zu\nderen vollem Wert, wobei wir als Hersteller gelten. Bleibt bei einer\nVerarbeitung, Vermischung oder Verbindung mit Waren Dritter deren\nEigentumsrecht bestehen, so erwerben wir Miteigentum im Verh\u00e4ltnis\nder Rechnungswerte der verarbeiteten, vermischten oder verbundenen\nWaren. Im \u00dcbrigen gilt f\u00fcr das entstehende Erzeugnis das Gleiche\nwie f\u00fcr die unter Eigentumsvorbehalt gelieferte Ware. \n<\/p>\n\n\n\n<p>f.\nDie aus dem Weiterverkauf der Ware oder des Erzeugnisses entstehenden\nForderungen gegen Dritte tritt der Besteller schon jetzt insgesamt\nbzw. in H\u00f6he unseres etwaigen Mitei\u00adgentumsanteils gem\u00e4\u00df\nvorstehendem Absatz zur Sicherheit an uns ab. Wir nehmen die\nAbtretung an. Die in Abs. 2 genannten Pflichten des Bestellers gelten\nauch in Ansehung der abgetretenen Forderungen. \n<\/p>\n\n\n\n<p>g.\nZur Einziehung der Forderung bleibt der Besteller neben uns\nerm\u00e4chtigt. Wir verpflichten uns, die Forderung nicht einzuziehen,\nsolange der Besteller seinen Zahlungsverpflichtun\u00adgen uns\ngegen\u00fcber nachkommt, kein Mangel seiner Leistungsf\u00e4higkeit vorliegt\nund wir den Eigentumsvorbehalt nicht durch Aus\u00fcbung eines Rechts\ngem. Abs. c geltend machen. Ist dies aber der Fall, so k\u00f6nnen wir\nverlangen, dass der Besteller uns die abgetretenen Forderungen und\nderen Schuldner bekannt gibt, alle zum Einzug erforderlichen Angaben\nmacht, die dazugeh\u00f6rigen Unterlagen aush\u00e4ndigt und den Schuldnern\n(Dritten) die Abtre\u00adtung mitteilt. Au\u00dferdem sind wir in diesem\nFall berechtigt, die Befugnis des Bestellers zur weiteren Ver\u00e4u\u00dferung\nund Verarbeitung der unter Eigentumsvorbehalt stehenden Waren zu\nwiderrufen. \n<\/p>\n\n\n\n<p>h.\n\u00dcbersteigt der realisierbare Wert der Sicherheiten unsere\nForderungen um mehr als 10%, werden wir auf Verlangen des Bestellers\nSicherheiten nach unserer Wahl freigeben. \n<\/p>\n\n\n\n<h3 class=\"wp-block-heading\">9. Gerichtsstand und anwendbares Recht<\/h3>\n\n\n\n<p>a.\nBei allen sich aus dem Vertragsverh\u00e4ltnis ergebenden Streitigkeiten\nist die Klage bei dem f\u00fcr den Lieferanten zust\u00e4ndigen Gericht zu\nerheben. Der Lieferant ist auch berechtigt, am Hauptsitz des\nBestellers zu klagen. \n<\/p>\n\n\n\n<p>b. Dieser Vertrag unterliegt den Bestimmungen des \u00dcbereinkommens der Vereinten Nationen \u00fcber Vertr\u00e4ge \u00fcber den internationalen Warenkauf (CISG). Soweit dieses keine Regelungen enth\u00e4lt, gilt das Recht der Bundesrepublik Deutschland unter Ausschluss des internationa\u00adlen Privatrechts. <\/p>\n<\/div>\n<\/div>\n\n\n\n<p class=\"has-text-align-center\"><strong>Stand: 25.05.2018<\/strong><\/p>\n","protected":false},"excerpt":{"rendered":"<p>Allgemeine Lieferbedingungen 1. Geltung F\u00fcr alle Lieferungen und Leistungen gelten ausschlie\u00dflich die Lieferbedingungen des Liefe\u00adranten. Diese Allgemeinen Lieferbedingungen gelten nur, wenn der Besteller Unternehmer (\u00a7 14 BGB), eine juristische Person des \u00f6ffentlichen Rechts oder ein \u00f6ffentlich-rechtliches Sonderverm\u00f6gen ist. Allgemeine Gesch\u00e4ftsbedingungen des Bestellers finden auch dann keine Anwendung, wenn der Lieferant nicht nochmals ausdr\u00fccklich widerspricht. 2. [&hellip;]<\/p>\n","protected":false},"author":1,"featured_media":0,"parent":0,"menu_order":10,"comment_status":"closed","ping_status":"closed","template":"","meta":{"footnotes":""},"class_list":["post-21","page","type-page","status-publish","hentry"],"yoast_head":"<!-- This site is optimized with the Yoast SEO Premium plugin v24.7 (Yoast SEO v27.4) - https:\/\/yoast.com\/product\/yoast-seo-premium-wordpress\/ -->\n<title>ALB - EVE<\/title>\n<meta name=\"description\" content=\"EVE Allgemeine Gesch\u00e4ftsbedingungen: Geltung, Preise, Zahlung, Lieferbedingungen, Versand, M\u00e4ngel, Haftung, Eigentumsvorbehalt, Gerichtsstand und Recht.\" \/>\n<meta name=\"robots\" content=\"index, follow, max-snippet:-1, max-image-preview:large, max-video-preview:-1\" \/>\n<link rel=\"canonical\" href=\"https:\/\/www.eve-rotary.com\/de\/agb\/\" \/>\n<meta property=\"og:locale\" content=\"de_DE\" \/>\n<meta property=\"og:type\" content=\"article\" \/>\n<meta property=\"og:title\" content=\"ALB\" \/>\n<meta property=\"og:description\" content=\"EVE Allgemeine Gesch\u00e4ftsbedingungen: Geltung, Preise, Zahlung, Lieferbedingungen, Versand, M\u00e4ngel, Haftung, Eigentumsvorbehalt, Gerichtsstand und Recht.\" \/>\n<meta property=\"og:url\" content=\"https:\/\/www.eve-rotary.com\/de\/agb\/\" \/>\n<meta property=\"og:site_name\" content=\"EVE\" \/>\n<meta property=\"article:publisher\" content=\"https:\/\/de-de.facebook.com\/EVErotary\/\" \/>\n<meta property=\"article:modified_time\" content=\"2020-06-29T08:37:05+00:00\" \/>\n<meta name=\"twitter:card\" content=\"summary_large_image\" \/>\n<meta name=\"twitter:label1\" content=\"Gesch\u00e4tzte Lesezeit\" \/>\n\t<meta name=\"twitter:data1\" content=\"9\u00a0Minuten\" \/>\n<script type=\"application\/ld+json\" class=\"yoast-schema-graph\">{\"@context\":\"https:\\\/\\\/schema.org\",\"@graph\":[{\"@type\":\"WebPage\",\"@id\":\"https:\\\/\\\/www.eve-rotary.com\\\/de\\\/agb\\\/\",\"url\":\"https:\\\/\\\/www.eve-rotary.com\\\/de\\\/agb\\\/\",\"name\":\"ALB - EVE\",\"isPartOf\":{\"@id\":\"https:\\\/\\\/www.eve-rotary.com\\\/de\\\/#website\"},\"datePublished\":\"2018-12-21T10:01:07+00:00\",\"dateModified\":\"2020-06-29T08:37:05+00:00\",\"description\":\"EVE Allgemeine Gesch\u00e4ftsbedingungen: Geltung, Preise, Zahlung, Lieferbedingungen, Versand, M\u00e4ngel, Haftung, Eigentumsvorbehalt, Gerichtsstand und Recht.\",\"breadcrumb\":{\"@id\":\"https:\\\/\\\/www.eve-rotary.com\\\/de\\\/agb\\\/#breadcrumb\"},\"inLanguage\":\"de\",\"potentialAction\":[{\"@type\":\"ReadAction\",\"target\":[\"https:\\\/\\\/www.eve-rotary.com\\\/de\\\/agb\\\/\"]}]},{\"@type\":\"BreadcrumbList\",\"@id\":\"https:\\\/\\\/www.eve-rotary.com\\\/de\\\/agb\\\/#breadcrumb\",\"itemListElement\":[{\"@type\":\"ListItem\",\"position\":1,\"name\":\"Startseite\",\"item\":\"https:\\\/\\\/www.eve-rotary.com\\\/de\\\/\"},{\"@type\":\"ListItem\",\"position\":2,\"name\":\"ALB\"}]},{\"@type\":\"WebSite\",\"@id\":\"https:\\\/\\\/www.eve-rotary.com\\\/de\\\/#website\",\"url\":\"https:\\\/\\\/www.eve-rotary.com\\\/de\\\/\",\"name\":\"EVE\",\"description\":\"Spezialist f\u00fcr rotierende Schleif- und Polierinstrumente\",\"publisher\":{\"@id\":\"https:\\\/\\\/www.eve-rotary.com\\\/de\\\/#organization\"},\"potentialAction\":[{\"@type\":\"SearchAction\",\"target\":{\"@type\":\"EntryPoint\",\"urlTemplate\":\"https:\\\/\\\/www.eve-rotary.com\\\/de\\\/?s={search_term_string}\"},\"query-input\":{\"@type\":\"PropertyValueSpecification\",\"valueRequired\":true,\"valueName\":\"search_term_string\"}}],\"inLanguage\":\"de\"},{\"@type\":\"Organization\",\"@id\":\"https:\\\/\\\/www.eve-rotary.com\\\/de\\\/#organization\",\"name\":\"EVE Ernst Vetter GmbH\",\"url\":\"https:\\\/\\\/www.eve-rotary.com\\\/de\\\/\",\"logo\":{\"@type\":\"ImageObject\",\"inLanguage\":\"de\",\"@id\":\"https:\\\/\\\/www.eve-rotary.com\\\/de\\\/#\\\/schema\\\/logo\\\/image\\\/\",\"url\":\"https:\\\/\\\/www.eve-rotary.com\\\/wp-content\\\/uploads\\\/2019\\\/08\\\/eve-rotary-logo.png\",\"contentUrl\":\"https:\\\/\\\/www.eve-rotary.com\\\/wp-content\\\/uploads\\\/2019\\\/08\\\/eve-rotary-logo.png\",\"width\":285,\"height\":166,\"caption\":\"EVE Ernst Vetter GmbH\"},\"image\":{\"@id\":\"https:\\\/\\\/www.eve-rotary.com\\\/de\\\/#\\\/schema\\\/logo\\\/image\\\/\"},\"sameAs\":[\"https:\\\/\\\/de-de.facebook.com\\\/EVErotary\\\/\",\"https:\\\/\\\/www.instagram.com\\\/eve_rotary\\\/\",\"https:\\\/\\\/www.youtube.com\\\/channel\\\/UCxVbeAk5H2U6YrPME5KC_gg\"]}]}<\/script>\n<!-- \/ Yoast SEO Premium plugin. -->","yoast_head_json":{"title":"ALB - EVE","description":"EVE Allgemeine Gesch\u00e4ftsbedingungen: Geltung, Preise, Zahlung, Lieferbedingungen, Versand, M\u00e4ngel, Haftung, Eigentumsvorbehalt, Gerichtsstand und Recht.","robots":{"index":"index","follow":"follow","max-snippet":"max-snippet:-1","max-image-preview":"max-image-preview:large","max-video-preview":"max-video-preview:-1"},"canonical":"https:\/\/www.eve-rotary.com\/de\/agb\/","og_locale":"de_DE","og_type":"article","og_title":"ALB","og_description":"EVE Allgemeine Gesch\u00e4ftsbedingungen: Geltung, Preise, Zahlung, Lieferbedingungen, Versand, M\u00e4ngel, Haftung, Eigentumsvorbehalt, Gerichtsstand und Recht.","og_url":"https:\/\/www.eve-rotary.com\/de\/agb\/","og_site_name":"EVE","article_publisher":"https:\/\/de-de.facebook.com\/EVErotary\/","article_modified_time":"2020-06-29T08:37:05+00:00","twitter_card":"summary_large_image","twitter_misc":{"Gesch\u00e4tzte Lesezeit":"9\u00a0Minuten"},"schema":{"@context":"https:\/\/schema.org","@graph":[{"@type":"WebPage","@id":"https:\/\/www.eve-rotary.com\/de\/agb\/","url":"https:\/\/www.eve-rotary.com\/de\/agb\/","name":"ALB - EVE","isPartOf":{"@id":"https:\/\/www.eve-rotary.com\/de\/#website"},"datePublished":"2018-12-21T10:01:07+00:00","dateModified":"2020-06-29T08:37:05+00:00","description":"EVE Allgemeine Gesch\u00e4ftsbedingungen: Geltung, Preise, Zahlung, Lieferbedingungen, Versand, M\u00e4ngel, Haftung, Eigentumsvorbehalt, Gerichtsstand und Recht.","breadcrumb":{"@id":"https:\/\/www.eve-rotary.com\/de\/agb\/#breadcrumb"},"inLanguage":"de","potentialAction":[{"@type":"ReadAction","target":["https:\/\/www.eve-rotary.com\/de\/agb\/"]}]},{"@type":"BreadcrumbList","@id":"https:\/\/www.eve-rotary.com\/de\/agb\/#breadcrumb","itemListElement":[{"@type":"ListItem","position":1,"name":"Startseite","item":"https:\/\/www.eve-rotary.com\/de\/"},{"@type":"ListItem","position":2,"name":"ALB"}]},{"@type":"WebSite","@id":"https:\/\/www.eve-rotary.com\/de\/#website","url":"https:\/\/www.eve-rotary.com\/de\/","name":"EVE","description":"Spezialist f\u00fcr rotierende Schleif- und Polierinstrumente","publisher":{"@id":"https:\/\/www.eve-rotary.com\/de\/#organization"},"potentialAction":[{"@type":"SearchAction","target":{"@type":"EntryPoint","urlTemplate":"https:\/\/www.eve-rotary.com\/de\/?s={search_term_string}"},"query-input":{"@type":"PropertyValueSpecification","valueRequired":true,"valueName":"search_term_string"}}],"inLanguage":"de"},{"@type":"Organization","@id":"https:\/\/www.eve-rotary.com\/de\/#organization","name":"EVE Ernst Vetter GmbH","url":"https:\/\/www.eve-rotary.com\/de\/","logo":{"@type":"ImageObject","inLanguage":"de","@id":"https:\/\/www.eve-rotary.com\/de\/#\/schema\/logo\/image\/","url":"https:\/\/www.eve-rotary.com\/wp-content\/uploads\/2019\/08\/eve-rotary-logo.png","contentUrl":"https:\/\/www.eve-rotary.com\/wp-content\/uploads\/2019\/08\/eve-rotary-logo.png","width":285,"height":166,"caption":"EVE Ernst Vetter GmbH"},"image":{"@id":"https:\/\/www.eve-rotary.com\/de\/#\/schema\/logo\/image\/"},"sameAs":["https:\/\/de-de.facebook.com\/EVErotary\/","https:\/\/www.instagram.com\/eve_rotary\/","https:\/\/www.youtube.com\/channel\/UCxVbeAk5H2U6YrPME5KC_gg"]}]}},"_links":{"self":[{"href":"https:\/\/www.eve-rotary.com\/de\/wp-json\/wp\/v2\/pages\/21","targetHints":{"allow":["GET"]}}],"collection":[{"href":"https:\/\/www.eve-rotary.com\/de\/wp-json\/wp\/v2\/pages"}],"about":[{"href":"https:\/\/www.eve-rotary.com\/de\/wp-json\/wp\/v2\/types\/page"}],"author":[{"embeddable":true,"href":"https:\/\/www.eve-rotary.com\/de\/wp-json\/wp\/v2\/users\/1"}],"replies":[{"embeddable":true,"href":"https:\/\/www.eve-rotary.com\/de\/wp-json\/wp\/v2\/comments?post=21"}],"version-history":[{"count":0,"href":"https:\/\/www.eve-rotary.com\/de\/wp-json\/wp\/v2\/pages\/21\/revisions"}],"wp:attachment":[{"href":"https:\/\/www.eve-rotary.com\/de\/wp-json\/wp\/v2\/media?parent=21"}],"curies":[{"name":"wp","href":"https:\/\/api.w.org\/{rel}","templated":true}]}}