{"id":6269,"date":"2019-09-30T21:15:43","date_gmt":"2019-09-30T19:15:43","guid":{"rendered":"https:\/\/www.eve-rotary.com\/?page_id=6269"},"modified":"2024-11-11T00:23:50","modified_gmt":"2024-11-10T23:23:50","slug":"produkteigenschaften","status":"publish","type":"page","link":"https:\/\/www.eve-rotary.com\/de\/produkte\/produkteigenschaften\/","title":{"rendered":"Produkteigenschaften"},"content":{"rendered":"\n<div id=\"slider\" class=\"slider-large\" data-timeout=\"5000\">\n  \n\n<div class=\"wp-block-cover is-light is-style-slide\"><span aria-hidden=\"true\" class=\"wp-block-cover__background has-background-dim-0 has-background-dim\"><\/span><img decoding=\"async\" width=\"2560\" height=\"684\" class=\"wp-block-cover__image-background wp-image-11651\" alt=\"\" src=\"https:\/\/www.eve-rotary.com\/wp-content\/uploads\/2020\/05\/Produkteigenschaften_Slider5-scaled.jpg\" data-object-fit=\"cover\"\/><div class=\"wp-block-cover__inner-container is-layout-constrained wp-block-cover-is-layout-constrained\">\n<h3 class=\"wp-block-heading\">Perfect Surfaces.<\/h3>\n\n\n\n<p>Die Merkmale von EVE Produkten<\/p>\n<\/div><\/div>\n\n\n<\/div>\n\n\n<div class=\"wp-block-group\"><div class=\"wp-block-group__inner-container is-layout-flow wp-block-group-is-layout-flow\">\n<h1 class=\"wp-block-heading has-text-align-center has-blue-color has-text-color\">Produkteigenschaften<\/h1>\n<\/div><\/div>\n\n\n\n<div class=\"collapse-group\">\n  \n  <div class=\"container\">\n\n    <div class=\"row justify-content-center\">\n\n      \n      <div class=\"col-sm-6 col-md-3\">\n\n        <article class=\"\">\n\n          \n          <a href=\"javascript:void(0);\" data-toggle=\"popover\" data-trigger=\"hover\" class=\"title\" title=\"Hochglanz auf jedem Material\" data-content=\"Jedes Material besitzt individuelle Eigenschaften. EVE passt die Zusammensetzung seiner Schleif- und Polierinstrumente daher spezifisch an, wodurch hervorragende Oberfl\u00e4chenergebnisse erzielt werden.\" data-placement=\"bottom\" data-offset=\"0, -45\">\n\n            <img decoding=\"async\" width=\"360\" height=\"360\" src=\"https:\/\/www.eve-rotary.com\/wp-content\/uploads\/2020\/01\/Hochglanz-360x360.png\" class=\"attachment-thumbnail size-thumbnail\" alt=\"\" \/>\n            <h3 class=\"h5\">Hochglanz auf jedem Material<\/h3>\n\n          <\/a>\n\n          \n        <\/article>\n\n      <\/div>\n\n      \n      <div class=\"col-sm-6 col-md-3\">\n\n        <article class=\"\">\n\n          \n          <a href=\"javascript:void(0);\" data-toggle=\"popover\" data-trigger=\"hover\" class=\"title\" title=\"Hochwertige Diamantpolierer\" data-content=\"EVE Diamantpolierer eignen sich ideal zur Bearbeitung harter Materialien wie Komposit, Zirkonoxid und Lithium-Disilikat. In k\u00fcrzester Zeit k\u00f6nnen so optimale Resultate erzielt werden.\" data-placement=\"bottom\" data-offset=\"0, -45\">\n\n            <img decoding=\"async\" width=\"360\" height=\"360\" src=\"https:\/\/www.eve-rotary.com\/wp-content\/uploads\/2020\/01\/Diamantpolierer-360x360.png\" class=\"attachment-thumbnail size-thumbnail\" alt=\"\" \/>\n            <h3 class=\"h5\">Hochwertige Diamantpolierer<\/h3>\n\n          <\/a>\n\n          \n        <\/article>\n\n      <\/div>\n\n      \n      <div class=\"col-sm-6 col-md-3\">\n\n        <article class=\"\">\n\n          \n          <a href=\"javascript:void(0);\" data-toggle=\"popover\" data-trigger=\"hover\" class=\"title\" title=\"Pr\u00e4zision\" data-content=\"EVE Produkte werden innerhalb strenger Toleranzen gefertigt und unterliegen dem EVE Qualit\u00e4tsmanagementsystem.\" data-placement=\"bottom\" data-offset=\"0, -45\">\n\n            <img decoding=\"async\" width=\"360\" height=\"360\" src=\"https:\/\/www.eve-rotary.com\/wp-content\/uploads\/2020\/01\/Passgenauigkeit-360x360.png\" class=\"attachment-thumbnail size-thumbnail\" alt=\"\" \/>\n            <h3 class=\"h5\">Pr\u00e4zision<\/h3>\n\n          <\/a>\n\n          \n        <\/article>\n\n      <\/div>\n\n      \n      <div class=\"col-sm-6 col-md-3\">\n\n        <article class=\"\">\n\n          \n          <a href=\"javascript:void(0);\" data-toggle=\"popover\" data-trigger=\"hover\" class=\"title\" title=\"Exakter Rundlauf\" data-content=\"Gute Polierergebnisse k\u00f6nnen nur erzielt werden, wenn die Rundlaufgenauigkeit der Instrumente gew\u00e4hrleistet ist. Dieses Qualit\u00e4tsmerkmal wird bei EVE durch strenge Kontrollen sichergestellt.\" data-placement=\"bottom\" data-offset=\"0, -45\">\n\n            <img decoding=\"async\" width=\"360\" height=\"360\" src=\"https:\/\/www.eve-rotary.com\/wp-content\/uploads\/2020\/01\/Rundlauf-360x360.png\" class=\"attachment-thumbnail size-thumbnail\" alt=\"\" \/>\n            <h3 class=\"h5\">Exakter Rundlauf<\/h3>\n\n          <\/a>\n\n          \n        <\/article>\n\n      <\/div>\n\n      \n      <div class=\"col-sm-6 col-md-3\">\n\n        <article class=\"\">\n\n          \n          <a href=\"javascript:void(0);\" data-toggle=\"popover\" data-trigger=\"hover\" class=\"title\" title=\"Sterilisierbarkeit\" data-content=\"S\u00e4mtliche EVE Produkte der Medizinproduktklasse lla (EU) sind sterilisierbar.\" data-placement=\"bottom\" data-offset=\"0, -45\">\n\n            <img decoding=\"async\" width=\"360\" height=\"360\" src=\"https:\/\/www.eve-rotary.com\/wp-content\/uploads\/2020\/01\/Steriliserbar-360x360.png\" class=\"attachment-thumbnail size-thumbnail\" alt=\"\" \/>\n            <h3 class=\"h5\">Sterilisierbarkeit<\/h3>\n\n          <\/a>\n\n          \n        <\/article>\n\n      <\/div>\n\n      \n      <div class=\"col-sm-6 col-md-3\">\n\n        <article class=\"\">\n\n          \n          <a href=\"javascript:void(0);\" data-toggle=\"popover\" data-trigger=\"hover\" class=\"title\" title=\"Integriertes Schleifmittel\" data-content=\"Mit Ausnahme der Prophylaxepolierer befindet sich in den Bestandteilen aller EVE Instrumente bereits ein Schleifmittel. Die Verwendung einer zus\u00e4tzlichen Polierpaste wird hierdurch unn\u00f6tig.\" data-placement=\"bottom\" data-offset=\"0, -45\">\n\n            <img decoding=\"async\" width=\"360\" height=\"360\" src=\"https:\/\/www.eve-rotary.com\/wp-content\/uploads\/2020\/01\/Polierpaste--360x360.png\" class=\"attachment-thumbnail size-thumbnail\" alt=\"\" \/>\n            <h3 class=\"h5\">Integriertes Schleifmittel<\/h3>\n\n          <\/a>\n\n          \n        <\/article>\n\n      <\/div>\n\n      \n      <div class=\"col-sm-6 col-md-3\">\n\n        <article class=\"\">\n\n          \n          <a href=\"javascript:void(0);\" data-toggle=\"popover\" data-trigger=\"hover\" class=\"title\" title=\"Rostfreier Edelstahl\" data-content=\"EVE Tr\u00e4ger werden aus speziell f\u00fcr die Medizintechnik geeignetem und rostfreiem Edelstahl hergestellt. \" data-placement=\"bottom\" data-offset=\"0, -45\">\n\n            <img decoding=\"async\" width=\"360\" height=\"360\" src=\"https:\/\/www.eve-rotary.com\/wp-content\/uploads\/2020\/01\/Rostfrei-360x360.png\" class=\"attachment-thumbnail size-thumbnail\" alt=\"\" \/>\n            <h3 class=\"h5\">Rostfreier Edelstahl<\/h3>\n\n          <\/a>\n\n          \n        <\/article>\n\n      <\/div>\n\n      \n      <div class=\"col-sm-6 col-md-3\">\n\n        <article class=\"\">\n\n          \n          <a href=\"javascript:void(0);\" data-toggle=\"popover\" data-trigger=\"hover\" class=\"title\" title=\"Latexfrei\" data-content=\"S\u00e4mtliche Polierinstrumente bestehen aus latexfreien Bindungen.\" data-placement=\"bottom\" data-offset=\"0, -45\">\n\n            <img decoding=\"async\" width=\"360\" height=\"360\" src=\"https:\/\/www.eve-rotary.com\/wp-content\/uploads\/2020\/01\/Latexfrei-360x360.png\" class=\"attachment-thumbnail size-thumbnail\" alt=\"\" \/>\n            <h3 class=\"h5\">Latexfrei<\/h3>\n\n          <\/a>\n\n          \n        <\/article>\n\n      <\/div>\n\n      \n      <div class=\"col-sm-6 col-md-3\">\n\n        <article class=\"\">\n\n          \n          <a href=\"javascript:void(0);\" data-toggle=\"popover\" data-trigger=\"hover\" class=\"title\" title=\"Hoher K\u00f6rnungsanteil\" data-content=\"Die Konzentration der jeweils verwendeten K\u00f6rnung ist bei Schleif- und Polierinstrumenten von EVE sehr hoch und tr\u00e4gt somit stark zur hohen Qualit\u00e4t der Produkte bei. \" data-placement=\"bottom\" data-offset=\"0, -45\">\n\n            <img decoding=\"async\" width=\"360\" height=\"360\" src=\"https:\/\/www.eve-rotary.com\/wp-content\/uploads\/2020\/01\/Koernungsanteil-360x360.png\" class=\"attachment-thumbnail size-thumbnail\" alt=\"\" \/>\n            <h3 class=\"h5\">Hoher K\u00f6rnungsanteil<\/h3>\n\n          <\/a>\n\n          \n        <\/article>\n\n      <\/div>\n\n      \n      <div class=\"col-sm-6 col-md-3\">\n\n        <article class=\"\">\n\n          \n          <a href=\"javascript:void(0);\" data-toggle=\"popover\" data-trigger=\"hover\" class=\"title\" title=\"Optimale Bindungsh\u00e4rte\" data-content=\"F\u00fcr jede Produktgruppe von EVE erfolgt bei der Entwicklung eine Abstimmung der Bindungsh\u00e4rte und Elastizit\u00e4t auf das f\u00fcr die Bearbeitung vorgesehene Material. \" data-placement=\"bottom\" data-offset=\"0, -45\">\n\n            <img decoding=\"async\" width=\"360\" height=\"360\" src=\"https:\/\/www.eve-rotary.com\/wp-content\/uploads\/2020\/01\/Bindung-360x360.png\" class=\"attachment-thumbnail size-thumbnail\" alt=\"\" \/>\n            <h3 class=\"h5\">Optimale Bindungsh\u00e4rte<\/h3>\n\n          <\/a>\n\n          \n        <\/article>\n\n      <\/div>\n\n      \n      <div class=\"col-sm-6 col-md-3\">\n\n        <article class=\"\">\n\n          \n          <a href=\"javascript:void(0);\" data-toggle=\"popover\" data-trigger=\"hover\" class=\"title\" title=\"Zertifiziert\" data-content=\"Die EVE Ernst Vetter GmbH ist nach DIN EN ISO 13485 zertifiziert und betreibt ein entsprechendes Qualit\u00e4tsmanagement mit hohen Anspr\u00fcchen.\" data-placement=\"bottom\" data-offset=\"0, -45\">\n\n            <img decoding=\"async\" width=\"360\" height=\"360\" src=\"https:\/\/www.eve-rotary.com\/wp-content\/uploads\/2020\/01\/Zertifiziert-360x360.png\" class=\"attachment-thumbnail size-thumbnail\" alt=\"\" \/>\n            <h3 class=\"h5\">Zertifiziert<\/h3>\n\n          <\/a>\n\n          \n        <\/article>\n\n      <\/div>\n\n      \n      <div class=\"col-sm-6 col-md-3\">\n\n        <article class=\"\">\n\n          \n          <a href=\"javascript:void(0);\" data-toggle=\"popover\" data-trigger=\"hover\" class=\"title\" title=\"Gepr\u00fcfte Qualit\u00e4t\" data-content=\"Alle Medizinprodukte entsprechen den Anforderungen der Richtlinie 93\/42\/EWG und tragen ein CE-Kennzeichen. \" data-placement=\"bottom\" data-offset=\"0, -45\">\n\n            <img decoding=\"async\" width=\"360\" height=\"360\" src=\"https:\/\/www.eve-rotary.com\/wp-content\/uploads\/2020\/01\/Qualitaet-360x360.png\" class=\"attachment-thumbnail size-thumbnail\" alt=\"\" \/>\n            <h3 class=\"h5\">Gepr\u00fcfte Qualit\u00e4t<\/h3>\n\n          <\/a>\n\n          \n        <\/article>\n\n      <\/div>\n\n      \n      <div class=\"col-sm-6 col-md-3\">\n\n        <article class=\"\">\n\n          \n          <a href=\"javascript:void(0);\" data-toggle=\"popover\" data-trigger=\"hover\" class=\"title\" title=\"REACH konforme Rohstoffe\" data-content=\"EVE Produkte entsprechen der REACH Verordnung. Basierend auf unserem aktuellen Wissensstand und den von unseren Rohstofflieferanten zur Verf\u00fcgung gestellten Informationen, sind alle EVE Produkte frei von Substanzen der SVHC-Liste besorgniserregender Stoffe.\" data-placement=\"bottom\" data-offset=\"0, -45\">\n\n            <img decoding=\"async\" width=\"360\" height=\"360\" src=\"https:\/\/www.eve-rotary.com\/wp-content\/uploads\/2020\/01\/REACH--360x360.png\" class=\"attachment-thumbnail size-thumbnail\" alt=\"\" \/>\n            <h3 class=\"h5\">REACH konforme Rohstoffe<\/h3>\n\n          <\/a>\n\n          \n        <\/article>\n\n      <\/div>\n\n        \n\n    <\/div>\n    \n  <\/div>\n      \n<\/div>\n\n\n\n\n<div style=\"height:150px\" aria-hidden=\"true\" class=\"wp-block-spacer\"><\/div>\n\n\n\n<div class=\"wp-block-group alignfull has-gray-background-color has-background\"><div class=\"wp-block-group__inner-container is-layout-flow wp-block-group-is-layout-flow\">\n<h2 class=\"wp-block-heading has-text-align-center has-blue-color has-text-color\">Innovation ist unser Antrieb<\/h2>\n\n\n\n<p class=\"has-text-align-center\">Auf Grundlage jahrelanger Erfahrung und mithilfe einer eigenen Entwicklungsabteilung, bringt EVE regelm\u00e4\u00dfig neue und innovative L\u00f6sungen f\u00fcr rotierende Instrumente auf den Markt. Die enge Zusammenarbeit mit Zahn\u00e4rzten, Zahntechnikern, Goldschmieden und Materialherstellern bildet dabei die Basis f\u00fcr jedes entwickelte Neuprodukt. <\/p>\n\n\n\n<p class=\"has-text-align-center\">Zu den j\u00fcngsten Innovationen aus dem Hause EVE geh\u00f6ren die Formkonzepte TWIST und OCCLUFLEX:<\/p>\n<\/div><\/div>\n\n\n\n<div class=\"wp-block-columns is-layout-flex wp-container-core-columns-is-layout-9d6595d7 wp-block-columns-is-layout-flex\">\n<div class=\"wp-block-column is-layout-flow wp-block-column-is-layout-flow\"><div class=\"teaser\">\n  \n    \n  <a href=\"https:\/\/www.eve-rotary.com\/de\/produkte\/twist\/\">\n    <img decoding=\"async\" width=\"1024\" height=\"448\" src=\"https:\/\/www.eve-rotary.com\/wp-content\/uploads\/2019\/01\/2014-1-1024x448.jpg\" class=\"attachment-large size-large\" alt=\"\" \/>    <span class=\"btn btn-primary\">mehr erfahren<\/span>\n  <\/a>\n  \n<\/div><\/div>\n\n\n\n<div class=\"wp-block-column is-layout-flow wp-block-column-is-layout-flow\"><div class=\"teaser\">\n  \n    \n  <a href=\"https:\/\/www.eve-rotary.com\/de\/produkte\/occluflex\/\">\n    <img decoding=\"async\" width=\"1024\" height=\"448\" src=\"https:\/\/www.eve-rotary.com\/wp-content\/uploads\/2019\/12\/2019-1024x448.jpg\" class=\"attachment-large size-large\" alt=\"\" \/>    <span class=\"btn btn-primary\">mehr erfahren<\/span>\n  <\/a>\n  \n<\/div><\/div>\n<\/div>\n","protected":false},"excerpt":{"rendered":"<p>Produkteigenschaften Innovation ist unser Antrieb Auf Grundlage jahrelanger Erfahrung und mithilfe einer eigenen Entwicklungsabteilung, bringt EVE regelm\u00e4\u00dfig neue und innovative L\u00f6sungen f\u00fcr rotierende Instrumente auf den Markt. Die enge Zusammenarbeit mit Zahn\u00e4rzten, Zahntechnikern, Goldschmieden und Materialherstellern bildet dabei die Basis f\u00fcr jedes entwickelte Neuprodukt. Zu den j\u00fcngsten Innovationen aus dem Hause EVE geh\u00f6ren die Formkonzepte [&hellip;]<\/p>\n","protected":false},"author":1,"featured_media":0,"parent":6,"menu_order":57,"comment_status":"closed","ping_status":"closed","template":"","meta":{"footnotes":""},"class_list":["post-6269","page","type-page","status-publish","hentry"],"yoast_head":"<!-- This site is optimized with the Yoast SEO Premium plugin v24.7 (Yoast SEO v27.2) - https:\/\/yoast.com\/product\/yoast-seo-premium-wordpress\/ -->\n<title>Produkteigenschaften - EVE<\/title>\n<meta name=\"description\" content=\"Durch jahrelanger Erfahrung und dank eigener Entwicklungsabteilung ver\u00f6ffentlicht EVE regelm\u00e4\u00dfig neue und innovative L\u00f6sungen f\u00fcr rotierende Instrumente.\" \/>\n<meta name=\"robots\" content=\"index, follow, max-snippet:-1, max-image-preview:large, max-video-preview:-1\" \/>\n<link rel=\"canonical\" href=\"https:\/\/www.eve-rotary.com\/de\/produkte\/produkteigenschaften\/\" \/>\n<meta property=\"og:locale\" content=\"de_DE\" \/>\n<meta property=\"og:type\" content=\"article\" \/>\n<meta property=\"og:title\" content=\"Produkteigenschaften\" \/>\n<meta property=\"og:description\" content=\"Durch jahrelanger Erfahrung und dank eigener Entwicklungsabteilung ver\u00f6ffentlicht EVE regelm\u00e4\u00dfig neue und innovative L\u00f6sungen f\u00fcr rotierende Instrumente.\" \/>\n<meta property=\"og:url\" content=\"https:\/\/www.eve-rotary.com\/de\/produkte\/produkteigenschaften\/\" \/>\n<meta property=\"og:site_name\" content=\"EVE\" \/>\n<meta property=\"article:publisher\" content=\"https:\/\/de-de.facebook.com\/EVErotary\/\" \/>\n<meta property=\"article:modified_time\" content=\"2024-11-10T23:23:50+00:00\" \/>\n<meta property=\"og:image\" content=\"https:\/\/www.eve-rotary.com\/wp-content\/uploads\/2020\/05\/Produkteigenschaften_Slider5-scaled.jpg\" \/>\n\t<meta property=\"og:image:width\" content=\"2560\" \/>\n\t<meta property=\"og:image:height\" content=\"684\" \/>\n\t<meta property=\"og:image:type\" content=\"image\/jpeg\" \/>\n<meta name=\"twitter:card\" content=\"summary_large_image\" \/>\n<meta name=\"twitter:label1\" content=\"Gesch\u00e4tzte Lesezeit\" \/>\n\t<meta name=\"twitter:data1\" content=\"1\u00a0Minute\" \/>\n<script type=\"application\/ld+json\" class=\"yoast-schema-graph\">{\"@context\":\"https:\/\/schema.org\",\"@graph\":[{\"@type\":\"WebPage\",\"@id\":\"https:\/\/www.eve-rotary.com\/de\/produkte\/produkteigenschaften\/\",\"url\":\"https:\/\/www.eve-rotary.com\/de\/produkte\/produkteigenschaften\/\",\"name\":\"Produkteigenschaften - EVE\",\"isPartOf\":{\"@id\":\"https:\/\/www.eve-rotary.com\/de\/#website\"},\"primaryImageOfPage\":{\"@id\":\"https:\/\/www.eve-rotary.com\/de\/produkte\/produkteigenschaften\/#primaryimage\"},\"image\":{\"@id\":\"https:\/\/www.eve-rotary.com\/de\/produkte\/produkteigenschaften\/#primaryimage\"},\"thumbnailUrl\":\"https:\/\/www.eve-rotary.com\/wp-content\/uploads\/2020\/05\/Produkteigenschaften_Slider5-scaled.jpg\",\"datePublished\":\"2019-09-30T19:15:43+00:00\",\"dateModified\":\"2024-11-10T23:23:50+00:00\",\"description\":\"Durch jahrelanger Erfahrung und dank eigener Entwicklungsabteilung ver\u00f6ffentlicht EVE regelm\u00e4\u00dfig neue und innovative L\u00f6sungen f\u00fcr rotierende Instrumente.\",\"breadcrumb\":{\"@id\":\"https:\/\/www.eve-rotary.com\/de\/produkte\/produkteigenschaften\/#breadcrumb\"},\"inLanguage\":\"de\",\"potentialAction\":[{\"@type\":\"ReadAction\",\"target\":[\"https:\/\/www.eve-rotary.com\/de\/produkte\/produkteigenschaften\/\"]}]},{\"@type\":\"ImageObject\",\"inLanguage\":\"de\",\"@id\":\"https:\/\/www.eve-rotary.com\/de\/produkte\/produkteigenschaften\/#primaryimage\",\"url\":\"https:\/\/www.eve-rotary.com\/wp-content\/uploads\/2020\/05\/Produkteigenschaften_Slider5-scaled.jpg\",\"contentUrl\":\"https:\/\/www.eve-rotary.com\/wp-content\/uploads\/2020\/05\/Produkteigenschaften_Slider5-scaled.jpg\"},{\"@type\":\"BreadcrumbList\",\"@id\":\"https:\/\/www.eve-rotary.com\/de\/produkte\/produkteigenschaften\/#breadcrumb\",\"itemListElement\":[{\"@type\":\"ListItem\",\"position\":1,\"name\":\"Startseite\",\"item\":\"https:\/\/www.eve-rotary.com\/de\/\"},{\"@type\":\"ListItem\",\"position\":2,\"name\":\"Produkte\",\"item\":\"https:\/\/www.eve-rotary.com\/de\/produkte\/\"},{\"@type\":\"ListItem\",\"position\":3,\"name\":\"Produkteigenschaften\"}]},{\"@type\":\"WebSite\",\"@id\":\"https:\/\/www.eve-rotary.com\/de\/#website\",\"url\":\"https:\/\/www.eve-rotary.com\/de\/\",\"name\":\"EVE\",\"description\":\"Spezialist f\u00fcr rotierende Schleif- und Polierinstrumente\",\"publisher\":{\"@id\":\"https:\/\/www.eve-rotary.com\/de\/#organization\"},\"potentialAction\":[{\"@type\":\"SearchAction\",\"target\":{\"@type\":\"EntryPoint\",\"urlTemplate\":\"https:\/\/www.eve-rotary.com\/de\/?s={search_term_string}\"},\"query-input\":{\"@type\":\"PropertyValueSpecification\",\"valueRequired\":true,\"valueName\":\"search_term_string\"}}],\"inLanguage\":\"de\"},{\"@type\":\"Organization\",\"@id\":\"https:\/\/www.eve-rotary.com\/de\/#organization\",\"name\":\"EVE Ernst Vetter GmbH\",\"url\":\"https:\/\/www.eve-rotary.com\/de\/\",\"logo\":{\"@type\":\"ImageObject\",\"inLanguage\":\"de\",\"@id\":\"https:\/\/www.eve-rotary.com\/de\/#\/schema\/logo\/image\/\",\"url\":\"https:\/\/www.eve-rotary.com\/wp-content\/uploads\/2019\/08\/eve-rotary-logo.png\",\"contentUrl\":\"https:\/\/www.eve-rotary.com\/wp-content\/uploads\/2019\/08\/eve-rotary-logo.png\",\"width\":285,\"height\":166,\"caption\":\"EVE Ernst Vetter GmbH\"},\"image\":{\"@id\":\"https:\/\/www.eve-rotary.com\/de\/#\/schema\/logo\/image\/\"},\"sameAs\":[\"https:\/\/de-de.facebook.com\/EVErotary\/\",\"https:\/\/www.instagram.com\/eve_rotary\/\",\"https:\/\/www.youtube.com\/channel\/UCxVbeAk5H2U6YrPME5KC_gg\"]}]}<\/script>\n<!-- \/ Yoast SEO Premium plugin. -->","yoast_head_json":{"title":"Produkteigenschaften - EVE","description":"Durch jahrelanger Erfahrung und dank eigener Entwicklungsabteilung ver\u00f6ffentlicht EVE regelm\u00e4\u00dfig neue und innovative L\u00f6sungen f\u00fcr rotierende Instrumente.","robots":{"index":"index","follow":"follow","max-snippet":"max-snippet:-1","max-image-preview":"max-image-preview:large","max-video-preview":"max-video-preview:-1"},"canonical":"https:\/\/www.eve-rotary.com\/de\/produkte\/produkteigenschaften\/","og_locale":"de_DE","og_type":"article","og_title":"Produkteigenschaften","og_description":"Durch jahrelanger Erfahrung und dank eigener Entwicklungsabteilung ver\u00f6ffentlicht EVE regelm\u00e4\u00dfig neue und innovative L\u00f6sungen f\u00fcr rotierende Instrumente.","og_url":"https:\/\/www.eve-rotary.com\/de\/produkte\/produkteigenschaften\/","og_site_name":"EVE","article_publisher":"https:\/\/de-de.facebook.com\/EVErotary\/","article_modified_time":"2024-11-10T23:23:50+00:00","og_image":[{"width":2560,"height":684,"url":"https:\/\/www.eve-rotary.com\/wp-content\/uploads\/2020\/05\/Produkteigenschaften_Slider5-scaled.jpg","type":"image\/jpeg"}],"twitter_card":"summary_large_image","twitter_misc":{"Gesch\u00e4tzte Lesezeit":"1\u00a0Minute"},"schema":{"@context":"https:\/\/schema.org","@graph":[{"@type":"WebPage","@id":"https:\/\/www.eve-rotary.com\/de\/produkte\/produkteigenschaften\/","url":"https:\/\/www.eve-rotary.com\/de\/produkte\/produkteigenschaften\/","name":"Produkteigenschaften - EVE","isPartOf":{"@id":"https:\/\/www.eve-rotary.com\/de\/#website"},"primaryImageOfPage":{"@id":"https:\/\/www.eve-rotary.com\/de\/produkte\/produkteigenschaften\/#primaryimage"},"image":{"@id":"https:\/\/www.eve-rotary.com\/de\/produkte\/produkteigenschaften\/#primaryimage"},"thumbnailUrl":"https:\/\/www.eve-rotary.com\/wp-content\/uploads\/2020\/05\/Produkteigenschaften_Slider5-scaled.jpg","datePublished":"2019-09-30T19:15:43+00:00","dateModified":"2024-11-10T23:23:50+00:00","description":"Durch jahrelanger Erfahrung und dank eigener Entwicklungsabteilung ver\u00f6ffentlicht EVE regelm\u00e4\u00dfig neue und innovative L\u00f6sungen f\u00fcr rotierende Instrumente.","breadcrumb":{"@id":"https:\/\/www.eve-rotary.com\/de\/produkte\/produkteigenschaften\/#breadcrumb"},"inLanguage":"de","potentialAction":[{"@type":"ReadAction","target":["https:\/\/www.eve-rotary.com\/de\/produkte\/produkteigenschaften\/"]}]},{"@type":"ImageObject","inLanguage":"de","@id":"https:\/\/www.eve-rotary.com\/de\/produkte\/produkteigenschaften\/#primaryimage","url":"https:\/\/www.eve-rotary.com\/wp-content\/uploads\/2020\/05\/Produkteigenschaften_Slider5-scaled.jpg","contentUrl":"https:\/\/www.eve-rotary.com\/wp-content\/uploads\/2020\/05\/Produkteigenschaften_Slider5-scaled.jpg"},{"@type":"BreadcrumbList","@id":"https:\/\/www.eve-rotary.com\/de\/produkte\/produkteigenschaften\/#breadcrumb","itemListElement":[{"@type":"ListItem","position":1,"name":"Startseite","item":"https:\/\/www.eve-rotary.com\/de\/"},{"@type":"ListItem","position":2,"name":"Produkte","item":"https:\/\/www.eve-rotary.com\/de\/produkte\/"},{"@type":"ListItem","position":3,"name":"Produkteigenschaften"}]},{"@type":"WebSite","@id":"https:\/\/www.eve-rotary.com\/de\/#website","url":"https:\/\/www.eve-rotary.com\/de\/","name":"EVE","description":"Spezialist f\u00fcr rotierende Schleif- und Polierinstrumente","publisher":{"@id":"https:\/\/www.eve-rotary.com\/de\/#organization"},"potentialAction":[{"@type":"SearchAction","target":{"@type":"EntryPoint","urlTemplate":"https:\/\/www.eve-rotary.com\/de\/?s={search_term_string}"},"query-input":{"@type":"PropertyValueSpecification","valueRequired":true,"valueName":"search_term_string"}}],"inLanguage":"de"},{"@type":"Organization","@id":"https:\/\/www.eve-rotary.com\/de\/#organization","name":"EVE Ernst Vetter GmbH","url":"https:\/\/www.eve-rotary.com\/de\/","logo":{"@type":"ImageObject","inLanguage":"de","@id":"https:\/\/www.eve-rotary.com\/de\/#\/schema\/logo\/image\/","url":"https:\/\/www.eve-rotary.com\/wp-content\/uploads\/2019\/08\/eve-rotary-logo.png","contentUrl":"https:\/\/www.eve-rotary.com\/wp-content\/uploads\/2019\/08\/eve-rotary-logo.png","width":285,"height":166,"caption":"EVE Ernst Vetter GmbH"},"image":{"@id":"https:\/\/www.eve-rotary.com\/de\/#\/schema\/logo\/image\/"},"sameAs":["https:\/\/de-de.facebook.com\/EVErotary\/","https:\/\/www.instagram.com\/eve_rotary\/","https:\/\/www.youtube.com\/channel\/UCxVbeAk5H2U6YrPME5KC_gg"]}]}},"_links":{"self":[{"href":"https:\/\/www.eve-rotary.com\/de\/wp-json\/wp\/v2\/pages\/6269","targetHints":{"allow":["GET"]}}],"collection":[{"href":"https:\/\/www.eve-rotary.com\/de\/wp-json\/wp\/v2\/pages"}],"about":[{"href":"https:\/\/www.eve-rotary.com\/de\/wp-json\/wp\/v2\/types\/page"}],"author":[{"embeddable":true,"href":"https:\/\/www.eve-rotary.com\/de\/wp-json\/wp\/v2\/users\/1"}],"replies":[{"embeddable":true,"href":"https:\/\/www.eve-rotary.com\/de\/wp-json\/wp\/v2\/comments?post=6269"}],"version-history":[{"count":4,"href":"https:\/\/www.eve-rotary.com\/de\/wp-json\/wp\/v2\/pages\/6269\/revisions"}],"predecessor-version":[{"id":14979,"href":"https:\/\/www.eve-rotary.com\/de\/wp-json\/wp\/v2\/pages\/6269\/revisions\/14979"}],"up":[{"embeddable":true,"href":"https:\/\/www.eve-rotary.com\/de\/wp-json\/wp\/v2\/pages\/6"}],"wp:attachment":[{"href":"https:\/\/www.eve-rotary.com\/de\/wp-json\/wp\/v2\/media?parent=6269"}],"curies":[{"name":"wp","href":"https:\/\/api.w.org\/{rel}","templated":true}]}}