{"id":6295,"date":"2019-10-25T14:20:08","date_gmt":"2019-10-25T12:20:08","guid":{"rendered":"https:\/\/www.eve-rotary.com\/?page_id=6295"},"modified":"2024-11-11T00:33:59","modified_gmt":"2024-11-10T23:33:59","slug":"karriere","status":"publish","type":"page","link":"https:\/\/www.eve-rotary.com\/de\/karriere\/","title":{"rendered":"Karriere"},"content":{"rendered":"\n<div id=\"slider\" class=\"slider-large\" data-timeout=\"5000\">\n  \n\n<div class=\"wp-block-cover is-light is-style-slide\"><span aria-hidden=\"true\" class=\"wp-block-cover__background has-background-dim-0 has-background-dim\"><\/span><img decoding=\"async\" width=\"2560\" height=\"684\" class=\"wp-block-cover__image-background wp-image-11069\" alt=\"\" src=\"https:\/\/www.eve-rotary.com\/wp-content\/uploads\/2020\/04\/Karriere_Slider2-scaled.jpg\" data-object-fit=\"cover\"\/><div class=\"wp-block-cover__inner-container is-layout-constrained wp-block-cover-is-layout-constrained\">\n<h3 class=\"wp-block-heading\">Karriere.<\/h3>\n\n\n\n<p>Werde Teil des Teams<\/p>\n<\/div><\/div>\n\n\n<\/div>\n\n\n<div class=\"wp-block-group\"><div class=\"wp-block-group__inner-container is-layout-flow wp-block-group-is-layout-flow\">\n<h1 class=\"wp-block-heading has-text-align-center has-blue-color has-text-color\"><strong>ZUSAMMENHALT <\/strong><br>wird bei uns gro\u00dfgeschrieben, nur gemeinsam <br>sichern wir den Unternehmenserfolg.<\/h1>\n\n\n\n<p class=\"has-text-align-center\">Als Familienbetrieb bieten wir Freiheiten und Freiraum zur Selbstentfaltung und erwarten im Gegenzug  eigenverantwortliches Handeln.<\/p>\n<\/div><\/div>\n\n\n\n<div style=\"height:150px\" aria-hidden=\"true\" class=\"wp-block-spacer\"><\/div>\n\n\n\n<div class=\"wp-block-media-text alignfull has-media-on-the-right is-stacked-on-mobile\"><div class=\"wp-block-media-text__content\">\n<h3 class=\"wp-block-heading has-blue-color has-text-color\">Auszubildende<\/h3>\n\n\n\n<p>Du m\u00f6chtest Industriekauffrau\/-mann oder Zerspanungsmechaniker\/in werden? Dann bewirb dich bei EVE, denn bei uns kochen Azubis keinen Kaffee! Du bist von Beginn an ein wertvolles Mitglied der Firma, \u00fcbernimmst Verantwortung und kannst in den unterschiedlichsten Berufsfeldern praktische Erfahrung sammeln. Deine Ausbildung steht f\u00fcr uns dabei jederzeit im Fokus.<\/p>\n<\/div><figure class=\"wp-block-media-text__media\"><img decoding=\"async\" width=\"1024\" height=\"683\" src=\"https:\/\/www.eve-rotary.com\/wp-content\/uploads\/2020\/04\/20200415_Karriere_Azubi_001-1024x683.jpg\" alt=\"\" class=\"wp-image-11125 size-full\"\/><\/figure><\/div>\n\n\n\n<div class=\"wp-block-media-text alignfull is-stacked-on-mobile\"><figure class=\"wp-block-media-text__media\"><img decoding=\"async\" width=\"1024\" height=\"683\" src=\"https:\/\/www.eve-rotary.com\/wp-content\/uploads\/2020\/04\/20200415_Karriere_Produktion_001-1024x683.jpg\" alt=\"\" class=\"wp-image-11129 size-full\"\/><\/figure><div class=\"wp-block-media-text__content\">\n<h3 class=\"wp-block-heading has-blue-color has-text-color\">Produktion<\/h3>\n\n\n\n<p>Sie sind ein Macher und haben Interesse an einer Aufgabe im Bereich der Produktion oder des Lagers? Beweisen Sie Einsatz und Zuverl\u00e4ssigkeit und werden zu einem wichtigen Teil unseres Produktionsteams. Regelm\u00e4\u00dfig erweitern wir unser Team im Bereich Fertigung, Lager, Qualit\u00e4tsmanagement oder einem der anderen spannenden und abwechslungsreichen Bereiche.&nbsp;<\/p>\n<\/div><\/div>\n\n\n\n<div class=\"wp-block-media-text alignfull has-media-on-the-right is-stacked-on-mobile\"><div class=\"wp-block-media-text__content\">\n<h3 class=\"wp-block-heading has-blue-color has-text-color\">Administration<\/h3>\n\n\n\n<p>Sie sind ein Organisationstalent und haben ein gutes Auge f\u00fcr Details. Dann ist eine unserer zahlreichen T\u00e4tigkeiten im administrativen Bereich genau das Richtige f\u00fcr Sie! Wir suchen regelm\u00e4\u00dfig neue Mitarbeiter f\u00fcr die Abteilungen der operativen Abwicklung.<\/p>\n<\/div><figure class=\"wp-block-media-text__media\"><img decoding=\"async\" width=\"1024\" height=\"683\" src=\"https:\/\/www.eve-rotary.com\/wp-content\/uploads\/2020\/04\/20200415_Karriere_Admin_001-1024x683.jpg\" alt=\"\" class=\"wp-image-11122 size-full\"\/><\/figure><\/div>\n\n\n\n<div style=\"height:150px\" aria-hidden=\"true\" class=\"wp-block-spacer\"><\/div>\n\n\n<div class=\"wp-block-image is-style-default\">\n<figure class=\"aligncenter size-thumbnail is-resized\"><img decoding=\"async\" width=\"360\" height=\"360\" src=\"https:\/\/www.eve-rotary.com\/wp-content\/uploads\/2020\/06\/Karriere-360x360.png\" alt=\"\" class=\"wp-image-11663\" style=\"width:150px;height:150px\"\/><\/figure>\n<\/div>\n\n\n<div class=\"wp-block-group\"><div class=\"wp-block-group__inner-container is-layout-flow wp-block-group-is-layout-flow\">\n<h2 class=\"wp-block-heading has-text-align-center has-blue-color has-text-color\">Kennzeichen der Dentalindustrie<\/h2>\n<\/div><\/div>\n\n\n\n<div class=\"collapse-group\">\n  \n  <div class=\"container\">\n\n    <div class=\"row justify-content-center\">\n\n      \n      <div class=\"col-sm-6 col-md-3\">\n\n        <article class=\"box\">\n\n          \n          <div class=\"title\">\n\n            \n            <h3 class=\"h5\">Zukunftssichere Branche<\/h3>\n\n          <\/div>\n\n          \n        <\/article>\n\n      <\/div>\n\n      \n      <div class=\"col-sm-6 col-md-3\">\n\n        <article class=\"box\">\n\n          \n          <div class=\"title\">\n\n            \n            <h3 class=\"h5\">Hoher Qualit\u00e4tsanspruch<\/h3>\n\n          <\/div>\n\n          \n        <\/article>\n\n      <\/div>\n\n      \n      <div class=\"col-sm-6 col-md-3\">\n\n        <article class=\"box\">\n\n          \n          <div class=\"title\">\n\n            \n            <h3 class=\"h5\">Weltweite Absatzm\u00e4rkte<\/h3>\n\n          <\/div>\n\n          \n        <\/article>\n\n      <\/div>\n\n        \n\n    <\/div>\n    \n  <\/div>\n      \n<\/div>\n\n\n\n\n<div style=\"height:150px\" aria-hidden=\"true\" class=\"wp-block-spacer\"><\/div>\n\n\n<div class=\"wp-block-image\">\n<figure class=\"aligncenter size-thumbnail is-resized\"><img decoding=\"async\" width=\"360\" height=\"360\" src=\"https:\/\/www.eve-rotary.com\/wp-content\/uploads\/2020\/06\/Karriere2-360x360.png\" alt=\"\" class=\"wp-image-11665\" style=\"width:150px;height:150px\"\/><\/figure>\n<\/div>\n\n\n<h2 class=\"wp-block-heading has-text-align-center has-blue-color has-text-color\">Die Rolle von EVE auf dem Markt&nbsp;<\/h2>\n\n\n\n<div class=\"collapse-group\">\n  \n  <div class=\"container\">\n\n    <div class=\"row justify-content-center\">\n\n      \n      <div class=\"col-sm-6 col-md-3\">\n\n        <article class=\"box\">\n\n          \n          <div class=\"title\">\n\n            \n            <h3 class=\"h5\">Eines der umfangreichsten Sortimente weltweit im Bereich Schleifen und Polieren<\/h3>\n\n          <\/div>\n\n          \n        <\/article>\n\n      <\/div>\n\n      \n      <div class=\"col-sm-6 col-md-3\">\n\n        <article class=\"box\">\n\n          \n          <div class=\"title\">\n\n            \n            <h3 class=\"h5\">Technologief\u00fchrer im Bereich unserer Produktanwendung<\/h3>\n\n          <\/div>\n\n          \n        <\/article>\n\n      <\/div>\n\n      \n      <div class=\"col-sm-6 col-md-3\">\n\n        <article class=\"box\">\n\n          \n          <div class=\"title\">\n\n            \n            <h3 class=\"h5\">Internationaler Nischenplayer<\/h3>\n\n          <\/div>\n\n          \n        <\/article>\n\n      <\/div>\n\n        \n\n    <\/div>\n    \n  <\/div>\n      \n<\/div>\n\n\n\n\n<div style=\"height:150px\" aria-hidden=\"true\" class=\"wp-block-spacer\"><\/div>\n\n\n<div class=\"wp-block-image\">\n<figure class=\"aligncenter size-thumbnail is-resized\"><img decoding=\"async\" width=\"360\" height=\"360\" src=\"https:\/\/www.eve-rotary.com\/wp-content\/uploads\/2020\/06\/Karriere3-360x360.png\" alt=\"\" class=\"wp-image-11667\" style=\"width:150px;height:150px\"\/><\/figure>\n<\/div>\n\n\n<h2 class=\"wp-block-heading has-text-align-center has-blue-color has-text-color\">Was&nbsp;EVE&nbsp;als Arbeitgeber auszeichnet <\/h2>\n\n\n\n<p><\/p>\n\n\n\n<div class=\"collapse-group\">\n  \n  <div class=\"container\">\n\n    <div class=\"row justify-content-center\">\n\n      \n      <div class=\"col-sm-6 col-md-3\">\n\n        <article class=\"box\">\n\n          \n          <div class=\"title\">\n\n            \n            <h3 class=\"h5\">Geregelte, gut planbare Arbeitszeiten <\/h3>\n\n          <\/div>\n\n          \n        <\/article>\n\n      <\/div>\n\n      \n      <div class=\"col-sm-6 col-md-3\">\n\n        <article class=\"box\">\n\n          \n          <div class=\"title\">\n\n            \n            <h3 class=\"h5\">Gleitzeit<\/h3>\n\n          <\/div>\n\n          \n        <\/article>\n\n      <\/div>\n\n      \n      <div class=\"col-sm-6 col-md-3\">\n\n        <article class=\"box\">\n\n          \n          <div class=\"title\">\n\n            \n            <h3 class=\"h5\">Faire und leistungsorientierte Bezahlung<\/h3>\n\n          <\/div>\n\n          \n        <\/article>\n\n      <\/div>\n\n      \n      <div class=\"col-sm-6 col-md-3\">\n\n        <article class=\"box\">\n\n          \n          <div class=\"title\">\n\n            \n            <h3 class=\"h5\">Moderne und klimatisierte Arbeitspl\u00e4tze<\/h3>\n\n          <\/div>\n\n          \n        <\/article>\n\n      <\/div>\n\n      \n      <div class=\"col-sm-6 col-md-3\">\n\n        <article class=\"box\">\n\n          \n          <div class=\"title\">\n\n            \n            <h3 class=\"h5\">Geringe Mitarbeiterfluktuation<\/h3>\n\n          <\/div>\n\n          \n        <\/article>\n\n      <\/div>\n\n      \n      <div class=\"col-sm-6 col-md-3\">\n\n        <article class=\"box\">\n\n          \n          <div class=\"title\">\n\n            \n            <h3 class=\"h5\">Kurze Entscheidungswege <\/h3>\n\n          <\/div>\n\n          \n        <\/article>\n\n      <\/div>\n\n      \n      <div class=\"col-sm-6 col-md-3\">\n\n        <article class=\"box\">\n\n          \n          <div class=\"title\">\n\n            \n            <h3 class=\"h5\">Pers\u00f6nliche Entwicklungs- m\u00f6glichkeiten<\/h3>\n\n          <\/div>\n\n          \n        <\/article>\n\n      <\/div>\n\n      \n      <div class=\"col-sm-6 col-md-3\">\n\n        <article class=\"box\">\n\n          \n          <div class=\"title\">\n\n            \n            <h3 class=\"h5\">Fachliche Weiterbildungs- m\u00f6glichkeiten <\/h3>\n\n          <\/div>\n\n          \n        <\/article>\n\n      <\/div>\n\n      \n      <div class=\"col-sm-6 col-md-3\">\n\n        <article class=\"box\">\n\n          \n          <div class=\"title\">\n\n            \n            <h3 class=\"h5\">M\u00f6glichkeiten zur aktiven Mitgestaltung<\/h3>\n\n          <\/div>\n\n          \n        <\/article>\n\n      <\/div>\n\n      \n      <div class=\"col-sm-6 col-md-3\">\n\n        <article class=\"box\">\n\n          \n          <div class=\"title\">\n\n            \n            <h3 class=\"h5\">Zuschuss zur betrieblichen Altersvorsorge<\/h3>\n\n          <\/div>\n\n          \n        <\/article>\n\n      <\/div>\n\n      \n      <div class=\"col-sm-6 col-md-3\">\n\n        <article class=\"box\">\n\n          \n          <div class=\"title\">\n\n            \n            <h3 class=\"h5\">Gutscheinsystem<\/h3>\n\n          <\/div>\n\n          \n        <\/article>\n\n      <\/div>\n\n      \n      <div class=\"col-sm-6 col-md-3\">\n\n        <article class=\"box\">\n\n          \n          <div class=\"title\">\n\n            \n            <h3 class=\"h5\">Kostenfreie Parkpl\u00e4tze<\/h3>\n\n          <\/div>\n\n          \n        <\/article>\n\n      <\/div>\n\n      \n      <div class=\"col-sm-6 col-md-3\">\n\n        <article class=\"box\">\n\n          \n          <div class=\"title\">\n\n            \n            <h3 class=\"h5\">Bezuschusste Mahlzeiten, kostenfreie Getr\u00e4nke und Obst<\/h3>\n\n          <\/div>\n\n          \n        <\/article>\n\n      <\/div>\n\n      \n      <div class=\"col-sm-6 col-md-3\">\n\n        <article class=\"box\">\n\n          \n          <div class=\"title\">\n\n            \n            <h3 class=\"h5\">Firmenveranstaltungen <\/h3>\n\n          <\/div>\n\n          \n        <\/article>\n\n      <\/div>\n\n        \n\n    <\/div>\n    \n  <\/div>\n      \n<\/div>\n\n\n\n\n<div style=\"height:150px\" aria-hidden=\"true\" class=\"wp-block-spacer\"><\/div>\n\n\n\n<div class=\"wp-block-group\"><div class=\"wp-block-group__inner-container is-layout-flow wp-block-group-is-layout-flow\">\n<p class=\"has-text-align-center\"><a href=\"https:\/\/www.kununu.com\/de\/eve-ernst-vetter?utm_source=widget&amp;utm_campaign=widget_selfservice_scorelarge\" target=\"_blank\" rel=\"nofollow noopener\"><img decoding=\"async\" src=\"https:\/\/www.kununu.com\/de\/partner\/KlVYCFNZVw%3D%3D\/self-service-button?button-type=3\" alt=\"kununu\" width=\"150\" height=\"100\"><\/a><\/p>\n\n\n\n<h2 class=\"wp-block-heading has-text-align-center has-blue-color has-text-color\">Wir haben Ihr Interesse geweckt? <br>Dann bewerben Sie sich jetzt und werden Sie Teil des EVE-Teams!<\/h2>\n\n\n\n<div class=\"wp-block-button is-style-fill aligncenter\"><a class=\"wp-block-button__link wp-element-button\" href=\"https:\/\/www.eve-rotary.com\/de\/stellenangebote\/\">Zu den Stellenangeboten<\/a><\/div>\n\n\n\n<p><\/p>\n<\/div><\/div>\n","protected":false},"excerpt":{"rendered":"<p>ZUSAMMENHALT wird bei uns gro\u00dfgeschrieben, nur gemeinsam sichern wir den Unternehmenserfolg. Als Familienbetrieb bieten wir Freiheiten und Freiraum zur Selbstentfaltung und erwarten im Gegenzug eigenverantwortliches Handeln. Auszubildende Du m\u00f6chtest Industriekauffrau\/-mann oder Zerspanungsmechaniker\/in werden? Dann bewirb dich bei EVE, denn bei uns kochen Azubis keinen Kaffee! Du bist von Beginn an ein wertvolles Mitglied der Firma, [&hellip;]<\/p>\n","protected":false},"author":1,"featured_media":0,"parent":0,"menu_order":48,"comment_status":"closed","ping_status":"closed","template":"","meta":{"footnotes":""},"class_list":["post-6295","page","type-page","status-publish","hentry"],"yoast_head":"<!-- This site is optimized with the Yoast SEO Premium plugin v24.7 (Yoast SEO v27.4) - https:\/\/yoast.com\/product\/yoast-seo-premium-wordpress\/ -->\n<title>Karriere - EVE<\/title>\n<meta name=\"description\" content=\"ZUSAMMENHALT wird bei uns gro\u00dfgeschrieben, nur gemeinsam sichern wir den Unternehmenserfolg. Als Familienbetrieb bieten wir Freiheiten und Freiraum.\" \/>\n<meta name=\"robots\" content=\"index, follow, max-snippet:-1, max-image-preview:large, max-video-preview:-1\" \/>\n<link rel=\"canonical\" href=\"https:\/\/www.eve-rotary.com\/de\/karriere\/\" \/>\n<meta property=\"og:locale\" content=\"de_DE\" \/>\n<meta property=\"og:type\" content=\"article\" \/>\n<meta property=\"og:title\" content=\"Karriere\" \/>\n<meta property=\"og:description\" content=\"ZUSAMMENHALT wird bei uns gro\u00dfgeschrieben, nur gemeinsam sichern wir den Unternehmenserfolg. Als Familienbetrieb bieten wir Freiheiten und Freiraum.\" \/>\n<meta property=\"og:url\" content=\"https:\/\/www.eve-rotary.com\/de\/karriere\/\" \/>\n<meta property=\"og:site_name\" content=\"EVE\" \/>\n<meta property=\"article:publisher\" content=\"https:\/\/de-de.facebook.com\/EVErotary\/\" \/>\n<meta property=\"article:modified_time\" content=\"2024-11-10T23:33:59+00:00\" \/>\n<meta property=\"og:image\" content=\"https:\/\/www.eve-rotary.com\/wp-content\/uploads\/2020\/04\/Karriere_Slider2-scaled.jpg\" \/>\n\t<meta property=\"og:image:width\" content=\"2560\" \/>\n\t<meta property=\"og:image:height\" content=\"684\" \/>\n\t<meta property=\"og:image:type\" content=\"image\/jpeg\" \/>\n<meta name=\"twitter:card\" content=\"summary_large_image\" \/>\n<meta name=\"twitter:label1\" content=\"Gesch\u00e4tzte Lesezeit\" \/>\n\t<meta name=\"twitter:data1\" content=\"3\u00a0Minuten\" \/>\n<script type=\"application\/ld+json\" class=\"yoast-schema-graph\">{\"@context\":\"https:\\\/\\\/schema.org\",\"@graph\":[{\"@type\":\"WebPage\",\"@id\":\"https:\\\/\\\/www.eve-rotary.com\\\/de\\\/karriere\\\/\",\"url\":\"https:\\\/\\\/www.eve-rotary.com\\\/de\\\/karriere\\\/\",\"name\":\"Karriere - EVE\",\"isPartOf\":{\"@id\":\"https:\\\/\\\/www.eve-rotary.com\\\/de\\\/#website\"},\"primaryImageOfPage\":{\"@id\":\"https:\\\/\\\/www.eve-rotary.com\\\/de\\\/karriere\\\/#primaryimage\"},\"image\":{\"@id\":\"https:\\\/\\\/www.eve-rotary.com\\\/de\\\/karriere\\\/#primaryimage\"},\"thumbnailUrl\":\"https:\\\/\\\/www.eve-rotary.com\\\/wp-content\\\/uploads\\\/2020\\\/04\\\/Karriere_Slider2-scaled.jpg\",\"datePublished\":\"2019-10-25T12:20:08+00:00\",\"dateModified\":\"2024-11-10T23:33:59+00:00\",\"description\":\"ZUSAMMENHALT wird bei uns gro\u00dfgeschrieben, nur gemeinsam sichern wir den Unternehmenserfolg. Als Familienbetrieb bieten wir Freiheiten und Freiraum.\",\"breadcrumb\":{\"@id\":\"https:\\\/\\\/www.eve-rotary.com\\\/de\\\/karriere\\\/#breadcrumb\"},\"inLanguage\":\"de\",\"potentialAction\":[{\"@type\":\"ReadAction\",\"target\":[\"https:\\\/\\\/www.eve-rotary.com\\\/de\\\/karriere\\\/\"]}]},{\"@type\":\"ImageObject\",\"inLanguage\":\"de\",\"@id\":\"https:\\\/\\\/www.eve-rotary.com\\\/de\\\/karriere\\\/#primaryimage\",\"url\":\"https:\\\/\\\/www.eve-rotary.com\\\/wp-content\\\/uploads\\\/2020\\\/04\\\/Karriere_Slider2-scaled.jpg\",\"contentUrl\":\"https:\\\/\\\/www.eve-rotary.com\\\/wp-content\\\/uploads\\\/2020\\\/04\\\/Karriere_Slider2-scaled.jpg\"},{\"@type\":\"BreadcrumbList\",\"@id\":\"https:\\\/\\\/www.eve-rotary.com\\\/de\\\/karriere\\\/#breadcrumb\",\"itemListElement\":[{\"@type\":\"ListItem\",\"position\":1,\"name\":\"Startseite\",\"item\":\"https:\\\/\\\/www.eve-rotary.com\\\/de\\\/\"},{\"@type\":\"ListItem\",\"position\":2,\"name\":\"Karriere\"}]},{\"@type\":\"WebSite\",\"@id\":\"https:\\\/\\\/www.eve-rotary.com\\\/de\\\/#website\",\"url\":\"https:\\\/\\\/www.eve-rotary.com\\\/de\\\/\",\"name\":\"EVE\",\"description\":\"Spezialist f\u00fcr rotierende Schleif- und Polierinstrumente\",\"publisher\":{\"@id\":\"https:\\\/\\\/www.eve-rotary.com\\\/de\\\/#organization\"},\"potentialAction\":[{\"@type\":\"SearchAction\",\"target\":{\"@type\":\"EntryPoint\",\"urlTemplate\":\"https:\\\/\\\/www.eve-rotary.com\\\/de\\\/?s={search_term_string}\"},\"query-input\":{\"@type\":\"PropertyValueSpecification\",\"valueRequired\":true,\"valueName\":\"search_term_string\"}}],\"inLanguage\":\"de\"},{\"@type\":\"Organization\",\"@id\":\"https:\\\/\\\/www.eve-rotary.com\\\/de\\\/#organization\",\"name\":\"EVE Ernst Vetter GmbH\",\"url\":\"https:\\\/\\\/www.eve-rotary.com\\\/de\\\/\",\"logo\":{\"@type\":\"ImageObject\",\"inLanguage\":\"de\",\"@id\":\"https:\\\/\\\/www.eve-rotary.com\\\/de\\\/#\\\/schema\\\/logo\\\/image\\\/\",\"url\":\"https:\\\/\\\/www.eve-rotary.com\\\/wp-content\\\/uploads\\\/2019\\\/08\\\/eve-rotary-logo.png\",\"contentUrl\":\"https:\\\/\\\/www.eve-rotary.com\\\/wp-content\\\/uploads\\\/2019\\\/08\\\/eve-rotary-logo.png\",\"width\":285,\"height\":166,\"caption\":\"EVE Ernst Vetter GmbH\"},\"image\":{\"@id\":\"https:\\\/\\\/www.eve-rotary.com\\\/de\\\/#\\\/schema\\\/logo\\\/image\\\/\"},\"sameAs\":[\"https:\\\/\\\/de-de.facebook.com\\\/EVErotary\\\/\",\"https:\\\/\\\/www.instagram.com\\\/eve_rotary\\\/\",\"https:\\\/\\\/www.youtube.com\\\/channel\\\/UCxVbeAk5H2U6YrPME5KC_gg\"]}]}<\/script>\n<!-- \/ Yoast SEO Premium plugin. -->","yoast_head_json":{"title":"Karriere - EVE","description":"ZUSAMMENHALT wird bei uns gro\u00dfgeschrieben, nur gemeinsam sichern wir den Unternehmenserfolg. Als Familienbetrieb bieten wir Freiheiten und Freiraum.","robots":{"index":"index","follow":"follow","max-snippet":"max-snippet:-1","max-image-preview":"max-image-preview:large","max-video-preview":"max-video-preview:-1"},"canonical":"https:\/\/www.eve-rotary.com\/de\/karriere\/","og_locale":"de_DE","og_type":"article","og_title":"Karriere","og_description":"ZUSAMMENHALT wird bei uns gro\u00dfgeschrieben, nur gemeinsam sichern wir den Unternehmenserfolg. Als Familienbetrieb bieten wir Freiheiten und Freiraum.","og_url":"https:\/\/www.eve-rotary.com\/de\/karriere\/","og_site_name":"EVE","article_publisher":"https:\/\/de-de.facebook.com\/EVErotary\/","article_modified_time":"2024-11-10T23:33:59+00:00","og_image":[{"width":2560,"height":684,"url":"https:\/\/www.eve-rotary.com\/wp-content\/uploads\/2020\/04\/Karriere_Slider2-scaled.jpg","type":"image\/jpeg"}],"twitter_card":"summary_large_image","twitter_misc":{"Gesch\u00e4tzte Lesezeit":"3\u00a0Minuten"},"schema":{"@context":"https:\/\/schema.org","@graph":[{"@type":"WebPage","@id":"https:\/\/www.eve-rotary.com\/de\/karriere\/","url":"https:\/\/www.eve-rotary.com\/de\/karriere\/","name":"Karriere - EVE","isPartOf":{"@id":"https:\/\/www.eve-rotary.com\/de\/#website"},"primaryImageOfPage":{"@id":"https:\/\/www.eve-rotary.com\/de\/karriere\/#primaryimage"},"image":{"@id":"https:\/\/www.eve-rotary.com\/de\/karriere\/#primaryimage"},"thumbnailUrl":"https:\/\/www.eve-rotary.com\/wp-content\/uploads\/2020\/04\/Karriere_Slider2-scaled.jpg","datePublished":"2019-10-25T12:20:08+00:00","dateModified":"2024-11-10T23:33:59+00:00","description":"ZUSAMMENHALT wird bei uns gro\u00dfgeschrieben, nur gemeinsam sichern wir den Unternehmenserfolg. Als Familienbetrieb bieten wir Freiheiten und Freiraum.","breadcrumb":{"@id":"https:\/\/www.eve-rotary.com\/de\/karriere\/#breadcrumb"},"inLanguage":"de","potentialAction":[{"@type":"ReadAction","target":["https:\/\/www.eve-rotary.com\/de\/karriere\/"]}]},{"@type":"ImageObject","inLanguage":"de","@id":"https:\/\/www.eve-rotary.com\/de\/karriere\/#primaryimage","url":"https:\/\/www.eve-rotary.com\/wp-content\/uploads\/2020\/04\/Karriere_Slider2-scaled.jpg","contentUrl":"https:\/\/www.eve-rotary.com\/wp-content\/uploads\/2020\/04\/Karriere_Slider2-scaled.jpg"},{"@type":"BreadcrumbList","@id":"https:\/\/www.eve-rotary.com\/de\/karriere\/#breadcrumb","itemListElement":[{"@type":"ListItem","position":1,"name":"Startseite","item":"https:\/\/www.eve-rotary.com\/de\/"},{"@type":"ListItem","position":2,"name":"Karriere"}]},{"@type":"WebSite","@id":"https:\/\/www.eve-rotary.com\/de\/#website","url":"https:\/\/www.eve-rotary.com\/de\/","name":"EVE","description":"Spezialist f\u00fcr rotierende Schleif- und Polierinstrumente","publisher":{"@id":"https:\/\/www.eve-rotary.com\/de\/#organization"},"potentialAction":[{"@type":"SearchAction","target":{"@type":"EntryPoint","urlTemplate":"https:\/\/www.eve-rotary.com\/de\/?s={search_term_string}"},"query-input":{"@type":"PropertyValueSpecification","valueRequired":true,"valueName":"search_term_string"}}],"inLanguage":"de"},{"@type":"Organization","@id":"https:\/\/www.eve-rotary.com\/de\/#organization","name":"EVE Ernst Vetter GmbH","url":"https:\/\/www.eve-rotary.com\/de\/","logo":{"@type":"ImageObject","inLanguage":"de","@id":"https:\/\/www.eve-rotary.com\/de\/#\/schema\/logo\/image\/","url":"https:\/\/www.eve-rotary.com\/wp-content\/uploads\/2019\/08\/eve-rotary-logo.png","contentUrl":"https:\/\/www.eve-rotary.com\/wp-content\/uploads\/2019\/08\/eve-rotary-logo.png","width":285,"height":166,"caption":"EVE Ernst Vetter GmbH"},"image":{"@id":"https:\/\/www.eve-rotary.com\/de\/#\/schema\/logo\/image\/"},"sameAs":["https:\/\/de-de.facebook.com\/EVErotary\/","https:\/\/www.instagram.com\/eve_rotary\/","https:\/\/www.youtube.com\/channel\/UCxVbeAk5H2U6YrPME5KC_gg"]}]}},"_links":{"self":[{"href":"https:\/\/www.eve-rotary.com\/de\/wp-json\/wp\/v2\/pages\/6295","targetHints":{"allow":["GET"]}}],"collection":[{"href":"https:\/\/www.eve-rotary.com\/de\/wp-json\/wp\/v2\/pages"}],"about":[{"href":"https:\/\/www.eve-rotary.com\/de\/wp-json\/wp\/v2\/types\/page"}],"author":[{"embeddable":true,"href":"https:\/\/www.eve-rotary.com\/de\/wp-json\/wp\/v2\/users\/1"}],"replies":[{"embeddable":true,"href":"https:\/\/www.eve-rotary.com\/de\/wp-json\/wp\/v2\/comments?post=6295"}],"version-history":[{"count":18,"href":"https:\/\/www.eve-rotary.com\/de\/wp-json\/wp\/v2\/pages\/6295\/revisions"}],"predecessor-version":[{"id":14990,"href":"https:\/\/www.eve-rotary.com\/de\/wp-json\/wp\/v2\/pages\/6295\/revisions\/14990"}],"wp:attachment":[{"href":"https:\/\/www.eve-rotary.com\/de\/wp-json\/wp\/v2\/media?parent=6295"}],"curies":[{"name":"wp","href":"https:\/\/api.w.org\/{rel}","templated":true}]}}