{"id":6301,"date":"2019-11-14T10:33:35","date_gmt":"2019-11-14T09:33:35","guid":{"rendered":"https:\/\/www.eve-rotary.com\/?page_id=6301"},"modified":"2020-06-24T13:43:46","modified_gmt":"2020-06-24T11:43:46","slug":"haendler-werden","status":"publish","type":"page","link":"https:\/\/www.eve-rotary.com\/de\/haendler-werden\/","title":{"rendered":"H\u00e4ndler werden"},"content":{"rendered":"\n<h1 class=\"has-blue-color has-text-color wp-block-heading\">H\u00e4ndler werden<\/h1>\n\n\n\n<p>Geben Sie uns die M\u00f6glichkeit, Ihr Unternehmen bereits vorab besser kennenzulernen. Bitte f\u00fcllen Sie dazu die nachstehenden Felder so weit wie m\u00f6glich aus und senden uns Ihre Anfrage. Wir werden uns dann kurzfristig bei Ihnen melden.<\/p>\n\n\n\n<div class=\"wpcf7 no-js\" id=\"wpcf7-f6302-o1\" lang=\"de-DE\" dir=\"ltr\" data-wpcf7-id=\"6302\">\n<div class=\"screen-reader-response\"><p role=\"status\" aria-live=\"polite\" aria-atomic=\"true\"><\/p> <ul><\/ul><\/div>\n<form action=\"\/de\/wp-json\/wp\/v2\/pages\/6301#wpcf7-f6302-o1\" method=\"post\" class=\"wpcf7-form init\" aria-label=\"Kontaktformular\" novalidate=\"novalidate\" data-status=\"init\">\n<fieldset class=\"hidden-fields-container\"><input type=\"hidden\" name=\"_wpcf7\" value=\"6302\" \/><input type=\"hidden\" name=\"_wpcf7_version\" value=\"6.1.5\" \/><input type=\"hidden\" name=\"_wpcf7_locale\" value=\"de_DE\" \/><input type=\"hidden\" name=\"_wpcf7_unit_tag\" value=\"wpcf7-f6302-o1\" \/><input type=\"hidden\" name=\"_wpcf7_container_post\" value=\"0\" \/><input type=\"hidden\" name=\"_wpcf7_posted_data_hash\" value=\"\" \/>\n<\/fieldset>\n<span id=\"wpcf7-69d2941e4da5b-wrapper\" class=\"wpcf7-form-control-wrap mail-wrap\" ><label for=\"wpcf7-69d2941e4da5b-field\" class=\"hp-message\">Bitte lasse dieses Feld leer.<\/label><input id=\"wpcf7-69d2941e4da5b-field\"  class=\"wpcf7-form-control wpcf7-text\" type=\"text\" name=\"mail\" value=\"\" size=\"40\" tabindex=\"-1\" autocomplete=\"new-password\" \/><\/span><h4>Firmendaten<\/h4><div class=\"form-group\">  <label>Firmenname:<\/label>  <span class=\"wpcf7-form-control-wrap\" data-name=\"eve-company\"><input size=\"40\" maxlength=\"400\" class=\"wpcf7-form-control wpcf7-text form-control\" aria-invalid=\"false\" value=\"\" type=\"text\" name=\"eve-company\" \/><\/span><\/div><div class=\"row\">  <div class=\"col-sm-6\">    <div class=\"form-group\">      <label>Ansprechpartner: *<\/label>      <span class=\"wpcf7-form-control-wrap\" data-name=\"eve-name\"><input size=\"40\" maxlength=\"400\" class=\"wpcf7-form-control wpcf7-text wpcf7-validates-as-required form-control\" aria-required=\"true\" aria-invalid=\"false\" value=\"\" type=\"text\" name=\"eve-name\" \/><\/span>    <\/div>  <\/div>  <div class=\"col-sm-6\">    <div class=\"form-group\">      <label>Position:<\/label>      <span class=\"wpcf7-form-control-wrap\" data-name=\"eve-position\"><input size=\"40\" maxlength=\"400\" class=\"wpcf7-form-control wpcf7-text form-control\" aria-invalid=\"false\" value=\"\" type=\"text\" name=\"eve-position\" \/><\/span>    <\/div>  <\/div><\/div><div class=\"row\">  <div class=\"col-sm-6\">    <div class=\"form-group\">      <label>E-Mail-Adresse: *<\/label>      <span class=\"wpcf7-form-control-wrap\" data-name=\"eve-email\"><input size=\"40\" maxlength=\"400\" class=\"wpcf7-form-control wpcf7-email wpcf7-validates-as-required wpcf7-text wpcf7-validates-as-email form-control\" aria-required=\"true\" aria-invalid=\"false\" value=\"\" type=\"email\" name=\"eve-email\" \/><\/span>    <\/div>  <\/div>  <div class=\"col-sm-6\">    <div class=\"form-group\">      <label>Telefonnummer:<\/label>      <span class=\"wpcf7-form-control-wrap\" data-name=\"eve-tel\"><input size=\"40\" maxlength=\"400\" class=\"wpcf7-form-control wpcf7-tel wpcf7-text wpcf7-validates-as-tel form-control\" aria-invalid=\"false\" value=\"\" type=\"tel\" name=\"eve-tel\" \/><\/span>    <\/div>  <\/div><\/div><div class=\"form-group\">  <label>Adresse:<\/label>  <span class=\"wpcf7-form-control-wrap\" data-name=\"eve-address\"><textarea cols=\"40\" rows=\"3\" maxlength=\"2000\" class=\"wpcf7-form-control wpcf7-textarea form-control\" aria-invalid=\"false\" name=\"eve-address\"><\/textarea><\/span><\/div><div class=\"form-group\">  <label>Homepage:<\/label>  <span class=\"wpcf7-form-control-wrap\" data-name=\"eve-website\"><input size=\"40\" maxlength=\"400\" class=\"wpcf7-form-control wpcf7-url wpcf7-text wpcf7-validates-as-url form-control\" aria-invalid=\"false\" value=\"\" type=\"url\" name=\"eve-website\" \/><\/span><\/div><div class=\"form-group\">  <label>Gr\u00fcndungsjahr:<\/label>  <span class=\"wpcf7-form-control-wrap\" data-name=\"eve-founding-year\"><input size=\"40\" maxlength=\"400\" class=\"wpcf7-form-control wpcf7-text form-control\" aria-invalid=\"false\" value=\"\" type=\"text\" name=\"eve-founding-year\" \/><\/span><\/div><div class=\"form-group\">  <label>Industriebereiche:<\/label>  <div class=\"form-check\">    <span class=\"wpcf7-form-control-wrap\" data-name=\"eve-industry\"><span class=\"wpcf7-form-control wpcf7-checkbox\"><span class=\"wpcf7-list-item first\"><label><input type=\"checkbox\" name=\"eve-industry[]\" value=\"Zahnmedizin\" \/><span class=\"wpcf7-list-item-label\">Zahnmedizin<\/span><\/label><\/span><span class=\"wpcf7-list-item\"><label><input type=\"checkbox\" name=\"eve-industry[]\" value=\"Zahntechnik\" \/><span class=\"wpcf7-list-item-label\">Zahntechnik<\/span><\/label><\/span><span class=\"wpcf7-list-item last\"><label><input type=\"checkbox\" name=\"eve-industry[]\" value=\"Schmuck\" \/><span class=\"wpcf7-list-item-label\">Schmuck<\/span><\/label><\/span><\/span><\/span>  <\/div><\/div><hr \/><h4>Wie sind Sie auf uns aufmerksam geworden?<\/h4><div class=\"form-group\">  <span class=\"wpcf7-form-control-wrap\" data-name=\"eve-how-found-us\"><select class=\"wpcf7-form-control wpcf7-select form-control\" aria-invalid=\"false\" name=\"eve-how-found-us\"><option value=\"Internetrecherche\">Internetrecherche<\/option><option value=\"Empfehlung\">Empfehlung<\/option><option value=\"Messe\">Messe<\/option><option value=\"Werbung\">Werbung<\/option><option value=\"Fachmagazine\">Fachmagazine<\/option><option value=\"anderweitig\">anderweitig<\/option><\/select><\/span><\/div><hr \/><h4>Kommentar<\/h4><div class=\"form-group\">  <span class=\"wpcf7-form-control-wrap\" data-name=\"eve-comment\"><textarea cols=\"40\" rows=\"3\" maxlength=\"2000\" class=\"wpcf7-form-control wpcf7-textarea form-control\" aria-invalid=\"false\" name=\"eve-comment\"><\/textarea><\/span><\/div><div class=\"form-check\">  <span class=\"wpcf7-form-control-wrap\" data-name=\"eve-privacy\"><span class=\"wpcf7-form-control wpcf7-acceptance\"><span class=\"wpcf7-list-item\"><label><input type=\"checkbox\" name=\"eve-privacy\" value=\"1\" aria-invalid=\"false\" \/><span class=\"wpcf7-list-item-label\">Ja, ich habe die <a href=\"\/datenschutz\/\" target=\"_blank\">Datenschutzbestimmungen<\/a> gelesen und stimme diesen zu.<\/span><\/label><\/span><\/span><\/span><\/div><button type=\"submit\" class=\"btn btn-primary\">Senden<\/button><div class=\"wpcf7-response-output\" aria-hidden=\"true\"><\/div>\n<\/form>\n<\/div>\n\n","protected":false},"excerpt":{"rendered":"<p>H\u00e4ndler werden Geben Sie uns die M\u00f6glichkeit, Ihr Unternehmen bereits vorab besser kennenzulernen. Bitte f\u00fcllen Sie dazu die nachstehenden Felder so weit wie m\u00f6glich aus und senden uns Ihre Anfrage. Wir werden uns dann kurzfristig bei Ihnen melden.<\/p>\n","protected":false},"author":1,"featured_media":0,"parent":0,"menu_order":29,"comment_status":"closed","ping_status":"closed","template":"page-sidebar.php","meta":{"footnotes":""},"class_list":["post-6301","page","type-page","status-publish","hentry"],"yoast_head":"<!-- This site is optimized with the Yoast SEO Premium plugin v24.7 (Yoast SEO v27.2) - https:\/\/yoast.com\/product\/yoast-seo-premium-wordpress\/ -->\n<title>H\u00e4ndler werden - EVE<\/title>\n<meta name=\"description\" content=\"Geben Sie uns die M\u00f6glichkeit Ihr Unternehmen bereits vorab besser kennenzulernen. Senden uns Ihre Anfrage.\" \/>\n<meta name=\"robots\" content=\"index, follow, max-snippet:-1, max-image-preview:large, max-video-preview:-1\" \/>\n<link rel=\"canonical\" href=\"https:\/\/www.eve-rotary.com\/de\/haendler-werden\/\" \/>\n<meta property=\"og:locale\" content=\"de_DE\" \/>\n<meta property=\"og:type\" content=\"article\" \/>\n<meta property=\"og:title\" content=\"H\u00e4ndler werden\" \/>\n<meta property=\"og:description\" content=\"Geben Sie uns die M\u00f6glichkeit Ihr Unternehmen bereits vorab besser kennenzulernen. Senden uns Ihre Anfrage.\" \/>\n<meta property=\"og:url\" content=\"https:\/\/www.eve-rotary.com\/de\/haendler-werden\/\" \/>\n<meta property=\"og:site_name\" content=\"EVE\" \/>\n<meta property=\"article:publisher\" content=\"https:\/\/de-de.facebook.com\/EVErotary\/\" \/>\n<meta property=\"article:modified_time\" content=\"2020-06-24T11:43:46+00:00\" \/>\n<meta name=\"twitter:card\" content=\"summary_large_image\" \/>\n<script type=\"application\/ld+json\" class=\"yoast-schema-graph\">{\"@context\":\"https:\/\/schema.org\",\"@graph\":[{\"@type\":\"WebPage\",\"@id\":\"https:\/\/www.eve-rotary.com\/de\/haendler-werden\/\",\"url\":\"https:\/\/www.eve-rotary.com\/de\/haendler-werden\/\",\"name\":\"H\u00e4ndler werden - EVE\",\"isPartOf\":{\"@id\":\"https:\/\/www.eve-rotary.com\/de\/#website\"},\"datePublished\":\"2019-11-14T09:33:35+00:00\",\"dateModified\":\"2020-06-24T11:43:46+00:00\",\"description\":\"Geben Sie uns die M\u00f6glichkeit Ihr Unternehmen bereits vorab besser kennenzulernen. Senden uns Ihre Anfrage.\",\"breadcrumb\":{\"@id\":\"https:\/\/www.eve-rotary.com\/de\/haendler-werden\/#breadcrumb\"},\"inLanguage\":\"de\",\"potentialAction\":[{\"@type\":\"ReadAction\",\"target\":[\"https:\/\/www.eve-rotary.com\/de\/haendler-werden\/\"]}]},{\"@type\":\"BreadcrumbList\",\"@id\":\"https:\/\/www.eve-rotary.com\/de\/haendler-werden\/#breadcrumb\",\"itemListElement\":[{\"@type\":\"ListItem\",\"position\":1,\"name\":\"Startseite\",\"item\":\"https:\/\/www.eve-rotary.com\/de\/\"},{\"@type\":\"ListItem\",\"position\":2,\"name\":\"H\u00e4ndler werden\"}]},{\"@type\":\"WebSite\",\"@id\":\"https:\/\/www.eve-rotary.com\/de\/#website\",\"url\":\"https:\/\/www.eve-rotary.com\/de\/\",\"name\":\"EVE\",\"description\":\"Spezialist f\u00fcr rotierende Schleif- und Polierinstrumente\",\"publisher\":{\"@id\":\"https:\/\/www.eve-rotary.com\/de\/#organization\"},\"potentialAction\":[{\"@type\":\"SearchAction\",\"target\":{\"@type\":\"EntryPoint\",\"urlTemplate\":\"https:\/\/www.eve-rotary.com\/de\/?s={search_term_string}\"},\"query-input\":{\"@type\":\"PropertyValueSpecification\",\"valueRequired\":true,\"valueName\":\"search_term_string\"}}],\"inLanguage\":\"de\"},{\"@type\":\"Organization\",\"@id\":\"https:\/\/www.eve-rotary.com\/de\/#organization\",\"name\":\"EVE Ernst Vetter GmbH\",\"url\":\"https:\/\/www.eve-rotary.com\/de\/\",\"logo\":{\"@type\":\"ImageObject\",\"inLanguage\":\"de\",\"@id\":\"https:\/\/www.eve-rotary.com\/de\/#\/schema\/logo\/image\/\",\"url\":\"https:\/\/www.eve-rotary.com\/wp-content\/uploads\/2019\/08\/eve-rotary-logo.png\",\"contentUrl\":\"https:\/\/www.eve-rotary.com\/wp-content\/uploads\/2019\/08\/eve-rotary-logo.png\",\"width\":285,\"height\":166,\"caption\":\"EVE Ernst Vetter GmbH\"},\"image\":{\"@id\":\"https:\/\/www.eve-rotary.com\/de\/#\/schema\/logo\/image\/\"},\"sameAs\":[\"https:\/\/de-de.facebook.com\/EVErotary\/\",\"https:\/\/www.instagram.com\/eve_rotary\/\",\"https:\/\/www.youtube.com\/channel\/UCxVbeAk5H2U6YrPME5KC_gg\"]}]}<\/script>\n<!-- \/ Yoast SEO Premium plugin. -->","yoast_head_json":{"title":"H\u00e4ndler werden - EVE","description":"Geben Sie uns die M\u00f6glichkeit Ihr Unternehmen bereits vorab besser kennenzulernen. Senden uns Ihre Anfrage.","robots":{"index":"index","follow":"follow","max-snippet":"max-snippet:-1","max-image-preview":"max-image-preview:large","max-video-preview":"max-video-preview:-1"},"canonical":"https:\/\/www.eve-rotary.com\/de\/haendler-werden\/","og_locale":"de_DE","og_type":"article","og_title":"H\u00e4ndler werden","og_description":"Geben Sie uns die M\u00f6glichkeit Ihr Unternehmen bereits vorab besser kennenzulernen. Senden uns Ihre Anfrage.","og_url":"https:\/\/www.eve-rotary.com\/de\/haendler-werden\/","og_site_name":"EVE","article_publisher":"https:\/\/de-de.facebook.com\/EVErotary\/","article_modified_time":"2020-06-24T11:43:46+00:00","twitter_card":"summary_large_image","schema":{"@context":"https:\/\/schema.org","@graph":[{"@type":"WebPage","@id":"https:\/\/www.eve-rotary.com\/de\/haendler-werden\/","url":"https:\/\/www.eve-rotary.com\/de\/haendler-werden\/","name":"H\u00e4ndler werden - EVE","isPartOf":{"@id":"https:\/\/www.eve-rotary.com\/de\/#website"},"datePublished":"2019-11-14T09:33:35+00:00","dateModified":"2020-06-24T11:43:46+00:00","description":"Geben Sie uns die M\u00f6glichkeit Ihr Unternehmen bereits vorab besser kennenzulernen. Senden uns Ihre Anfrage.","breadcrumb":{"@id":"https:\/\/www.eve-rotary.com\/de\/haendler-werden\/#breadcrumb"},"inLanguage":"de","potentialAction":[{"@type":"ReadAction","target":["https:\/\/www.eve-rotary.com\/de\/haendler-werden\/"]}]},{"@type":"BreadcrumbList","@id":"https:\/\/www.eve-rotary.com\/de\/haendler-werden\/#breadcrumb","itemListElement":[{"@type":"ListItem","position":1,"name":"Startseite","item":"https:\/\/www.eve-rotary.com\/de\/"},{"@type":"ListItem","position":2,"name":"H\u00e4ndler werden"}]},{"@type":"WebSite","@id":"https:\/\/www.eve-rotary.com\/de\/#website","url":"https:\/\/www.eve-rotary.com\/de\/","name":"EVE","description":"Spezialist f\u00fcr rotierende Schleif- und Polierinstrumente","publisher":{"@id":"https:\/\/www.eve-rotary.com\/de\/#organization"},"potentialAction":[{"@type":"SearchAction","target":{"@type":"EntryPoint","urlTemplate":"https:\/\/www.eve-rotary.com\/de\/?s={search_term_string}"},"query-input":{"@type":"PropertyValueSpecification","valueRequired":true,"valueName":"search_term_string"}}],"inLanguage":"de"},{"@type":"Organization","@id":"https:\/\/www.eve-rotary.com\/de\/#organization","name":"EVE Ernst Vetter GmbH","url":"https:\/\/www.eve-rotary.com\/de\/","logo":{"@type":"ImageObject","inLanguage":"de","@id":"https:\/\/www.eve-rotary.com\/de\/#\/schema\/logo\/image\/","url":"https:\/\/www.eve-rotary.com\/wp-content\/uploads\/2019\/08\/eve-rotary-logo.png","contentUrl":"https:\/\/www.eve-rotary.com\/wp-content\/uploads\/2019\/08\/eve-rotary-logo.png","width":285,"height":166,"caption":"EVE Ernst Vetter GmbH"},"image":{"@id":"https:\/\/www.eve-rotary.com\/de\/#\/schema\/logo\/image\/"},"sameAs":["https:\/\/de-de.facebook.com\/EVErotary\/","https:\/\/www.instagram.com\/eve_rotary\/","https:\/\/www.youtube.com\/channel\/UCxVbeAk5H2U6YrPME5KC_gg"]}]}},"_links":{"self":[{"href":"https:\/\/www.eve-rotary.com\/de\/wp-json\/wp\/v2\/pages\/6301","targetHints":{"allow":["GET"]}}],"collection":[{"href":"https:\/\/www.eve-rotary.com\/de\/wp-json\/wp\/v2\/pages"}],"about":[{"href":"https:\/\/www.eve-rotary.com\/de\/wp-json\/wp\/v2\/types\/page"}],"author":[{"embeddable":true,"href":"https:\/\/www.eve-rotary.com\/de\/wp-json\/wp\/v2\/users\/1"}],"replies":[{"embeddable":true,"href":"https:\/\/www.eve-rotary.com\/de\/wp-json\/wp\/v2\/comments?post=6301"}],"version-history":[{"count":0,"href":"https:\/\/www.eve-rotary.com\/de\/wp-json\/wp\/v2\/pages\/6301\/revisions"}],"wp:attachment":[{"href":"https:\/\/www.eve-rotary.com\/de\/wp-json\/wp\/v2\/media?parent=6301"}],"curies":[{"name":"wp","href":"https:\/\/api.w.org\/{rel}","templated":true}]}}