{"id":84,"date":"2018-12-21T11:00:20","date_gmt":"2018-12-21T10:00:20","guid":{"rendered":"http:\/\/localhost\/eve\/?page_id=13"},"modified":"2021-08-02T11:16:32","modified_gmt":"2021-08-02T09:16:32","slug":"haendler","status":"publish","type":"page","link":"https:\/\/www.eve-rotary.com\/de\/haendler\/","title":{"rendered":"H\u00e4ndler"},"content":{"rendered":"\n<div class=\"wp-block-columns has-2-columns is-layout-flex wp-container-core-columns-is-layout-9d6595d7 wp-block-columns-is-layout-flex\">\n<div class=\"wp-block-column is-style-space-between is-layout-flow wp-block-column-is-layout-flow\">\n<div class=\"wp-block-group\"><div class=\"wp-block-group__inner-container is-layout-flow wp-block-group-is-layout-flow\">\n<h2 class=\"has-blue-color has-text-color wp-block-heading\">EVE Produkte kaufen<\/h2>\n\n\n\n<p>Sie m\u00f6chten EVE Produkte erwerben? EVE vertreibt seine Produkte ausschlie\u00dflich \u00fcber Fachh\u00e4ndler. Finden Sie mithilfe unserer Filterfunktion einen H\u00e4ndler in Ihrer N\u00e4he und kontaktieren Sie ihn direkt. Die&nbsp;farbigen&nbsp;Symbole stehen f\u00fcr die&nbsp;Branche, in welcher der H\u00e4ndler t\u00e4tig ist.<\/p>\n<\/div><\/div>\n\n\n\n<div class=\"wp-block-buttons is-layout-flex wp-block-buttons-is-layout-flex\">\n<div class=\"wp-block-button is-style-fill\"><a class=\"wp-block-button__link\" href=\"#\/map\">H\u00e4ndler in der N\u00e4he<\/a><\/div>\n<\/div>\n<\/div>\n\n\n\n<div class=\"wp-block-column is-style-space-between is-layout-flow wp-block-column-is-layout-flow\">\n<div class=\"wp-block-group\"><div class=\"wp-block-group__inner-container is-layout-flow wp-block-group-is-layout-flow\">\n<h2 class=\"has-blue-color has-text-color wp-block-heading\">EVE H\u00e4ndler werden<\/h2>\n\n\n\n<p>Sie sind H\u00e4ndler und m\u00f6chten EVE Produkte in Ihr Sortiment aufnehmen?  Klicken Sie auf den nachfolgenden Button und f\u00fcllen Sie das Formular aus, wir kommen gerne auf Sie zu.<\/p>\n<\/div><\/div>\n\n\n\n<div class=\"wp-block-buttons is-layout-flex wp-block-buttons-is-layout-flex\">\n<div class=\"wp-block-button is-style-fill\"><a class=\"wp-block-button__link\" href=\"https:\/\/www.eve-rotary.com\/de\/haendler-werden\/\">H\u00e4ndler werden<\/a><\/div>\n<\/div>\n<\/div>\n<\/div>\n","protected":false},"excerpt":{"rendered":"<p>EVE Produkte kaufen Sie m\u00f6chten EVE Produkte erwerben? EVE vertreibt seine Produkte ausschlie\u00dflich \u00fcber Fachh\u00e4ndler. Finden Sie mithilfe unserer Filterfunktion einen H\u00e4ndler in Ihrer N\u00e4he und kontaktieren Sie ihn direkt. Die&nbsp;farbigen&nbsp;Symbole stehen f\u00fcr die&nbsp;Branche, in welcher der H\u00e4ndler t\u00e4tig ist. EVE H\u00e4ndler werden Sie sind H\u00e4ndler und m\u00f6chten EVE Produkte in Ihr Sortiment aufnehmen? Klicken [&hellip;]<\/p>\n","protected":false},"author":1,"featured_media":0,"parent":0,"menu_order":28,"comment_status":"closed","ping_status":"closed","template":"page-dealers.php","meta":{"footnotes":""},"class_list":["post-84","page","type-page","status-publish","hentry"],"yoast_head":"<!-- This site is optimized with the Yoast SEO Premium plugin v24.7 (Yoast SEO v27.4) - https:\/\/yoast.com\/product\/yoast-seo-premium-wordpress\/ -->\n<title>H\u00e4ndler - EVE<\/title>\n<meta name=\"description\" content=\"Finden Sie Fachh\u00e4ndler in Ihrer N\u00e4he finden, um EVE Produkte zu erwerben. Oder schreiben Sie uns als H\u00e4ndler, um EVE Produkte in Ihr Sortiment aufzunehmen.\" \/>\n<meta name=\"robots\" content=\"index, follow, max-snippet:-1, max-image-preview:large, max-video-preview:-1\" \/>\n<link rel=\"canonical\" href=\"https:\/\/www.eve-rotary.com\/de\/haendler\/\" \/>\n<meta property=\"og:locale\" content=\"de_DE\" \/>\n<meta property=\"og:type\" content=\"article\" \/>\n<meta property=\"og:title\" content=\"H\u00e4ndler\" \/>\n<meta property=\"og:description\" content=\"Finden Sie Fachh\u00e4ndler in Ihrer N\u00e4he finden, um EVE Produkte zu erwerben. Oder schreiben Sie uns als H\u00e4ndler, um EVE Produkte in Ihr Sortiment aufzunehmen.\" \/>\n<meta property=\"og:url\" content=\"https:\/\/www.eve-rotary.com\/de\/haendler\/\" \/>\n<meta property=\"og:site_name\" content=\"EVE\" \/>\n<meta property=\"article:publisher\" content=\"https:\/\/de-de.facebook.com\/EVErotary\/\" \/>\n<meta property=\"article:modified_time\" content=\"2021-08-02T09:16:32+00:00\" \/>\n<meta name=\"twitter:card\" content=\"summary_large_image\" \/>\n<meta name=\"twitter:label1\" content=\"Gesch\u00e4tzte Lesezeit\" \/>\n\t<meta name=\"twitter:data1\" content=\"1\u00a0Minute\" \/>\n<script type=\"application\/ld+json\" class=\"yoast-schema-graph\">{\"@context\":\"https:\\\/\\\/schema.org\",\"@graph\":[{\"@type\":\"WebPage\",\"@id\":\"https:\\\/\\\/www.eve-rotary.com\\\/de\\\/haendler\\\/\",\"url\":\"https:\\\/\\\/www.eve-rotary.com\\\/de\\\/haendler\\\/\",\"name\":\"H\u00e4ndler - EVE\",\"isPartOf\":{\"@id\":\"https:\\\/\\\/www.eve-rotary.com\\\/de\\\/#website\"},\"datePublished\":\"2018-12-21T10:00:20+00:00\",\"dateModified\":\"2021-08-02T09:16:32+00:00\",\"description\":\"Finden Sie Fachh\u00e4ndler in Ihrer N\u00e4he finden, um EVE Produkte zu erwerben. Oder schreiben Sie uns als H\u00e4ndler, um EVE Produkte in Ihr Sortiment aufzunehmen.\",\"breadcrumb\":{\"@id\":\"https:\\\/\\\/www.eve-rotary.com\\\/de\\\/haendler\\\/#breadcrumb\"},\"inLanguage\":\"de\",\"potentialAction\":[{\"@type\":\"ReadAction\",\"target\":[\"https:\\\/\\\/www.eve-rotary.com\\\/de\\\/haendler\\\/\"]}]},{\"@type\":\"BreadcrumbList\",\"@id\":\"https:\\\/\\\/www.eve-rotary.com\\\/de\\\/haendler\\\/#breadcrumb\",\"itemListElement\":[{\"@type\":\"ListItem\",\"position\":1,\"name\":\"Startseite\",\"item\":\"https:\\\/\\\/www.eve-rotary.com\\\/de\\\/\"},{\"@type\":\"ListItem\",\"position\":2,\"name\":\"H\u00e4ndler\"}]},{\"@type\":\"WebSite\",\"@id\":\"https:\\\/\\\/www.eve-rotary.com\\\/de\\\/#website\",\"url\":\"https:\\\/\\\/www.eve-rotary.com\\\/de\\\/\",\"name\":\"EVE\",\"description\":\"Spezialist f\u00fcr rotierende Schleif- und Polierinstrumente\",\"publisher\":{\"@id\":\"https:\\\/\\\/www.eve-rotary.com\\\/de\\\/#organization\"},\"potentialAction\":[{\"@type\":\"SearchAction\",\"target\":{\"@type\":\"EntryPoint\",\"urlTemplate\":\"https:\\\/\\\/www.eve-rotary.com\\\/de\\\/?s={search_term_string}\"},\"query-input\":{\"@type\":\"PropertyValueSpecification\",\"valueRequired\":true,\"valueName\":\"search_term_string\"}}],\"inLanguage\":\"de\"},{\"@type\":\"Organization\",\"@id\":\"https:\\\/\\\/www.eve-rotary.com\\\/de\\\/#organization\",\"name\":\"EVE Ernst Vetter GmbH\",\"url\":\"https:\\\/\\\/www.eve-rotary.com\\\/de\\\/\",\"logo\":{\"@type\":\"ImageObject\",\"inLanguage\":\"de\",\"@id\":\"https:\\\/\\\/www.eve-rotary.com\\\/de\\\/#\\\/schema\\\/logo\\\/image\\\/\",\"url\":\"https:\\\/\\\/www.eve-rotary.com\\\/wp-content\\\/uploads\\\/2019\\\/08\\\/eve-rotary-logo.png\",\"contentUrl\":\"https:\\\/\\\/www.eve-rotary.com\\\/wp-content\\\/uploads\\\/2019\\\/08\\\/eve-rotary-logo.png\",\"width\":285,\"height\":166,\"caption\":\"EVE Ernst Vetter GmbH\"},\"image\":{\"@id\":\"https:\\\/\\\/www.eve-rotary.com\\\/de\\\/#\\\/schema\\\/logo\\\/image\\\/\"},\"sameAs\":[\"https:\\\/\\\/de-de.facebook.com\\\/EVErotary\\\/\",\"https:\\\/\\\/www.instagram.com\\\/eve_rotary\\\/\",\"https:\\\/\\\/www.youtube.com\\\/channel\\\/UCxVbeAk5H2U6YrPME5KC_gg\"]}]}<\/script>\n<!-- \/ Yoast SEO Premium plugin. -->","yoast_head_json":{"title":"H\u00e4ndler - EVE","description":"Finden Sie Fachh\u00e4ndler in Ihrer N\u00e4he finden, um EVE Produkte zu erwerben. Oder schreiben Sie uns als H\u00e4ndler, um EVE Produkte in Ihr Sortiment aufzunehmen.","robots":{"index":"index","follow":"follow","max-snippet":"max-snippet:-1","max-image-preview":"max-image-preview:large","max-video-preview":"max-video-preview:-1"},"canonical":"https:\/\/www.eve-rotary.com\/de\/haendler\/","og_locale":"de_DE","og_type":"article","og_title":"H\u00e4ndler","og_description":"Finden Sie Fachh\u00e4ndler in Ihrer N\u00e4he finden, um EVE Produkte zu erwerben. Oder schreiben Sie uns als H\u00e4ndler, um EVE Produkte in Ihr Sortiment aufzunehmen.","og_url":"https:\/\/www.eve-rotary.com\/de\/haendler\/","og_site_name":"EVE","article_publisher":"https:\/\/de-de.facebook.com\/EVErotary\/","article_modified_time":"2021-08-02T09:16:32+00:00","twitter_card":"summary_large_image","twitter_misc":{"Gesch\u00e4tzte Lesezeit":"1\u00a0Minute"},"schema":{"@context":"https:\/\/schema.org","@graph":[{"@type":"WebPage","@id":"https:\/\/www.eve-rotary.com\/de\/haendler\/","url":"https:\/\/www.eve-rotary.com\/de\/haendler\/","name":"H\u00e4ndler - EVE","isPartOf":{"@id":"https:\/\/www.eve-rotary.com\/de\/#website"},"datePublished":"2018-12-21T10:00:20+00:00","dateModified":"2021-08-02T09:16:32+00:00","description":"Finden Sie Fachh\u00e4ndler in Ihrer N\u00e4he finden, um EVE Produkte zu erwerben. Oder schreiben Sie uns als H\u00e4ndler, um EVE Produkte in Ihr Sortiment aufzunehmen.","breadcrumb":{"@id":"https:\/\/www.eve-rotary.com\/de\/haendler\/#breadcrumb"},"inLanguage":"de","potentialAction":[{"@type":"ReadAction","target":["https:\/\/www.eve-rotary.com\/de\/haendler\/"]}]},{"@type":"BreadcrumbList","@id":"https:\/\/www.eve-rotary.com\/de\/haendler\/#breadcrumb","itemListElement":[{"@type":"ListItem","position":1,"name":"Startseite","item":"https:\/\/www.eve-rotary.com\/de\/"},{"@type":"ListItem","position":2,"name":"H\u00e4ndler"}]},{"@type":"WebSite","@id":"https:\/\/www.eve-rotary.com\/de\/#website","url":"https:\/\/www.eve-rotary.com\/de\/","name":"EVE","description":"Spezialist f\u00fcr rotierende Schleif- und Polierinstrumente","publisher":{"@id":"https:\/\/www.eve-rotary.com\/de\/#organization"},"potentialAction":[{"@type":"SearchAction","target":{"@type":"EntryPoint","urlTemplate":"https:\/\/www.eve-rotary.com\/de\/?s={search_term_string}"},"query-input":{"@type":"PropertyValueSpecification","valueRequired":true,"valueName":"search_term_string"}}],"inLanguage":"de"},{"@type":"Organization","@id":"https:\/\/www.eve-rotary.com\/de\/#organization","name":"EVE Ernst Vetter GmbH","url":"https:\/\/www.eve-rotary.com\/de\/","logo":{"@type":"ImageObject","inLanguage":"de","@id":"https:\/\/www.eve-rotary.com\/de\/#\/schema\/logo\/image\/","url":"https:\/\/www.eve-rotary.com\/wp-content\/uploads\/2019\/08\/eve-rotary-logo.png","contentUrl":"https:\/\/www.eve-rotary.com\/wp-content\/uploads\/2019\/08\/eve-rotary-logo.png","width":285,"height":166,"caption":"EVE Ernst Vetter GmbH"},"image":{"@id":"https:\/\/www.eve-rotary.com\/de\/#\/schema\/logo\/image\/"},"sameAs":["https:\/\/de-de.facebook.com\/EVErotary\/","https:\/\/www.instagram.com\/eve_rotary\/","https:\/\/www.youtube.com\/channel\/UCxVbeAk5H2U6YrPME5KC_gg"]}]}},"_links":{"self":[{"href":"https:\/\/www.eve-rotary.com\/de\/wp-json\/wp\/v2\/pages\/84","targetHints":{"allow":["GET"]}}],"collection":[{"href":"https:\/\/www.eve-rotary.com\/de\/wp-json\/wp\/v2\/pages"}],"about":[{"href":"https:\/\/www.eve-rotary.com\/de\/wp-json\/wp\/v2\/types\/page"}],"author":[{"embeddable":true,"href":"https:\/\/www.eve-rotary.com\/de\/wp-json\/wp\/v2\/users\/1"}],"replies":[{"embeddable":true,"href":"https:\/\/www.eve-rotary.com\/de\/wp-json\/wp\/v2\/comments?post=84"}],"version-history":[{"count":15,"href":"https:\/\/www.eve-rotary.com\/de\/wp-json\/wp\/v2\/pages\/84\/revisions"}],"predecessor-version":[{"id":12780,"href":"https:\/\/www.eve-rotary.com\/de\/wp-json\/wp\/v2\/pages\/84\/revisions\/12780"}],"wp:attachment":[{"href":"https:\/\/www.eve-rotary.com\/de\/wp-json\/wp\/v2\/media?parent=84"}],"curies":[{"name":"wp","href":"https:\/\/api.w.org\/{rel}","templated":true}]}}