{"id":8654,"date":"2019-11-24T16:48:13","date_gmt":"2019-11-24T15:48:13","guid":{"rendered":"https:\/\/www.eve-rotary.com\/?page_id=8654"},"modified":"2024-11-11T00:31:21","modified_gmt":"2024-11-10T23:31:21","slug":"qualitaet","status":"publish","type":"page","link":"https:\/\/www.eve-rotary.com\/de\/unternehmen\/qualitaet\/","title":{"rendered":"Qualit\u00e4t"},"content":{"rendered":"\n<div id=\"slider\" class=\"slider-large\" data-timeout=\"5000\">\n  \n\n<div class=\"wp-block-cover is-light is-style-slide\"><span aria-hidden=\"true\" class=\"wp-block-cover__background has-background-dim-0 has-background-dim\"><\/span><img decoding=\"async\" width=\"2362\" height=\"1546\" class=\"wp-block-cover__image-background wp-image-11147\" alt=\"\" src=\"https:\/\/www.eve-rotary.com\/wp-content\/uploads\/2020\/04\/Qualita\u0308t_Slider-2.jpg\" data-object-fit=\"cover\"\/><div class=\"wp-block-cover__inner-container is-layout-constrained wp-block-cover-is-layout-constrained\">\n<h3 class=\"wp-block-heading\">Ma\u00dfst\u00e4be setzen.<\/h3>\n\n\n\n<p>F\u00fcr zuverl\u00e4ssige Qualit\u00e4t<\/p>\n<\/div><\/div>\n\n\n<\/div>\n\n\n<div class=\"wp-block-group\"><div class=\"wp-block-group__inner-container is-layout-flow wp-block-group-is-layout-flow\">\n<h1 class=\"wp-block-heading has-text-align-center has-blue-color has-text-color\">Was wir machen,<br>das machen wir gut.<\/h1>\n\n\n\n<div class=\"wp-block-columns is-layout-flex wp-container-core-columns-is-layout-9d6595d7 wp-block-columns-is-layout-flex\">\n<div class=\"wp-block-column is-layout-flow wp-block-column-is-layout-flow\" style=\"flex-basis:25%\"><\/div>\n\n\n\n<div class=\"wp-block-column is-layout-flow wp-block-column-is-layout-flow\" style=\"flex-basis:50%\">\n<p class=\"has-text-align-center\">Weil das Werkzeug das Ergebnis bestimmt, haben wir uns<br>zur Aufgabe gemacht, dieses in h\u00f6chster Qualit\u00e4t und<br>Funktionalit\u00e4t f\u00fcr unsere Kunden zu produzieren.<\/p>\n<\/div>\n\n\n\n<div class=\"wp-block-column is-layout-flow wp-block-column-is-layout-flow\" style=\"flex-basis:25%\"><\/div>\n<\/div>\n\n\n\n<div style=\"height:150px\" aria-hidden=\"true\" class=\"wp-block-spacer\"><\/div>\n<\/div><\/div>\n\n\n\n<div class=\"wp-block-media-text alignfull has-media-on-the-right is-stacked-on-mobile\"><div class=\"wp-block-media-text__content\">\n<h2 class=\"wp-block-heading has-blue-color has-text-color\">Qualit\u00e4tsmanagement<\/h2>\n\n\n\n<p>Der Familienname Vetter steht seit Jahrzehnten f\u00fcr h\u00f6chste Produktqualit\u00e4t von&nbsp;Schleif-&nbsp;und&nbsp;Polierinstrumenten. Um diese auch k\u00fcnftig und nachhaltig sicherzustellen, betreibt die EVE Ernst Vetter GmbH ein zertifiziertes Qualit\u00e4tsmanagementsystem gem\u00e4\u00df der Norm EN ISO 13485 und ist dar\u00fcber hinaus nach der&nbsp;EU-Medizinprodukte Verordnung (EU) 2017\/745 f\u00fcr die Entwicklung und Produktion von&nbsp;Schleifern und&nbsp;Polierern f\u00fcr den Dentalbereich zertifiziert.<\/p>\n<\/div><figure class=\"wp-block-media-text__media\"><img decoding=\"async\" width=\"992\" height=\"680\" src=\"https:\/\/www.eve-rotary.com\/wp-content\/uploads\/2020\/05\/qualitaetsmanagement_b.jpg\" alt=\"\" class=\"wp-image-11559 size-full\"\/><\/figure><\/div>\n\n\n\n<div class=\"wp-block-media-text alignfull is-stacked-on-mobile\"><figure class=\"wp-block-media-text__media\"><img decoding=\"async\" width=\"1024\" height=\"682\" src=\"https:\/\/www.eve-rotary.com\/wp-content\/uploads\/2019\/11\/20191107_EVE_production_11-1024x682.jpg\" alt=\"\" class=\"wp-image-8648 size-full\"\/><\/figure><div class=\"wp-block-media-text__content\">\n<h2 class=\"wp-block-heading has-blue-color has-text-color\">Know-how<\/h2>\n\n\n\n<p>Durch das Know-how und die Arbeit von hoch qualifizierten Mitarbeitern,&nbsp;die jahrelange&nbsp;Produkterfahrung und innovative Fertigungsprozesse und Maschinen, ist es EVE m\u00f6glich, h\u00f6chste Qualit\u00e4tsziele zu erreichen. Die Produktqualit\u00e4t ist durch das etablierte Qualit\u00e4tsmanagementsystem jederzeit reproduzierbar, kontrollierbar und nachvollziehbar.&nbsp;&nbsp;<\/p>\n<\/div><\/div>\n\n\n\n<div class=\"wp-block-media-text alignfull has-media-on-the-right is-stacked-on-mobile\"><div class=\"wp-block-media-text__content\">\n<h2 class=\"wp-block-heading has-blue-color has-text-color\">Qualit\u00e4tssicherung<\/h2>\n\n\n\n<p>Zur Einhaltung der Produktqualit\u00e4t werden bei EVE durch die&nbsp;Abteilung&nbsp;Qualit\u00e4tssicherung&nbsp;Wareneingangspr\u00fcfungen und Fertigungskontrollen durchgef\u00fchrt. Diese Kontrollen finden anhand von Chargenpr\u00fcfungen auftrags- oder kundenbezogen statt und werden entsprechend dokumentiert.&nbsp;<\/p>\n<\/div><figure class=\"wp-block-media-text__media\"><img decoding=\"async\" width=\"1024\" height=\"682\" src=\"https:\/\/www.eve-rotary.com\/wp-content\/uploads\/2019\/11\/20191107_EVE_production_10-1024x682.jpg\" alt=\"\" class=\"wp-image-8646 size-full\"\/><\/figure><\/div>\n\n\n\n<div style=\"height:150px\" aria-hidden=\"true\" class=\"wp-block-spacer\"><\/div>\n\n\n\n<div class=\"wp-block-group\"><div class=\"wp-block-group__inner-container is-layout-flow wp-block-group-is-layout-flow\">\n<h2 class=\"wp-block-heading has-text-align-center has-blue-color has-text-color\">Zertfikate<\/h2>\n<\/div><\/div>\n\n\n\n<div class=\"wp-block-group alignfull has-gray-background-color has-background is-content-justification-center is-nowrap is-layout-flex wp-container-core-group-is-layout-94bc23d7 wp-block-group-is-layout-flex\">\n<div class=\"wp-block-columns are-vertically-aligned-center is-layout-flex wp-container-core-columns-is-layout-9d6595d7 wp-block-columns-is-layout-flex\">\n<div class=\"wp-block-column is-vertically-aligned-center is-layout-flow wp-block-column-is-layout-flow\">\n<figure class=\"wp-block-image size-full\"><img decoding=\"async\" width=\"220\" height=\"212\" src=\"https:\/\/www.eve-rotary.com\/wp-content\/uploads\/2020\/03\/iso-13485-1.png\" alt=\"\" class=\"wp-image-10562\"\/><\/figure>\n<\/div>\n\n\n\n<div class=\"wp-block-column is-vertically-aligned-center is-layout-flow wp-block-column-is-layout-flow\"><div class=\"wp-block-image is-style-default\">\n<figure class=\"aligncenter size-medium is-resized\"><a href=\"https:\/\/www.eve-rotary.com\/wp-content\/uploads\/2023\/12\/DIN-EN-ISO-13485_de.pdf\"><img decoding=\"async\" width=\"543\" height=\"768\" src=\"https:\/\/www.eve-rotary.com\/wp-content\/uploads\/2024\/02\/DIN-EN-ISO-13485_de_595x842-543x768.jpg\" alt=\"\" class=\"wp-image-14546\" style=\"width:200px\"\/><\/a><\/figure>\n<\/div><\/div>\n\n\n\n<div class=\"wp-block-column is-vertically-aligned-center is-layout-flow wp-block-column-is-layout-flow\"><div class=\"wp-block-image\">\n<figure class=\"aligncenter size-medium is-resized\"><a href=\"https:\/\/www.eve-rotary.com\/wp-content\/uploads\/2023\/12\/EN-ISO-13485_en.pdf\"><img decoding=\"async\" width=\"543\" height=\"768\" src=\"https:\/\/www.eve-rotary.com\/wp-content\/uploads\/2024\/02\/EN-ISO-13485_en_595x8422-1-543x768.jpg\" alt=\"\" class=\"wp-image-14551\" style=\"width:200px\"\/><\/a><\/figure>\n<\/div><\/div>\n<\/div>\n<\/div>\n\n\n\n<div style=\"height:150px\" aria-hidden=\"true\" class=\"wp-block-spacer\"><\/div>\n\n\n\n<h3 class=\"wp-block-heading has-text-align-center has-blue-color has-text-color\">\u00dcberzeugen Sie sich selbst von der Qualit\u00e4t der <br>EVE Schleif- und Polierinstrumente<\/h3>\n","protected":false},"excerpt":{"rendered":"<p>Was wir machen,das machen wir gut. Weil das Werkzeug das Ergebnis bestimmt, haben wir unszur Aufgabe gemacht, dieses in h\u00f6chster Qualit\u00e4t undFunktionalit\u00e4t f\u00fcr unsere Kunden zu produzieren. Qualit\u00e4tsmanagement Der Familienname Vetter steht seit Jahrzehnten f\u00fcr h\u00f6chste Produktqualit\u00e4t von&nbsp;Schleif-&nbsp;und&nbsp;Polierinstrumenten. Um diese auch k\u00fcnftig und nachhaltig sicherzustellen, betreibt die EVE Ernst Vetter GmbH ein zertifiziertes Qualit\u00e4tsmanagementsystem gem\u00e4\u00df [&hellip;]<\/p>\n","protected":false},"author":3,"featured_media":0,"parent":82,"menu_order":69,"comment_status":"closed","ping_status":"closed","template":"","meta":{"footnotes":""},"class_list":["post-8654","page","type-page","status-publish","hentry"],"yoast_head":"<!-- This site is optimized with the Yoast SEO Premium plugin v24.7 (Yoast SEO v27.4) - https:\/\/yoast.com\/product\/yoast-seo-premium-wordpress\/ -->\n<title>Qualit\u00e4t - EVE<\/title>\n<meta name=\"description\" content=\"Wir haben es zu unserer Aufgabe gemacht, Werkzeuge in h\u00f6chster Qualit\u00e4t und Funktionalit\u00e4t zu produzieren \u2013 durch Know-How und ein zertifiziertes QS-System.\" \/>\n<meta name=\"robots\" content=\"index, follow, max-snippet:-1, max-image-preview:large, max-video-preview:-1\" \/>\n<link rel=\"canonical\" href=\"https:\/\/www.eve-rotary.com\/de\/unternehmen\/qualitaet\/\" \/>\n<meta property=\"og:locale\" content=\"de_DE\" \/>\n<meta property=\"og:type\" content=\"article\" \/>\n<meta property=\"og:title\" content=\"Qualit\u00e4t\" \/>\n<meta property=\"og:description\" content=\"Wir haben es zu unserer Aufgabe gemacht, Werkzeuge in h\u00f6chster Qualit\u00e4t und Funktionalit\u00e4t zu produzieren \u2013 durch Know-How und ein zertifiziertes QS-System.\" \/>\n<meta property=\"og:url\" content=\"https:\/\/www.eve-rotary.com\/de\/unternehmen\/qualitaet\/\" \/>\n<meta property=\"og:site_name\" content=\"EVE\" \/>\n<meta property=\"article:publisher\" content=\"https:\/\/de-de.facebook.com\/EVErotary\/\" \/>\n<meta property=\"article:modified_time\" content=\"2024-11-10T23:31:21+00:00\" \/>\n<meta property=\"og:image\" content=\"https:\/\/www.eve-rotary.com\/wp-content\/uploads\/2020\/05\/qualitaetsmanagement_b.jpg\" \/>\n<meta name=\"twitter:card\" content=\"summary_large_image\" \/>\n<meta name=\"twitter:label1\" content=\"Gesch\u00e4tzte Lesezeit\" \/>\n\t<meta name=\"twitter:data1\" content=\"3\u00a0Minuten\" \/>\n<script type=\"application\/ld+json\" class=\"yoast-schema-graph\">{\"@context\":\"https:\\\/\\\/schema.org\",\"@graph\":[{\"@type\":\"WebPage\",\"@id\":\"https:\\\/\\\/www.eve-rotary.com\\\/de\\\/unternehmen\\\/qualitaet\\\/\",\"url\":\"https:\\\/\\\/www.eve-rotary.com\\\/de\\\/unternehmen\\\/qualitaet\\\/\",\"name\":\"Qualit\u00e4t - EVE\",\"isPartOf\":{\"@id\":\"https:\\\/\\\/www.eve-rotary.com\\\/de\\\/#website\"},\"primaryImageOfPage\":{\"@id\":\"https:\\\/\\\/www.eve-rotary.com\\\/de\\\/unternehmen\\\/qualitaet\\\/#primaryimage\"},\"image\":{\"@id\":\"https:\\\/\\\/www.eve-rotary.com\\\/de\\\/unternehmen\\\/qualitaet\\\/#primaryimage\"},\"thumbnailUrl\":\"https:\\\/\\\/www.eve-rotary.com\\\/wp-content\\\/uploads\\\/2020\\\/05\\\/qualitaetsmanagement_b.jpg\",\"datePublished\":\"2019-11-24T15:48:13+00:00\",\"dateModified\":\"2024-11-10T23:31:21+00:00\",\"description\":\"Wir haben es zu unserer Aufgabe gemacht, Werkzeuge in h\u00f6chster Qualit\u00e4t und Funktionalit\u00e4t zu produzieren \u2013 durch Know-How und ein zertifiziertes QS-System.\",\"breadcrumb\":{\"@id\":\"https:\\\/\\\/www.eve-rotary.com\\\/de\\\/unternehmen\\\/qualitaet\\\/#breadcrumb\"},\"inLanguage\":\"de\",\"potentialAction\":[{\"@type\":\"ReadAction\",\"target\":[\"https:\\\/\\\/www.eve-rotary.com\\\/de\\\/unternehmen\\\/qualitaet\\\/\"]}]},{\"@type\":\"ImageObject\",\"inLanguage\":\"de\",\"@id\":\"https:\\\/\\\/www.eve-rotary.com\\\/de\\\/unternehmen\\\/qualitaet\\\/#primaryimage\",\"url\":\"https:\\\/\\\/www.eve-rotary.com\\\/wp-content\\\/uploads\\\/2020\\\/05\\\/qualitaetsmanagement_b.jpg\",\"contentUrl\":\"https:\\\/\\\/www.eve-rotary.com\\\/wp-content\\\/uploads\\\/2020\\\/05\\\/qualitaetsmanagement_b.jpg\"},{\"@type\":\"BreadcrumbList\",\"@id\":\"https:\\\/\\\/www.eve-rotary.com\\\/de\\\/unternehmen\\\/qualitaet\\\/#breadcrumb\",\"itemListElement\":[{\"@type\":\"ListItem\",\"position\":1,\"name\":\"Startseite\",\"item\":\"https:\\\/\\\/www.eve-rotary.com\\\/de\\\/\"},{\"@type\":\"ListItem\",\"position\":2,\"name\":\"Unternehmen\",\"item\":\"https:\\\/\\\/www.eve-rotary.com\\\/de\\\/unternehmen\\\/\"},{\"@type\":\"ListItem\",\"position\":3,\"name\":\"Qualit\u00e4t\"}]},{\"@type\":\"WebSite\",\"@id\":\"https:\\\/\\\/www.eve-rotary.com\\\/de\\\/#website\",\"url\":\"https:\\\/\\\/www.eve-rotary.com\\\/de\\\/\",\"name\":\"EVE\",\"description\":\"Spezialist f\u00fcr rotierende Schleif- und Polierinstrumente\",\"publisher\":{\"@id\":\"https:\\\/\\\/www.eve-rotary.com\\\/de\\\/#organization\"},\"potentialAction\":[{\"@type\":\"SearchAction\",\"target\":{\"@type\":\"EntryPoint\",\"urlTemplate\":\"https:\\\/\\\/www.eve-rotary.com\\\/de\\\/?s={search_term_string}\"},\"query-input\":{\"@type\":\"PropertyValueSpecification\",\"valueRequired\":true,\"valueName\":\"search_term_string\"}}],\"inLanguage\":\"de\"},{\"@type\":\"Organization\",\"@id\":\"https:\\\/\\\/www.eve-rotary.com\\\/de\\\/#organization\",\"name\":\"EVE Ernst Vetter GmbH\",\"url\":\"https:\\\/\\\/www.eve-rotary.com\\\/de\\\/\",\"logo\":{\"@type\":\"ImageObject\",\"inLanguage\":\"de\",\"@id\":\"https:\\\/\\\/www.eve-rotary.com\\\/de\\\/#\\\/schema\\\/logo\\\/image\\\/\",\"url\":\"https:\\\/\\\/www.eve-rotary.com\\\/wp-content\\\/uploads\\\/2019\\\/08\\\/eve-rotary-logo.png\",\"contentUrl\":\"https:\\\/\\\/www.eve-rotary.com\\\/wp-content\\\/uploads\\\/2019\\\/08\\\/eve-rotary-logo.png\",\"width\":285,\"height\":166,\"caption\":\"EVE Ernst Vetter GmbH\"},\"image\":{\"@id\":\"https:\\\/\\\/www.eve-rotary.com\\\/de\\\/#\\\/schema\\\/logo\\\/image\\\/\"},\"sameAs\":[\"https:\\\/\\\/de-de.facebook.com\\\/EVErotary\\\/\",\"https:\\\/\\\/www.instagram.com\\\/eve_rotary\\\/\",\"https:\\\/\\\/www.youtube.com\\\/channel\\\/UCxVbeAk5H2U6YrPME5KC_gg\"]}]}<\/script>\n<!-- \/ Yoast SEO Premium plugin. -->","yoast_head_json":{"title":"Qualit\u00e4t - EVE","description":"Wir haben es zu unserer Aufgabe gemacht, Werkzeuge in h\u00f6chster Qualit\u00e4t und Funktionalit\u00e4t zu produzieren \u2013 durch Know-How und ein zertifiziertes QS-System.","robots":{"index":"index","follow":"follow","max-snippet":"max-snippet:-1","max-image-preview":"max-image-preview:large","max-video-preview":"max-video-preview:-1"},"canonical":"https:\/\/www.eve-rotary.com\/de\/unternehmen\/qualitaet\/","og_locale":"de_DE","og_type":"article","og_title":"Qualit\u00e4t","og_description":"Wir haben es zu unserer Aufgabe gemacht, Werkzeuge in h\u00f6chster Qualit\u00e4t und Funktionalit\u00e4t zu produzieren \u2013 durch Know-How und ein zertifiziertes QS-System.","og_url":"https:\/\/www.eve-rotary.com\/de\/unternehmen\/qualitaet\/","og_site_name":"EVE","article_publisher":"https:\/\/de-de.facebook.com\/EVErotary\/","article_modified_time":"2024-11-10T23:31:21+00:00","og_image":[{"url":"https:\/\/www.eve-rotary.com\/wp-content\/uploads\/2020\/05\/qualitaetsmanagement_b.jpg","type":"","width":"","height":""}],"twitter_card":"summary_large_image","twitter_misc":{"Gesch\u00e4tzte Lesezeit":"3\u00a0Minuten"},"schema":{"@context":"https:\/\/schema.org","@graph":[{"@type":"WebPage","@id":"https:\/\/www.eve-rotary.com\/de\/unternehmen\/qualitaet\/","url":"https:\/\/www.eve-rotary.com\/de\/unternehmen\/qualitaet\/","name":"Qualit\u00e4t - EVE","isPartOf":{"@id":"https:\/\/www.eve-rotary.com\/de\/#website"},"primaryImageOfPage":{"@id":"https:\/\/www.eve-rotary.com\/de\/unternehmen\/qualitaet\/#primaryimage"},"image":{"@id":"https:\/\/www.eve-rotary.com\/de\/unternehmen\/qualitaet\/#primaryimage"},"thumbnailUrl":"https:\/\/www.eve-rotary.com\/wp-content\/uploads\/2020\/05\/qualitaetsmanagement_b.jpg","datePublished":"2019-11-24T15:48:13+00:00","dateModified":"2024-11-10T23:31:21+00:00","description":"Wir haben es zu unserer Aufgabe gemacht, Werkzeuge in h\u00f6chster Qualit\u00e4t und Funktionalit\u00e4t zu produzieren \u2013 durch Know-How und ein zertifiziertes QS-System.","breadcrumb":{"@id":"https:\/\/www.eve-rotary.com\/de\/unternehmen\/qualitaet\/#breadcrumb"},"inLanguage":"de","potentialAction":[{"@type":"ReadAction","target":["https:\/\/www.eve-rotary.com\/de\/unternehmen\/qualitaet\/"]}]},{"@type":"ImageObject","inLanguage":"de","@id":"https:\/\/www.eve-rotary.com\/de\/unternehmen\/qualitaet\/#primaryimage","url":"https:\/\/www.eve-rotary.com\/wp-content\/uploads\/2020\/05\/qualitaetsmanagement_b.jpg","contentUrl":"https:\/\/www.eve-rotary.com\/wp-content\/uploads\/2020\/05\/qualitaetsmanagement_b.jpg"},{"@type":"BreadcrumbList","@id":"https:\/\/www.eve-rotary.com\/de\/unternehmen\/qualitaet\/#breadcrumb","itemListElement":[{"@type":"ListItem","position":1,"name":"Startseite","item":"https:\/\/www.eve-rotary.com\/de\/"},{"@type":"ListItem","position":2,"name":"Unternehmen","item":"https:\/\/www.eve-rotary.com\/de\/unternehmen\/"},{"@type":"ListItem","position":3,"name":"Qualit\u00e4t"}]},{"@type":"WebSite","@id":"https:\/\/www.eve-rotary.com\/de\/#website","url":"https:\/\/www.eve-rotary.com\/de\/","name":"EVE","description":"Spezialist f\u00fcr rotierende Schleif- und Polierinstrumente","publisher":{"@id":"https:\/\/www.eve-rotary.com\/de\/#organization"},"potentialAction":[{"@type":"SearchAction","target":{"@type":"EntryPoint","urlTemplate":"https:\/\/www.eve-rotary.com\/de\/?s={search_term_string}"},"query-input":{"@type":"PropertyValueSpecification","valueRequired":true,"valueName":"search_term_string"}}],"inLanguage":"de"},{"@type":"Organization","@id":"https:\/\/www.eve-rotary.com\/de\/#organization","name":"EVE Ernst Vetter GmbH","url":"https:\/\/www.eve-rotary.com\/de\/","logo":{"@type":"ImageObject","inLanguage":"de","@id":"https:\/\/www.eve-rotary.com\/de\/#\/schema\/logo\/image\/","url":"https:\/\/www.eve-rotary.com\/wp-content\/uploads\/2019\/08\/eve-rotary-logo.png","contentUrl":"https:\/\/www.eve-rotary.com\/wp-content\/uploads\/2019\/08\/eve-rotary-logo.png","width":285,"height":166,"caption":"EVE Ernst Vetter GmbH"},"image":{"@id":"https:\/\/www.eve-rotary.com\/de\/#\/schema\/logo\/image\/"},"sameAs":["https:\/\/de-de.facebook.com\/EVErotary\/","https:\/\/www.instagram.com\/eve_rotary\/","https:\/\/www.youtube.com\/channel\/UCxVbeAk5H2U6YrPME5KC_gg"]}]}},"_links":{"self":[{"href":"https:\/\/www.eve-rotary.com\/de\/wp-json\/wp\/v2\/pages\/8654","targetHints":{"allow":["GET"]}}],"collection":[{"href":"https:\/\/www.eve-rotary.com\/de\/wp-json\/wp\/v2\/pages"}],"about":[{"href":"https:\/\/www.eve-rotary.com\/de\/wp-json\/wp\/v2\/types\/page"}],"author":[{"embeddable":true,"href":"https:\/\/www.eve-rotary.com\/de\/wp-json\/wp\/v2\/users\/3"}],"replies":[{"embeddable":true,"href":"https:\/\/www.eve-rotary.com\/de\/wp-json\/wp\/v2\/comments?post=8654"}],"version-history":[{"count":18,"href":"https:\/\/www.eve-rotary.com\/de\/wp-json\/wp\/v2\/pages\/8654\/revisions"}],"predecessor-version":[{"id":14987,"href":"https:\/\/www.eve-rotary.com\/de\/wp-json\/wp\/v2\/pages\/8654\/revisions\/14987"}],"up":[{"embeddable":true,"href":"https:\/\/www.eve-rotary.com\/de\/wp-json\/wp\/v2\/pages\/82"}],"wp:attachment":[{"href":"https:\/\/www.eve-rotary.com\/de\/wp-json\/wp\/v2\/media?parent=8654"}],"curies":[{"name":"wp","href":"https:\/\/api.w.org\/{rel}","templated":true}]}}