{"id":11526,"date":"2019-09-30T21:15:43","date_gmt":"2019-09-30T19:15:43","guid":{"rendered":"https:\/\/www.eve-rotary.com\/produkte\/product-characteristics\/"},"modified":"2020-06-24T08:59:38","modified_gmt":"2020-06-24T06:59:38","slug":"produkteigenschaften","status":"publish","type":"page","link":"https:\/\/www.eve-rotary.com\/en\/products\/produkteigenschaften\/","title":{"rendered":"Product characteristics"},"content":{"rendered":"\n<div class=\"wp-block-group\"><div class=\"wp-block-group__inner-container is-layout-flow wp-block-group-is-layout-flow\">\n<h1 class=\"has-blue-color has-text-color has-text-align-center wp-block-heading\">Product characteristics<\/h1>\n<\/div><\/div>\n\n<div class=\"collapse-group\">\n  \n  <div class=\"container\">\n\n    <div class=\"row justify-content-center\">\n\n      \n      <div class=\"col-sm-6 col-md-3\">\n\n        <article class=\"\">\n\n          \n          <a href=\"javascript:void(0);\" data-toggle=\"popover\" data-trigger=\"hover\" class=\"title\" title=\"High shine on any material\" data-content=\"Every material has individual characteristics. EVE therefore specifically adapts the composition of grinding and polishing systems to achieve excellent surface results.\" data-placement=\"bottom\" data-offset=\"0, -45\">\n\n            <img decoding=\"async\" width=\"360\" height=\"360\" src=\"https:\/\/www.eve-rotary.com\/wp-content\/uploads\/2020\/01\/Hochglanz-360x360.png\" class=\"attachment-thumbnail size-thumbnail\" alt=\"\" \/>\n            <h3 class=\"h5\">High shine on any material<\/h3>\n\n          <\/a>\n\n          \n        <\/article>\n\n      <\/div>\n\n      \n      <div class=\"col-sm-6 col-md-3\">\n\n        <article class=\"\">\n\n          \n          <a href=\"javascript:void(0);\" data-toggle=\"popover\" data-trigger=\"hover\" class=\"title\" title=\"High-quality diamond polishers\" data-content=\"EVE diamond polishers are especially suitable for processing hard materials such as composite, zirconia and lithium disilicate. In shortest time excellent results can be achieved. \" data-placement=\"bottom\" data-offset=\"0, -45\">\n\n            <img decoding=\"async\" width=\"360\" height=\"360\" src=\"https:\/\/www.eve-rotary.com\/wp-content\/uploads\/2020\/01\/Diamantpolierer-360x360.png\" class=\"attachment-thumbnail size-thumbnail\" alt=\"\" \/>\n            <h3 class=\"h5\">High-quality diamond polishers<\/h3>\n\n          <\/a>\n\n          \n        <\/article>\n\n      <\/div>\n\n      \n      <div class=\"col-sm-6 col-md-3\">\n\n        <article class=\"\">\n\n          \n          <a href=\"javascript:void(0);\" data-toggle=\"popover\" data-trigger=\"hover\" class=\"title\" title=\"Precision\" data-content=\"EVE products are manufactured within strict tolerances and are subject to the EVE quality management provisions. \" data-placement=\"bottom\" data-offset=\"0, -45\">\n\n            <img decoding=\"async\" width=\"360\" height=\"360\" src=\"https:\/\/www.eve-rotary.com\/wp-content\/uploads\/2020\/01\/Passgenauigkeit-360x360.png\" class=\"attachment-thumbnail size-thumbnail\" alt=\"\" \/>\n            <h3 class=\"h5\">Precision<\/h3>\n\n          <\/a>\n\n          \n        <\/article>\n\n      <\/div>\n\n      \n      <div class=\"col-sm-6 col-md-3\">\n\n        <article class=\"\">\n\n          \n          <a href=\"javascript:void(0);\" data-toggle=\"popover\" data-trigger=\"hover\" class=\"title\" title=\"Exact concentricity\" data-content=\"Good polishing results can only be achieved when the concentricity of the instruments is guaranteed. At EVE this quality feature is secured by strict controls. \" data-placement=\"bottom\" data-offset=\"0, -45\">\n\n            <img decoding=\"async\" width=\"360\" height=\"360\" src=\"https:\/\/www.eve-rotary.com\/wp-content\/uploads\/2020\/01\/Rundlauf-360x360.png\" class=\"attachment-thumbnail size-thumbnail\" alt=\"\" \/>\n            <h3 class=\"h5\">Exact concentricity<\/h3>\n\n          <\/a>\n\n          \n        <\/article>\n\n      <\/div>\n\n      \n      <div class=\"col-sm-6 col-md-3\">\n\n        <article class=\"\">\n\n          \n          <a href=\"javascript:void(0);\" data-toggle=\"popover\" data-trigger=\"hover\" class=\"title\" title=\"Sterilisability\" data-content=\"All EVE products in medical class IIa (EU) are sterilisable. \" data-placement=\"bottom\" data-offset=\"0, -45\">\n\n            <img decoding=\"async\" width=\"360\" height=\"360\" src=\"https:\/\/www.eve-rotary.com\/wp-content\/uploads\/2020\/01\/Steriliserbar-360x360.png\" class=\"attachment-thumbnail size-thumbnail\" alt=\"\" \/>\n            <h3 class=\"h5\">Sterilisability<\/h3>\n\n          <\/a>\n\n          \n        <\/article>\n\n      <\/div>\n\n      \n      <div class=\"col-sm-6 col-md-3\">\n\n        <article class=\"\">\n\n          \n          <a href=\"javascript:void(0);\" data-toggle=\"popover\" data-trigger=\"hover\" class=\"title\" title=\"Embedded abrasives\" data-content=\"With the exception of prophylaxis polishers, all other products are impregnated with abrasive material. The use of an additional polishing paste is unnecessary.\" data-placement=\"bottom\" data-offset=\"0, -45\">\n\n            <img decoding=\"async\" width=\"360\" height=\"360\" src=\"https:\/\/www.eve-rotary.com\/wp-content\/uploads\/2020\/01\/Polierpaste--360x360.png\" class=\"attachment-thumbnail size-thumbnail\" alt=\"\" \/>\n            <h3 class=\"h5\">Embedded abrasives<\/h3>\n\n          <\/a>\n\n          \n        <\/article>\n\n      <\/div>\n\n      \n      <div class=\"col-sm-6 col-md-3\">\n\n        <article class=\"\">\n\n          \n          <a href=\"javascript:void(0);\" data-toggle=\"popover\" data-trigger=\"hover\" class=\"title\" title=\"Stainless steel\" data-content=\"EVE mandrels are made of medical device approved stainless steel.\" data-placement=\"bottom\" data-offset=\"0, -45\">\n\n            <img decoding=\"async\" width=\"360\" height=\"360\" src=\"https:\/\/www.eve-rotary.com\/wp-content\/uploads\/2020\/01\/Rostfrei-360x360.png\" class=\"attachment-thumbnail size-thumbnail\" alt=\"\" \/>\n            <h3 class=\"h5\">Stainless steel<\/h3>\n\n          <\/a>\n\n          \n        <\/article>\n\n      <\/div>\n\n      \n      <div class=\"col-sm-6 col-md-3\">\n\n        <article class=\"\">\n\n          \n          <a href=\"javascript:void(0);\" data-toggle=\"popover\" data-trigger=\"hover\" class=\"title\" title=\"Latex free\" data-content=\"All polishing instruments are made of latex free binders.\" data-placement=\"bottom\" data-offset=\"0, -45\">\n\n            <img decoding=\"async\" width=\"360\" height=\"360\" src=\"https:\/\/www.eve-rotary.com\/wp-content\/uploads\/2020\/01\/Latexfrei-360x360.png\" class=\"attachment-thumbnail size-thumbnail\" alt=\"\" \/>\n            <h3 class=\"h5\">Latex free<\/h3>\n\n          <\/a>\n\n          \n        <\/article>\n\n      <\/div>\n\n      \n      <div class=\"col-sm-6 col-md-3\">\n\n        <article class=\"\">\n\n          \n          <a href=\"javascript:void(0);\" data-toggle=\"popover\" data-trigger=\"hover\" class=\"title\" title=\"High abrasive concentration\" data-content=\"The concentration of abrasive used in EVE grinding and polishing instruments is very high and therefore contributes to the excellent quality of the products.\" data-placement=\"bottom\" data-offset=\"0, -45\">\n\n            <img decoding=\"async\" width=\"360\" height=\"360\" src=\"https:\/\/www.eve-rotary.com\/wp-content\/uploads\/2020\/01\/Koernungsanteil-360x360.png\" class=\"attachment-thumbnail size-thumbnail\" alt=\"\" \/>\n            <h3 class=\"h5\">High abrasive concentration<\/h3>\n\n          <\/a>\n\n          \n        <\/article>\n\n      <\/div>\n\n      \n      <div class=\"col-sm-6 col-md-3\">\n\n        <article class=\"\">\n\n          \n          <a href=\"javascript:void(0);\" data-toggle=\"popover\" data-trigger=\"hover\" class=\"title\" title=\"Ideal binding hardness\" data-content=\"During the development of new items EVE adapts binding hardness and elasticity to the material properties of the material to be processed. \" data-placement=\"bottom\" data-offset=\"0, -45\">\n\n            <img decoding=\"async\" width=\"360\" height=\"360\" src=\"https:\/\/www.eve-rotary.com\/wp-content\/uploads\/2020\/01\/Bindung-360x360.png\" class=\"attachment-thumbnail size-thumbnail\" alt=\"\" \/>\n            <h3 class=\"h5\">Ideal binding hardness<\/h3>\n\n          <\/a>\n\n          \n        <\/article>\n\n      <\/div>\n\n      \n      <div class=\"col-sm-6 col-md-3\">\n\n        <article class=\"\">\n\n          \n          <a href=\"javascript:void(0);\" data-toggle=\"popover\" data-trigger=\"hover\" class=\"title\" title=\"Certified\" data-content=\"EVE Ernst Vetter GmbH is certified according to DIN EN ISO 13485 and operates a quality management system with highest standards.\" data-placement=\"bottom\" data-offset=\"0, -45\">\n\n            <img decoding=\"async\" width=\"360\" height=\"360\" src=\"https:\/\/www.eve-rotary.com\/wp-content\/uploads\/2020\/01\/Zertifiziert-360x360.png\" class=\"attachment-thumbnail size-thumbnail\" alt=\"\" \/>\n            <h3 class=\"h5\">Certified<\/h3>\n\n          <\/a>\n\n          \n        <\/article>\n\n      <\/div>\n\n      \n      <div class=\"col-sm-6 col-md-3\">\n\n        <article class=\"\">\n\n          \n          <a href=\"javascript:void(0);\" data-toggle=\"popover\" data-trigger=\"hover\" class=\"title\" title=\"Proven quality\" data-content=\"All medical devices meet the requirements of Directive 93\/42\/EEC and are CE-labelled.\" data-placement=\"bottom\" data-offset=\"0, -45\">\n\n            <img decoding=\"async\" width=\"360\" height=\"360\" src=\"https:\/\/www.eve-rotary.com\/wp-content\/uploads\/2020\/01\/Qualitaet-360x360.png\" class=\"attachment-thumbnail size-thumbnail\" alt=\"\" \/>\n            <h3 class=\"h5\">Proven quality<\/h3>\n\n          <\/a>\n\n          \n        <\/article>\n\n      <\/div>\n\n      \n      <div class=\"col-sm-6 col-md-3\">\n\n        <article class=\"\">\n\n          \n          <a href=\"javascript:void(0);\" data-toggle=\"popover\" data-trigger=\"hover\" class=\"title\" title=\"REACH compliant raw materials\" data-content=\"EVE products are in accordance with REACH guidelines. Based on current scientific knowledge and the information provided by our suppliers, all EVE products are free from substances listed as of very high concern (SVHC).\" data-placement=\"bottom\" data-offset=\"0, -45\">\n\n            <img decoding=\"async\" width=\"360\" height=\"360\" src=\"https:\/\/www.eve-rotary.com\/wp-content\/uploads\/2020\/01\/REACH--360x360.png\" class=\"attachment-thumbnail size-thumbnail\" alt=\"\" \/>\n            <h3 class=\"h5\">REACH compliant raw materials<\/h3>\n\n          <\/a>\n\n          \n        <\/article>\n\n      <\/div>\n\n        \n\n    <\/div>\n    \n  <\/div>\n      \n<\/div>\n\n\n<div style=\"height:150px\" aria-hidden=\"true\" class=\"wp-block-spacer\"><\/div>\n\n<div class=\"wp-block-group alignfull has-gray-background-color has-background\"><div class=\"wp-block-group__inner-container is-layout-flow wp-block-group-is-layout-flow\">\n<h2 class=\"has-blue-color has-text-color has-text-align-center wp-block-heading\">Innovation is our motivation<\/h2>\n\n\n\n<p class=\"has-text-align-center\">Based on years of experience and an in-house research department, EVE regularly brings to market innovative product solutions for rotary instruments. The close cooperation with dentists, dental technicians, gold smiths and material manufacturers is the basis for any new development. <\/p>\n\n\n\n<p class=\"has-text-align-center\">The latest innovations from EVE are TWIST and OCCLUFLEX:<\/p>\n<\/div><\/div>\n\n<div class=\"wp-block-columns is-layout-flex wp-container-core-columns-is-layout-9d6595d7 wp-block-columns-is-layout-flex\">\n<div class=\"wp-block-column is-layout-flow wp-block-column-is-layout-flow\"><div class=\"teaser\">\n  \n    \n  <a href=\"https:\/\/www.eve-rotary.com\/en\/products\/twist\/\">\n    <img decoding=\"async\" width=\"1024\" height=\"448\" src=\"https:\/\/www.eve-rotary.com\/wp-content\/uploads\/2019\/01\/2014-1-1024x448.jpg\" class=\"attachment-large size-large\" alt=\"\" \/>    <span class=\"btn btn-primary\">find out more<\/span>\n  <\/a>\n  \n<\/div><\/div>\n\n\n\n<div class=\"wp-block-column is-layout-flow wp-block-column-is-layout-flow\"><div class=\"teaser\">\n  \n    \n  <a href=\"https:\/\/www.eve-rotary.com\/en\/products\/occluflex\/\">\n    <img decoding=\"async\" width=\"1024\" height=\"448\" src=\"https:\/\/www.eve-rotary.com\/wp-content\/uploads\/2019\/12\/2019-1024x448.jpg\" class=\"attachment-large size-large\" alt=\"\" \/>    <span class=\"btn btn-primary\">find out more<\/span>\n  <\/a>\n  \n<\/div><\/div>\n<\/div>\n","protected":false},"excerpt":{"rendered":"<p>Product characteristics Innovation is our motivation Based on years of experience and an in-house research department, EVE regularly brings to market innovative product solutions for rotary instruments. The close cooperation with dentists, dental technicians, gold smiths and material manufacturers is the basis for any new development. The latest innovations from EVE are TWIST and OCCLUFLEX:<\/p>\n","protected":false},"author":1,"featured_media":0,"parent":11395,"menu_order":58,"comment_status":"closed","ping_status":"closed","template":"","meta":{"footnotes":""},"class_list":["post-11526","page","type-page","status-publish","hentry"],"yoast_head":"<!-- This site is optimized with the Yoast SEO Premium plugin v24.7 (Yoast SEO v27.4) - https:\/\/yoast.com\/product\/yoast-seo-premium-wordpress\/ -->\n<title>Product characteristics - EVE<\/title>\n<meta name=\"description\" content=\"Durch jahrelanger Erfahrung und dank eigener Entwicklungsabteilung ver\u00f6ffentlicht EVE regelm\u00e4\u00dfig neue und innovative L\u00f6sungen f\u00fcr rotierende Instrumente.\" \/>\n<meta name=\"robots\" content=\"index, follow, max-snippet:-1, max-image-preview:large, max-video-preview:-1\" \/>\n<link rel=\"canonical\" href=\"https:\/\/www.eve-rotary.com\/en\/products\/produkteigenschaften\/\" \/>\n<meta property=\"og:locale\" content=\"en_US\" \/>\n<meta property=\"og:type\" content=\"article\" \/>\n<meta property=\"og:title\" content=\"Product characteristics\" \/>\n<meta property=\"og:description\" content=\"Durch jahrelanger Erfahrung und dank eigener Entwicklungsabteilung ver\u00f6ffentlicht EVE regelm\u00e4\u00dfig neue und innovative L\u00f6sungen f\u00fcr rotierende Instrumente.\" \/>\n<meta property=\"og:url\" content=\"https:\/\/www.eve-rotary.com\/en\/products\/produkteigenschaften\/\" \/>\n<meta property=\"og:site_name\" content=\"EVE\" \/>\n<meta property=\"article:publisher\" content=\"https:\/\/de-de.facebook.com\/EVErotary\/\" \/>\n<meta property=\"article:modified_time\" content=\"2020-06-24T06:59:38+00:00\" \/>\n<meta name=\"twitter:card\" content=\"summary_large_image\" \/>\n<script type=\"application\/ld+json\" class=\"yoast-schema-graph\">{\"@context\":\"https:\\\/\\\/schema.org\",\"@graph\":[{\"@type\":\"WebPage\",\"@id\":\"https:\\\/\\\/www.eve-rotary.com\\\/en\\\/products\\\/produkteigenschaften\\\/\",\"url\":\"https:\\\/\\\/www.eve-rotary.com\\\/en\\\/products\\\/produkteigenschaften\\\/\",\"name\":\"Product characteristics - EVE\",\"isPartOf\":{\"@id\":\"https:\\\/\\\/www.eve-rotary.com\\\/de\\\/#website\"},\"datePublished\":\"2019-09-30T19:15:43+00:00\",\"dateModified\":\"2020-06-24T06:59:38+00:00\",\"description\":\"Durch jahrelanger Erfahrung und dank eigener Entwicklungsabteilung ver\u00f6ffentlicht EVE regelm\u00e4\u00dfig neue und innovative L\u00f6sungen f\u00fcr rotierende Instrumente.\",\"breadcrumb\":{\"@id\":\"https:\\\/\\\/www.eve-rotary.com\\\/en\\\/products\\\/produkteigenschaften\\\/#breadcrumb\"},\"inLanguage\":\"en-US\",\"potentialAction\":[{\"@type\":\"ReadAction\",\"target\":[\"https:\\\/\\\/www.eve-rotary.com\\\/en\\\/products\\\/produkteigenschaften\\\/\"]}]},{\"@type\":\"BreadcrumbList\",\"@id\":\"https:\\\/\\\/www.eve-rotary.com\\\/en\\\/products\\\/produkteigenschaften\\\/#breadcrumb\",\"itemListElement\":[{\"@type\":\"ListItem\",\"position\":1,\"name\":\"Home\",\"item\":\"https:\\\/\\\/www.eve-rotary.com\\\/en\\\/\"},{\"@type\":\"ListItem\",\"position\":2,\"name\":\"Products\",\"item\":\"https:\\\/\\\/www.eve-rotary.com\\\/en\\\/products\\\/\"},{\"@type\":\"ListItem\",\"position\":3,\"name\":\"Product characteristics\"}]},{\"@type\":\"WebSite\",\"@id\":\"https:\\\/\\\/www.eve-rotary.com\\\/de\\\/#website\",\"url\":\"https:\\\/\\\/www.eve-rotary.com\\\/de\\\/\",\"name\":\"EVE\",\"description\":\"Spezialist f\u00fcr rotierende Schleif- und Polierinstrumente\",\"publisher\":{\"@id\":\"https:\\\/\\\/www.eve-rotary.com\\\/de\\\/#organization\"},\"potentialAction\":[{\"@type\":\"SearchAction\",\"target\":{\"@type\":\"EntryPoint\",\"urlTemplate\":\"https:\\\/\\\/www.eve-rotary.com\\\/de\\\/?s={search_term_string}\"},\"query-input\":{\"@type\":\"PropertyValueSpecification\",\"valueRequired\":true,\"valueName\":\"search_term_string\"}}],\"inLanguage\":\"en-US\"},{\"@type\":\"Organization\",\"@id\":\"https:\\\/\\\/www.eve-rotary.com\\\/de\\\/#organization\",\"name\":\"EVE Ernst Vetter GmbH\",\"url\":\"https:\\\/\\\/www.eve-rotary.com\\\/de\\\/\",\"logo\":{\"@type\":\"ImageObject\",\"inLanguage\":\"en-US\",\"@id\":\"https:\\\/\\\/www.eve-rotary.com\\\/de\\\/#\\\/schema\\\/logo\\\/image\\\/\",\"url\":\"https:\\\/\\\/www.eve-rotary.com\\\/wp-content\\\/uploads\\\/2019\\\/08\\\/eve-rotary-logo.png\",\"contentUrl\":\"https:\\\/\\\/www.eve-rotary.com\\\/wp-content\\\/uploads\\\/2019\\\/08\\\/eve-rotary-logo.png\",\"width\":285,\"height\":166,\"caption\":\"EVE Ernst Vetter GmbH\"},\"image\":{\"@id\":\"https:\\\/\\\/www.eve-rotary.com\\\/de\\\/#\\\/schema\\\/logo\\\/image\\\/\"},\"sameAs\":[\"https:\\\/\\\/de-de.facebook.com\\\/EVErotary\\\/\",\"https:\\\/\\\/www.instagram.com\\\/eve_rotary\\\/\",\"https:\\\/\\\/www.youtube.com\\\/channel\\\/UCxVbeAk5H2U6YrPME5KC_gg\"]}]}<\/script>\n<!-- \/ Yoast SEO Premium plugin. -->","yoast_head_json":{"title":"Product characteristics - EVE","description":"Durch jahrelanger Erfahrung und dank eigener Entwicklungsabteilung ver\u00f6ffentlicht EVE regelm\u00e4\u00dfig neue und innovative L\u00f6sungen f\u00fcr rotierende Instrumente.","robots":{"index":"index","follow":"follow","max-snippet":"max-snippet:-1","max-image-preview":"max-image-preview:large","max-video-preview":"max-video-preview:-1"},"canonical":"https:\/\/www.eve-rotary.com\/en\/products\/produkteigenschaften\/","og_locale":"en_US","og_type":"article","og_title":"Product characteristics","og_description":"Durch jahrelanger Erfahrung und dank eigener Entwicklungsabteilung ver\u00f6ffentlicht EVE regelm\u00e4\u00dfig neue und innovative L\u00f6sungen f\u00fcr rotierende Instrumente.","og_url":"https:\/\/www.eve-rotary.com\/en\/products\/produkteigenschaften\/","og_site_name":"EVE","article_publisher":"https:\/\/de-de.facebook.com\/EVErotary\/","article_modified_time":"2020-06-24T06:59:38+00:00","twitter_card":"summary_large_image","schema":{"@context":"https:\/\/schema.org","@graph":[{"@type":"WebPage","@id":"https:\/\/www.eve-rotary.com\/en\/products\/produkteigenschaften\/","url":"https:\/\/www.eve-rotary.com\/en\/products\/produkteigenschaften\/","name":"Product characteristics - EVE","isPartOf":{"@id":"https:\/\/www.eve-rotary.com\/de\/#website"},"datePublished":"2019-09-30T19:15:43+00:00","dateModified":"2020-06-24T06:59:38+00:00","description":"Durch jahrelanger Erfahrung und dank eigener Entwicklungsabteilung ver\u00f6ffentlicht EVE regelm\u00e4\u00dfig neue und innovative L\u00f6sungen f\u00fcr rotierende Instrumente.","breadcrumb":{"@id":"https:\/\/www.eve-rotary.com\/en\/products\/produkteigenschaften\/#breadcrumb"},"inLanguage":"en-US","potentialAction":[{"@type":"ReadAction","target":["https:\/\/www.eve-rotary.com\/en\/products\/produkteigenschaften\/"]}]},{"@type":"BreadcrumbList","@id":"https:\/\/www.eve-rotary.com\/en\/products\/produkteigenschaften\/#breadcrumb","itemListElement":[{"@type":"ListItem","position":1,"name":"Home","item":"https:\/\/www.eve-rotary.com\/en\/"},{"@type":"ListItem","position":2,"name":"Products","item":"https:\/\/www.eve-rotary.com\/en\/products\/"},{"@type":"ListItem","position":3,"name":"Product characteristics"}]},{"@type":"WebSite","@id":"https:\/\/www.eve-rotary.com\/de\/#website","url":"https:\/\/www.eve-rotary.com\/de\/","name":"EVE","description":"Spezialist f\u00fcr rotierende Schleif- und Polierinstrumente","publisher":{"@id":"https:\/\/www.eve-rotary.com\/de\/#organization"},"potentialAction":[{"@type":"SearchAction","target":{"@type":"EntryPoint","urlTemplate":"https:\/\/www.eve-rotary.com\/de\/?s={search_term_string}"},"query-input":{"@type":"PropertyValueSpecification","valueRequired":true,"valueName":"search_term_string"}}],"inLanguage":"en-US"},{"@type":"Organization","@id":"https:\/\/www.eve-rotary.com\/de\/#organization","name":"EVE Ernst Vetter GmbH","url":"https:\/\/www.eve-rotary.com\/de\/","logo":{"@type":"ImageObject","inLanguage":"en-US","@id":"https:\/\/www.eve-rotary.com\/de\/#\/schema\/logo\/image\/","url":"https:\/\/www.eve-rotary.com\/wp-content\/uploads\/2019\/08\/eve-rotary-logo.png","contentUrl":"https:\/\/www.eve-rotary.com\/wp-content\/uploads\/2019\/08\/eve-rotary-logo.png","width":285,"height":166,"caption":"EVE Ernst Vetter GmbH"},"image":{"@id":"https:\/\/www.eve-rotary.com\/de\/#\/schema\/logo\/image\/"},"sameAs":["https:\/\/de-de.facebook.com\/EVErotary\/","https:\/\/www.instagram.com\/eve_rotary\/","https:\/\/www.youtube.com\/channel\/UCxVbeAk5H2U6YrPME5KC_gg"]}]}},"_links":{"self":[{"href":"https:\/\/www.eve-rotary.com\/en\/wp-json\/wp\/v2\/pages\/11526","targetHints":{"allow":["GET"]}}],"collection":[{"href":"https:\/\/www.eve-rotary.com\/en\/wp-json\/wp\/v2\/pages"}],"about":[{"href":"https:\/\/www.eve-rotary.com\/en\/wp-json\/wp\/v2\/types\/page"}],"author":[{"embeddable":true,"href":"https:\/\/www.eve-rotary.com\/en\/wp-json\/wp\/v2\/users\/1"}],"replies":[{"embeddable":true,"href":"https:\/\/www.eve-rotary.com\/en\/wp-json\/wp\/v2\/comments?post=11526"}],"version-history":[{"count":0,"href":"https:\/\/www.eve-rotary.com\/en\/wp-json\/wp\/v2\/pages\/11526\/revisions"}],"up":[{"embeddable":true,"href":"https:\/\/www.eve-rotary.com\/en\/wp-json\/wp\/v2\/pages\/11395"}],"wp:attachment":[{"href":"https:\/\/www.eve-rotary.com\/en\/wp-json\/wp\/v2\/media?parent=11526"}],"curies":[{"name":"wp","href":"https:\/\/api.w.org\/{rel}","templated":true}]}}